{"id":12614,"date":"2009-11-10T23:32:22","date_gmt":"2009-11-10T23:32:22","guid":{"rendered":"http:\/\/amigosdelantiguoegipto.com\/kara-cooney\/"},"modified":"2014-07-04T07:00:54","modified_gmt":"2014-07-04T07:00:54","slug":"kara-cooney","status":"publish","type":"page","link":"http:\/\/amigosdelantiguoegipto.com\/?page_id=12614","title":{"rendered":"Kara Cooney"},"content":{"rendered":"<p style=\"text-align: justify;\"><a href=\"http:\/\/amigosdelantiguoegipto.com\/?p=12624\">Entrevistas a egipt\u00f3logos<\/a><\/p>\n<p style=\"text-align: right;\">Nacho Ares &#8211; <span class=\"createdate\">Marzo de 2009<\/span><\/p>\n<p style=\"text-align: justify;\"><strong>Asistente a la c\u00e1tedra de egiptolog\u00eda de la Universidad de California, Los Angeles (UCLA)<\/strong><br \/>\nEntrevista realizada el lunes 9 de marzo de 2009<\/p>\n<div id=\"attachment_23\" style=\"width: 410px\" class=\"wp-caption aligncenter\"><img aria-describedby=\"caption-attachment-23\" decoding=\"async\" loading=\"lazy\" class=\"wp-image-23 size-full\" title=\"Kara Cooney\" src=\"http:\/\/amigosdelantiguoegipto.com\/wp-content\/uploads\/varios\/entrevistas\/2009\/11\/kara-cooney-01.jpg\" alt=\"Kara Cooney\" width=\"400\" height=\"512\" \/><p id=\"caption-attachment-23\" class=\"wp-caption-text\">Kara Cooney<\/p><\/div>\n<p style=\"text-align: justify;\">Kara Cooney, la popular egipt\u00f3loga de la UCLA y de Discovery Channel, nos habla de los \u00faltimos secretos descubiertos en el pa\u00eds de los faraones y de su trabajo en torno a la figura de la reina Hatshepsut.<br \/>\nHace unos meses las autoridades egipcias hicieron correr el rumor del descubrimiento en el Valle de los Reyes de Luxor de tres nuevas tumbas. El Consejo Superior para las Antig\u00fcedades de Egipto, liderado por el Dr. Zahi Hawass se ha apresurado a retomar las excavaciones en algunas zonas del valle hasta ahora totalmente v\u00edrgenes. Aunque nunca se supo nada m\u00e1s de esas tres tumbas, todos se\u00f1alaban a que una de ellas podr\u00eda ser la del fara\u00f3n Rams\u00e9s VIII.<\/p>\n<p style=\"text-align: justify;\"><strong>Los \u00faltimos ram\u00e9sidas<\/strong><br \/>\nLos rumores de los \u00faltimos descubrimientos realizados en el valle se\u00f1alan a la Dra. Kara Cooney como la persona id\u00f3nea para comentar los hallazgos. Ella es experta en la vida cotidiana del antiguo Egipto y en especial en los ritos funerarios de \u00e9poca ram\u00e9sida. \u201cEs magn\u00edfico que se est\u00e9 trabajando tan a fondo en el Valle de los Reyes \u2013se\u00f1ala a M\u00e1s All\u00e1\u2013. Cualquier tumba por peque\u00f1a que sea puede aportar mucha informaci\u00f3n. Que est\u00e9n intactas o no, es diferente. La KV63 descubierta en 2005 lo estaba aunque la informaci\u00f3n que ha aportado curiosamente es poco clara. En cualquier caso, de encontrarse la tumba de Rams\u00e9s VIII, en primer lugar no creo que fuera finalizada, debido al poco tiempo que rein\u00f3 este fara\u00f3n y, lo m\u00e1s importante, seguramente ya haya sido saqueada en la Antig\u00fcedad. No olvidemos que Rams\u00e9s VIII vivi\u00f3 en un per\u00edodo hist\u00f3rico muy complicado en donde los saqueos de tumbas tal y como nos comentan los textos de la \u00e9poca, fueron muy comunes\u201d.<\/p>\n<p class=\"img\"><img decoding=\"async\" loading=\"lazy\" class=\" size-full wp-image-24 aligncenter\" title=\"Kara Cooney\" src=\"http:\/\/amigosdelantiguoegipto.com\/wp-content\/uploads\/varios\/entrevistas\/2009\/11\/kara-cooney-02.jpg\" alt=\"Kara Cooney\" width=\"400\" height=\"450\" \/><\/p>\n<p style=\"text-align: justify;\"><strong>Arqueolog\u00eda televisiva<\/strong><br \/>\nEl \u00faltimo gran descubrimiento relacionado con el Valle de los Reyes es la identificaci\u00f3n de una momia hallada en una de sus sepulturas con la reina Hatshepsut. La noticia se dio a conocer a todo el mundo en 2008 por medio de un sensacionalista documental televisivo de Discovery Channel. En aquel programa, la parcela egiptol\u00f3gica era presentada por la Dra. Kara Cooney. Y al igual que otros colegas ella es prudente con la identificaci\u00f3n de Hatshepsut. \u201cHe de reconocer que no tengo nada que ver con esa identificaci\u00f3n. Realmente, nunca llegu\u00e9 a ver las momias. Yo solo puedo hablar de la cultura material que es mi especialidad pero no de momias. Creo que es mucho m\u00e1s interesante la propia figura de la reina Hatshepsut. Me interesa m\u00e1s el conocer c\u00f3mo la figura de una mujer pudo lograr tanto poder en un mundo totalmente masculino. Fue la \u00fanica mujer de la Antig\u00fcedad en subir a un trono en tiempos de paz.\u201d<\/p>\n<p style=\"text-align: justify;\"><strong>Egipto machista<\/strong><br \/>\nA pesar de la idea tradicional que podemos leer en muchos libros de que Egipto contaba con una sociedad igualitaria en donde la mujer desempe\u00f1aba el mismo papel que el hombre, realmente era igual de machista que otras. \u201cEs muy f\u00e1cil decir, a la vista de los relieves de Hatshepsut, que fue una mujer poderosa. Sin embargo, los inconvenientes que tuvo que padecer especialmente por las ideas religiosas de la \u00e9poca, fueron notorios. Prueba de ello es que para llegar a gobernar tuvo que cambiar de g\u00e9nero y vestir como un rey\u201d.<\/p>\n","protected":false},"excerpt":{"rendered":"<p>Entrevistas a egipt\u00f3logos Nacho Ares &#8211; Marzo de 2009 Asistente a la c\u00e1tedra de egiptolog\u00eda de la Universidad de California, Los Angeles (UCLA) Entrevista realizada el lunes 9 de marzo de 2009 Kara Cooney, la popular egipt\u00f3loga de la UCLA y de Discovery Channel, nos habla de los \u00faltimos secretos descubiertos en el pa\u00eds de los faraones y de su&#8230;<\/p>\n<p class=\"continue-reading-button\"> <a class=\"continue-reading-link\" href=\"http:\/\/amigosdelantiguoegipto.com\/?page_id=12614\">Seguir leyendo<i class=\"crycon-right-dir\"><\/i><\/a><\/p>\n","protected":false},"author":1,"featured_media":0,"parent":0,"menu_order":5,"comment_status":"closed","ping_status":"closed","template":"","meta":{"ngg_post_thumbnail":0},"_links":{"self":[{"href":"http:\/\/amigosdelantiguoegipto.com\/index.php?rest_route=\/wp\/v2\/pages\/12614"}],"collection":[{"href":"http:\/\/amigosdelantiguoegipto.com\/index.php?rest_route=\/wp\/v2\/pages"}],"about":[{"href":"http:\/\/amigosdelantiguoegipto.com\/index.php?rest_route=\/wp\/v2\/types\/page"}],"author":[{"embeddable":true,"href":"http:\/\/amigosdelantiguoegipto.com\/index.php?rest_route=\/wp\/v2\/users\/1"}],"replies":[{"embeddable":true,"href":"http:\/\/amigosdelantiguoegipto.com\/index.php?rest_route=%2Fwp%2Fv2%2Fcomments&post=12614"}],"version-history":[{"count":0,"href":"http:\/\/amigosdelantiguoegipto.com\/index.php?rest_route=\/wp\/v2\/pages\/12614\/revisions"}],"wp:attachment":[{"href":"http:\/\/amigosdelantiguoegipto.com\/index.php?rest_route=%2Fwp%2Fv2%2Fmedia&parent=12614"}],"curies":[{"name":"wp","href":"https:\/\/api.w.org\/{rel}","templated":true}]}}