{"id":12607,"date":"2005-05-27T01:00:00","date_gmt":"2005-05-27T01:00:00","guid":{"rendered":"http:\/\/amigosdelantiguoegipto.com\/maria-del-carmen-perez-die\/"},"modified":"2014-07-04T08:18:19","modified_gmt":"2014-07-04T08:18:19","slug":"maria-del-carmen-perez-die","status":"publish","type":"page","link":"http:\/\/amigosdelantiguoegipto.com\/?page_id=12607","title":{"rendered":"Mar\u00eda del Carmen P\u00e9rez D\u00ede"},"content":{"rendered":"<p style=\"text-align: justify;\"><a href=\"http:\/\/amigosdelantiguoegipto.com\/?p=12624\">Entrevistas a egipt\u00f3logos<\/a><\/p>\n<p style=\"text-align: right;\">Elisa Castel &#8211; Mayo de <span class=\"createdate\">de 2005<\/span><\/p>\n<p style=\"text-align: justify;\">En el mundo de la egiptolog\u00eda espa\u00f1ola M\u00aa del Carmen P\u00e9rez D\u00ede es sobradamente conocida y, a priori, cualquier presentaci\u00f3n pudiera quedarse corta. Comenz\u00f3 su carrera cuando en Espa\u00f1a apenas hab\u00eda inter\u00e9s y medios para impulsar esta disciplina, luchando con esfuerzo, con constancia y logrando hacerse un merecido hueco en la egiptolog\u00eda internacional. Sin embargo, para los ne\u00f3fitos en el desarrollo de esta materia, parece imprescindible hacer un poco de historia a modo de introducci\u00f3n.<\/p>\n<dl id=\"attachment_112\" class=\"wp-caption aligncenter\" style=\"width: 410px;\">\n<dt class=\"wp-caption-dt\"><img decoding=\"async\" loading=\"lazy\" class=\"wp-image-112 size-full\" title=\"Mar\u00eda del Carmen P\u00e9rez D\u00ede\" src=\"http:\/\/amigosdelantiguoegipto.com\/wp-content\/uploads\/varios\/entrevistas\/2005\/05\/mpd01.jpg\" alt=\"Mar\u00eda del Carmen P\u00e9rez D\u00ede\" width=\"400\" height=\"349\" align=\"middle\" border=\"0\" hspace=\"6\" \/><\/dt>\n<dd class=\"wp-caption-dd\"><\/dd>\n<\/dl>\n<p style=\"text-align: justify;\">Entre su muy nutrido curr\u00edculo, cabe destacar su puesto como Conservadora Jefe del Departamento de Antig\u00fcedades Egipcias y del Pr\u00f3ximo Oriente del Museo Arqueol\u00f3gico Nacional en dos etapas de su vida: desde 1980 a 1991 y desde 1997 hasta la actualidad. Durante este periodo de tiempo su trabajo como Conservadora Jefe s\u00f3lo se vio interrumpido cuando fue nombrada Directora del Museo por espacio de seis a\u00f1os.<\/p>\n<p style=\"text-align: justify;\">Como no pod\u00eda ser de otro modo y despu\u00e9s de especializarse en egiptolog\u00eda en El Cairo y Par\u00eds, en el a\u00f1o 1990 realiz\u00f3 el doctorado obteniendo la calificaci\u00f3n de Premio Extraordinario; el tema escogido fue \u201cHeracle\u00f3polis Magna durante el Tercer Per\u00edodo Intermedio\u201d, yacimiento que dirige desde 1984 y de forma ininterrumpida hasta la actualidad, siendo \u00e9sta la primera excavaci\u00f3n arqueol\u00f3gica que Egipto concedi\u00f3 a Espa\u00f1a y cuya financiaci\u00f3n corre a cargo los Ministerios de Cultura y Asuntos Exteriores.<\/p>\n<p style=\"text-align: justify;\">Este importante enclave arqueol\u00f3gico es especialmente vital para el conocimiento de dos \u00e9pocas concretas de la historia del pa\u00eds: el Primer per\u00edodo Intermedio \u2013cuando fue capital- y el Tercero cuando se erigi\u00f3 como lugar de origen de la dinast\u00eda XXII. La informaci\u00f3n de dichos periodos, escasos en documentaci\u00f3n, est\u00e1 enriqueci\u00e9ndose en cada campa\u00f1a arqueol\u00f3gica, obteniendo resultados realmente valiosos.<\/p>\n<p style=\"text-align: justify;\">La antigua <em>Nen Nesw<\/em> del Egipto fara\u00f3nico, m\u00e1s conocida por el nombre grecorromano de Heracle\u00f3polis Magna es el lugar que hoy conocemos como Ihnasya el Medina, una localidad situada en El-Fayum pr\u00f3xima al lago que all\u00ed se encuentra y lugar de culto del carnero Herishef. All\u00ed excavaron Naville (1881-1882) y Petrie (1903) y desde 1966 pas\u00f3 a manos espa\u00f1olas, primero bajo la direcci\u00f3n de Mart\u00edn Almagro Basch (1966-68 y 1976-1979) asistido por el director de campo Jes\u00fas L\u00f3pez (1966 y 1968) al que suceder\u00eda Francisco Presedo Velo (1969-1979) y puntualmente (1977) Fernando Fern\u00e1ndez. Tras seis a\u00f1os de inactividad, a partir de 1984, Espa\u00f1a vuelve a Heracle\u00f3polis pero esta vez el equipo estar\u00e1 bajo la direcci\u00f3n de Mar\u00eda del Carmen P\u00e9rez D\u00ede.<\/p>\n<p style=\"text-align: justify;\">Adem\u00e1s, entre sus m\u00faltiples actividades, la Dra. P\u00e9rez D\u00ede es la Directora y responsable en Espa\u00f1a del proyecto &#8220;Champollion\u201d, un ambicioso e interesante programa de investigaci\u00f3n que, amparado por el Museo Arqueol\u00f3gico Nacional y el Ministerio de Cultura, pretende reunir en formato CD los fondos de los principales museos europeos y cuya financiaci\u00f3n y patrocinio corre a cargo de la Comunidad Econ\u00f3mica Europea. El mencionado CD conjuga amplia documentaci\u00f3n para el estudioso a la vez que re\u00fane excelentes fotograf\u00edas de las piezas \u2013muchas de ellas en diferentes tomas- e informaci\u00f3n general para todas aquellas personas interesadas en el antiguo Egipto.<\/p>\n<h3 style=\"text-align: justify;\">Personal \/ Profesional<\/h3>\n<p style=\"text-align: justify;\"><strong>\u00bfCu\u00e1ndo naci\u00f3 su inter\u00e9s por Egipto?<\/strong><\/p>\n<p style=\"text-align: justify;\">Desde que era peque\u00f1a. Mis padres me llevaban a visitar el Museo Arqueol\u00f3gico. Entonces decid\u00ed que lo que m\u00e1s me gustaba era Egipto. Hice la carrera de Historia Antigua en la Universidad Complutense y desde el tercer curso empec\u00e9 a venir al Museo a colaborar con el Departamento de Egipto. Me ayud\u00f3 mucho mi madre, que era profesora de historia Antigua de la Universidad Aut\u00f3noma de Madrid. En casa ten\u00edamos una biblioteca muy buena. Tambi\u00e9n el Profesor Almagro, director del Museo en esos a\u00f1os, me anim\u00f3 a estudiar y a seguir adelante.<\/p>\n<p style=\"text-align: justify;\"><strong> Nacida en un pa\u00eds donde no exist\u00eda la especializaci\u00f3n en el antiguo Egipto y en unos a\u00f1os en que la mujer no ten\u00eda tanta facilidad para acceder al mundo universitario y\/o viajar a cursar sus estudios fuera de nuestras fronteras \u00bfc\u00f3mo vivi\u00f3 la experiencia y cu\u00e1les fueron sus mayores dificultades?<\/strong><\/p>\n<p style=\"text-align: justify;\">Cuando dije que quer\u00eda ser egipt\u00f3loga m\u00e1s de uno se ech\u00f3 las manos a la cabeza; yo siempre contestaba: Prefiero \u201cestar en el paro\u201d como egipt\u00f3loga. Pero no me puedo quejar, siempre tuve el apoyo y la ayuda de mi familia. Mi estancia en Egipto y en Par\u00eds como becaria, rodeada de libros, de objetos, de monumentos, fue una de las etapas m\u00e1s felices de mi vida. De las dificultades, si las hubo, no me acuerdo.Mar\u00eda del Carmen P\u00e9rez D\u00ede<\/p>\n<p style=\"text-align: justify;\"><strong> Puede decirse que Vd., ha sido una referencia a seguir por toda una generaci\u00f3n de j\u00f3venes estudiantes que han centrado su inter\u00e9s en el antiguo Egipto y que hoy son excelentes profesionales \u00bfse siente responsable de ello?<\/strong><\/p>\n<p style=\"text-align: justify;\">En parte s\u00ed, aunque el m\u00e9rito es suyo. Conozco a todos. Hemos compartido experiencias, trabajos, he le\u00eddo sus libros, he formado parte de tribunales de sus Tesinas y Tesis doctorales. Estoy muy contenta y muy orgullosa de esta nueva generaci\u00f3n.<\/p>\n<p style=\"text-align: justify;\"><strong>\u00bfEs usted optimista ante la visi\u00f3n del panorama egiptol\u00f3gico espa\u00f1ol?<\/strong><\/p>\n<p style=\"text-align: justify;\">Desde el punto de vista cient\u00edfico soy muy optimista. Creo que en muy pocos a\u00f1os el nivel de la egiptolog\u00eda espa\u00f1ola puede compararse con el de cualquier otro pa\u00eds con m\u00e1s tradici\u00f3n. Me preocupa mucho que no haya suficientes puestos de trabajo para todas estas personas que se han formado a fondo.<\/p>\n<p style=\"text-align: justify;\"><strong> Perm\u00edtame una curiosidad. Trabaja como Conservadora Jefe, es comisario de un buen n\u00famero de exposiciones, excava en Heracle\u00f3polis, encabeza el Proyecto Champollion en Espa\u00f1a, imparte conferencias y, adem\u00e1s, tiene vida privada \u00bfC\u00f3mo puede compatibilizar tantas actividades?<\/strong><\/p>\n<p style=\"text-align: justify;\">Soy muy constante y estoy muy organizada. Trabajo de lunes a viernes desde las 9 de la ma\u00f1ana hasta las 8 de la tarde (con una pausa para la comida y 20 minutos de siesta si estoy en casa). A las 8 de la tarde paro, me voy a dar una vuelta para desentumecerme y luego ceno con la familia. Suelo o\u00edr m\u00fasica o escuchar la radio, pues me descansa la vista despu\u00e9s de muchas horas delante del ordenador. La tele poca, los informativos, alg\u00fan programa concreto. Los fines de semana tambi\u00e9n dedico algunas horas a la egiptolog\u00eda, adem\u00e1s de hacer la compra, ir al cine o salir a cenar. Los domingos, si no llueve, me gusta salir fuera de Madrid a pasar el d\u00eda, pues me relaja mucho.<\/p>\n<p style=\"text-align: justify;\"><strong>\u00bfQu\u00e9 proyectos tiene para el futuro?<\/strong><\/p>\n<p style=\"text-align: justify;\">A corto plazo terminar la redacci\u00f3n de un volumen de las Excavaciones en Ehnasya, preparar una Exposici\u00f3n de la que soy Co-comisaria sobre el Pr\u00f3ximo Oriente Antiguo que tendr\u00e1 lugar en abril de 2006, con motivo de la celebraci\u00f3n del Congreso Internacional sobre Antiguo Oriente y redactar el Plan Museol\u00f3gico del Departamento. A medio y a largo plazo, continuar mis excavaciones en Ehnasya y publicar objetos del Museo, cuyo estudio est\u00e1 muy avanzado.<\/p>\n<p style=\"text-align: justify;\"><strong> Adem\u00e1s de la egiptolog\u00eda \u00bfcu\u00e1l es su pasi\u00f3n y\/o su afici\u00f3n desconocida?<\/strong><\/p>\n<p style=\"text-align: justify;\">Me apasionan los temas relacionados con el tiempo y el espacio (historia, astronom\u00eda) Me gusta mucho la pintura (voy a todas las exposiciones). Me impresiona mucho el desierto y el mar. En plan m\u00e1s fr\u00edvolo, confieso que necesito pasar quince d\u00edas al a\u00f1o de vacaciones junto al mar, con la familia, tomando \u201cpesca\u00edto\u201d y sin ordenador. Me encanta bailar.<\/p>\n<p style=\"text-align: justify;\"><strong>\u00bfQu\u00e9 recomendaciones, aparte de las propias del estudio, le har\u00eda a quien tuviese intenci\u00f3n de dedicar su vida profesional a la egiptololg\u00eda?<\/strong><\/p>\n<p style=\"text-align: justify;\">Que no se desespere si no encuentra trabajo. Que la egiptolog\u00eda, siempre que se haga desde la ciencia, tiene muchas posibilidades.<\/p>\n<h3 style=\"text-align: justify;\">Heracle\u00f3polis Magna<\/h3>\n<p style=\"text-align: justify;\"><strong>\u00bfC\u00f3mo logr\u00f3 Espa\u00f1a la concesi\u00f3n de un yacimiento tan importante como Heracle\u00f3polis Magna?<\/strong><\/p>\n<p style=\"text-align: justify;\">Tras la campa\u00f1a de Nubia patrocinada por la UNESCO, el Gobierno egipcio ofreci\u00f3 a los pa\u00edses participantes la excavaci\u00f3n de un yacimiento para agradecer la labor efectuada, adem\u00e1s de permitir un \u201creparto de piezas\u201d halladas en las excavaciones. Espa\u00f1a eligi\u00f3 Heracle\u00f3polis Magna y en la actualidad algunos objetos encontrados aqu\u00ed (hasta el a\u00f1o 1980) se conservan en el Museo Arqueol\u00f3gico Nacional de Madrid.<\/p>\n<p style=\"text-align: justify;\"><strong>\u00bfQu\u00e9 raz\u00f3n llev\u00f3 al Profesor Almagro a escoger precisamente este lugar? \u00bfFue Almagro o Jes\u00fas L\u00f3pez el responsable de la elecci\u00f3n de este emplazamiento?<\/strong><\/p>\n<p style=\"text-align: justify;\">Creo que fue una decisi\u00f3n conjunta. Seg\u00fan me han contado (yo estaba en el colegio en esa \u00e9poca) fue el Sr. Blanco quien sugiri\u00f3 este lugar que hasta entonces hab\u00eda sido olvidados por otros equipos.<\/p>\n<p style=\"text-align: justify;\"><strong>\u00bfC\u00f3mo obtuvo la direcci\u00f3n del yacimiento?<\/strong><\/p>\n<p style=\"text-align: justify;\">En 1984, siendo ya conservadora del Museo, se recibi\u00f3 un correo de la Embajada de Espa\u00f1a en Egipto comunicando que desde hac\u00eda 5 a\u00f1os los espa\u00f1oles no hab\u00edan vuelto por all\u00ed y que si no d\u00e1bamos respuesta perder\u00edamos la concesi\u00f3n. Inmediatamente nos pusimos en contacto con las autoridades egipcias inform\u00e1ndoles de que el trabajo continuaba. En esos momentos, y tras un viaje a Egipto, el Ministerio de Cultura me confi\u00f3 la Direcci\u00f3n de la excavaci\u00f3n.<\/p>\n<p class=\"img\"><img decoding=\"async\" loading=\"lazy\" class=\" size-full wp-image-113 aligncenter\" title=\"Mar\u00eda del Carmen P\u00e9rez D\u00ede\" src=\"http:\/\/amigosdelantiguoegipto.com\/wp-content\/uploads\/varios\/entrevistas\/2005\/05\/mpd02.jpg\" alt=\"Mar\u00eda del Carmen P\u00e9rez D\u00ede\" width=\"400\" height=\"317\" align=\"middle\" border=\"0\" hspace=\"6\" \/><\/p>\n<p style=\"text-align: justify;\"><strong> Despu\u00e9s de tantas campa\u00f1as \u00bfsigue siendo Heracle\u00f3polis un yacimiento con algo que aportar?<\/strong><\/p>\n<p style=\"text-align: justify;\">Heracle\u00f3polis tiene todav\u00eda mucho que decir. Hay que tener en cuenta que el yacimiento es uno de los m\u00e1s extensos de Egipto y una de las ciudades que m\u00e1s peso tuvo en la historia del pa\u00eds desde sus or\u00edgenes. Las dos necr\u00f3polis excavadas por nosotros pueden proporcionar nuevas tumbas, hemos continuado este a\u00f1o los trabajos en el templo de Herishef, y esto es solo una peque\u00f1a parte del yacimiento.<\/p>\n<p style=\"text-align: justify;\"><strong> Entre los hallazgos habidos en Heracle\u00f3polis Magna por la Misi\u00f3n espa\u00f1ola \u00bfCu\u00e1l es el preferido de Vd?<\/strong><\/p>\n<p style=\"text-align: justify;\">Todos y cada uno de ellos fueron celebrados como se merec\u00edan, desde los m\u00e1s espectaculares hasta los m\u00e1s peque\u00f1os, en ocasiones m\u00e1s reveladores. Uno de los momentos m\u00e1s satisfactorios fue cuando, ante una estratigraf\u00eda de 5 metros de potencia, entend\u00ed la historia de la ciudad, al menos en esa zona. Todas las piezas del \u201cpuzzle\u201d encajaron y aparecieron ante m\u00ed m\u00e1s de 1500 a\u00f1os de historia. El descubrimiento de las pinturas de la tumba de Hotep-uadyet es otro momento dif\u00edcil de olvidar. Quiero recordar aqu\u00ed a todo el equipo que ha intervenido en la excavaci\u00f3n y que ha hecho posible estos resultados.<\/p>\n<p style=\"text-align: justify;\"><strong>\u00bfConsidera que su labor y su excavaci\u00f3n es conocida y reconocida en Espa\u00f1a?<\/strong><\/p>\n<p style=\"text-align: justify;\">Entre los especialistas creo que s\u00ed; entre el p\u00fablico y la gente de la calle pienso que no.<\/p>\n<p style=\"text-align: justify;\"><strong>\u00bfQu\u00e9 sector del yacimiento considera m\u00e1s interesante el de Primer Periodo Intermedio o el del Tercer Periodo Intermedio? \u00bfPor qu\u00e9?<\/strong><\/p>\n<p style=\"text-align: justify;\">En teor\u00eda es m\u00e1s importante la necr\u00f3polis del Primer Periodo Intermedio, ya que en esos momentos Heracle\u00f3polis era la capital de Egipto. En cualquier caso, las dos necr\u00f3polis est\u00e1n aportando nuevos datos que nos permiten escribir cap\u00edtulos desconocidos de la historia de Egipto.<\/p>\n<h3 style=\"text-align: justify;\">Museo<\/h3>\n<p style=\"text-align: justify;\"><strong>\u00bfPodr\u00eda resumir un d\u00eda de trabajo en el Museo?<\/strong><\/p>\n<p style=\"text-align: justify;\">Hago de todo: atiendo a investigadores, contesto correos, estudio y muevo las piezas, realizo informes, voy a reuniones, limpio vitrinas, escribo art\u00edculos, reviso las bases de datos (Domus y Champollion) y me peleo con la inform\u00e1tica, preparo exposiciones y sus cat\u00e1logos. Procuro sacar tiempo para ir a la biblioteca y leer las novedades que han llegado, etc.<\/p>\n<p style=\"text-align: justify;\"><strong>\u00bfPodr\u00eda resumirnos cu\u00e1les son los or\u00edgenes de la colecci\u00f3n de antig\u00fcedades egipcias del Museo Arqueol\u00f3gico Nacional?<\/strong><\/p>\n<p style=\"text-align: justify;\">El a\u00f1o mismo de la creaci\u00f3n del Museo, 1867, entraron a formar parte del n\u00facleo inicial de la colecci\u00f3n algunos objetos egipcios conservados hasta entonces en la Biblioteca Nacional y en el Gabinete de Historia Natural. La colecci\u00f3n se ha ido incrementando con el tiempo mediante ventas y donaciones y gracias a los repartos de las excavaciones de Nubia y de Heracle\u00f3polis Magna.<\/p>\n<p style=\"text-align: justify;\"><strong>\u00bfSe incrementan los fondos de la colecci\u00f3n mediante la adquisici\u00f3n de nuevas piezas?<\/strong><\/p>\n<p style=\"text-align: justify;\">S\u00ed, aunque muy poco a poco. El Museo no puede adquirir piezas directamente, y todas las compras deben ser hechas por el Ministerio. Tenemos que compartir el presupuesto con otros museos y hay mucha oferta. No obstante, la colecci\u00f3n sigue creciendo.<\/p>\n<p class=\"img\"><img decoding=\"async\" loading=\"lazy\" class=\" size-full wp-image-114 aligncenter\" title=\"Mar\u00eda del Carmen P\u00e9rez D\u00ede\" src=\"http:\/\/amigosdelantiguoegipto.com\/wp-content\/uploads\/varios\/entrevistas\/2005\/05\/mpd03.jpg\" alt=\"Mar\u00eda del Carmen P\u00e9rez D\u00ede\" width=\"400\" height=\"263\" align=\"middle\" border=\"0\" hspace=\"6\" \/><\/p>\n<p style=\"text-align: justify;\"><strong>\u00bfExiste la posibilidad de que algunas de las piezas m\u00e1s interesantes, hoy guardadas en los fondos del Museo, sean expuestas en la sala en un futuro pr\u00f3ximo?<\/strong><\/p>\n<p style=\"text-align: justify;\">Casi todas las piezas m\u00e1s importantes est\u00e1n expuestas en la sala. En los almacenes se conservan objetos que podr\u00edan interesar a especialistas, pero que tampoco aportan mucho al p\u00fablico en general. No obstante, le informo de que a finales de 2006 empezamos una obra en el Museo que va a suponer una reestructuraci\u00f3n total de todas las salas de Exposici\u00f3n. Estamos elaborando ahora el nuevo plan museol\u00f3gico y espero poder presentar la colecci\u00f3n egipcia de una forma m\u00e1s din\u00e1mica y de acuerdo con las nuevas t\u00e9cnicas museogr\u00e1ficas.<\/p>\n<p style=\"text-align: justify;\"><strong> Dada la importancia y el n\u00famero de los objetos procedentes de Heracle\u00f3polis Magna \u00bfha contemplado la idea de reunir las piezas en una \u00fanica sala que permita un conocimiento mayor y m\u00e1s detallado del yacimiento?<\/strong><\/p>\n<p style=\"text-align: justify;\">Estamos muy condicionados por el espacio de que disponemos. No s\u00e9 cuantos metros m\u00e1s me van a dar en la nueva obra y todo depende de eso. No obstante, voy a tratar de hacer una exposici\u00f3n temporal con los hallazgos realizados por espa\u00f1oles en Heracle\u00f3polis, pero es un proyecto a medio plazo.<\/p>\n<p style=\"text-align: justify;\"><strong>\u00bfQu\u00e9 pieza es su preferida y por qu\u00e9?<\/strong><\/p>\n<p style=\"text-align: justify;\">No tengo ninguna. Todas proporcionan informaci\u00f3n. Cada una de ellas cobra una nueva dimensi\u00f3n cuando la estudias detenidamente.<\/p>\n<h3 style=\"text-align: justify;\">Proyecto Champollion<\/h3>\n<p style=\"text-align: justify;\"><strong>\u00bfC\u00f3mo naci\u00f3 la idea del Proyecto Champollion y qu\u00e9 Museos Europeos est\u00e1n implicados?<\/strong><\/p>\n<p style=\"text-align: justify;\">Hace ya algunos a\u00f1os; se plante\u00f3 como un proyecto de la Uni\u00f3n Europea, dentro del programa INFO 2000. Se trataba de dar a conocer 1.500 piezas de las colecciones egipcias de algunos Museos europeos a trav\u00e9s de CD-ROMS interactivos en 7 idiomas diferentes. Los Museos participantes son: Museo de Liverpool, Museo de Dubl\u00edn, Museo de Lille, Museo de Florencia, Museo de Hildesheim, Museo de Viena, Museo de Lisboa, Museo de Bruselas, Museo de \u00c1msterdam y Museo de Madrid. La parte t\u00e9cnica del proyecto se realiz\u00f3 en Holanda, a trav\u00e9s del Center for Computer-Aided of Egyptology.<\/p>\n<p style=\"text-align: justify;\"><strong> Despu\u00e9s del par\u00e9ntesis producido desde la aparici\u00f3n en el mercado del \u00faltimo CD del Proyecto y como representante espa\u00f1ola del mismo \u00bfpuede decirnos para cu\u00e1ndo est\u00e1 previsto el volumen dedicado al Museo Arqueol\u00f3gico Nacional?<\/strong><\/p>\n<p style=\"text-align: justify;\">Creo que a principios de oto\u00f1o estar\u00e1 disponible el CD ROM del Museo Arqueol\u00f3gico Nacional.<\/p>\n<p style=\"text-align: justify;\"><strong>\u00bfEl citado CD recoger\u00e1 s\u00f3lo las piezas expuestas en la sala de antig\u00fcedades egipcias del Museo Arqueol\u00f3gico Nacional o tambi\u00e9n se incluir\u00e1n objetos in\u00e9ditos?<\/strong><\/p>\n<p style=\"text-align: justify;\">En total se incluyen 1517 objetos de la colecci\u00f3n pues se han incluido las piezas compradas recientemente. Muchas est\u00e1n expuestas, otras guardadas y son in\u00e9ditas o pueden estar publicadas. En el CD-ROM no se hace un estudio cient\u00edfico exhaustivo de cada objeto; se dan los datos principales, las fotos y la posibilidad de que se realicen consultas concretas sobre determinados fondos. El CD del Museo se publicar\u00e1 en espa\u00f1ol y en ingl\u00e9s, pues resultaba muy costoso hacerlo en siete idiomas diferentes.<\/p>\n<p style=\"text-align: justify;\"><strong>\u00bfD\u00f3nde podr\u00e1 adquirirse?<\/strong><\/p>\n<p style=\"text-align: justify;\">Informaremos a trav\u00e9s de la p\u00e1gina web del Museo d\u00f3nde y a partir de cu\u00e1ndo puede adquirirse.<\/p>\n<h3 style=\"text-align: justify;\">Internet<\/h3>\n<p style=\"text-align: justify;\"><strong>Desde hace a\u00f1os, y con la aparici\u00f3n de Internet, prolifera la informaci\u00f3n relacionada con el antiguo Egipto, sin embargo, entre las p\u00e1ginas web que ofrecen este tipo de investigaci\u00f3n impera un buen n\u00famero de ellas m\u00e1s perjudiciales que formativas \u00bfQu\u00e9 piensa al respecto? \u00bfC\u00f3mo puede el lector \u201cpurgar\u201d entre tanta oferta?<\/strong><\/p>\n<p style=\"text-align: justify;\">No lo s\u00e9, sinceramente. Yo entro en muy pocas, solamente las que conozco o las que me pueden aportar alguna informaci\u00f3n concreta.<\/p>\n<p style=\"text-align: justify;\"><strong>\u00bfConsidera que esta herramienta contribuye a la difusi\u00f3n de la egiptolog\u00eda?<\/strong><\/p>\n<p style=\"text-align: justify;\">A veces a la difusi\u00f3n, otras a la confusi\u00f3n.<\/p>\n<h3 style=\"text-align: justify;\">Egiptoman\u00eda<\/h3>\n<p style=\"text-align: justify;\"><strong>Entre las pel\u00edculas ambientadas en el antiguo Egipto \u00bfCu\u00e1l es su preferida?<\/strong><\/p>\n<p style=\"text-align: justify;\">\u201cFara\u00f3n\u201d<span class=\"nota\">[1]<\/span>.<\/p>\n<p style=\"text-align: justify;\"><strong>\u00bfEs lectora de novelas ambientadas en el Egipto fara\u00f3nico? \u00bfcu\u00e1l es su novela de cabecera?<\/strong><\/p>\n<p style=\"text-align: justify;\">No. En primer lugar porque tendr\u00eda que leerlas en mi tiempo libre y prefiero dedicarlo a leer otras cosas. Pero sobre todo porque yo tengo mi propia visi\u00f3n sobre Egipto y me gusta imaginar a los personajes de acuerdo con mis criterios.<\/p>\n<p style=\"text-align: justify;\"><strong>\u00bfQu\u00e9 personaje hist\u00f3rico le resulta m\u00e1s cercano o entra\u00f1able?<\/strong><\/p>\n<p style=\"text-align: justify;\">Quiz\u00e1 sea deformaci\u00f3n profesional, pero entre los egipcios el Rey heracleopolitano Jety cuando da los consejos a su hijo Merikare.<\/p>\n<p style=\"text-align: justify;\"><strong>Si quisiera huir del stress \u00bfen qu\u00e9 punto de Egipto habr\u00eda que buscarla?<\/strong><\/p>\n<p style=\"text-align: justify;\">Prefiero que no me busquen. As\u00ed podr\u00e9 relajarme del todo.<\/p>\n<hr \/>\n<p style=\"text-align: justify;\"><span class=\"notapie\">[1]<\/span> Pel\u00edcula polaca estrenada en el a\u00f1o 1966, ambientada a finales del Reino Nuevo. Dirigida por Jerzy Kawalerowicz, con gui\u00f3n de Jerzy Kawalerowicz y Tadeusz Konwicki. Est\u00e1 basada en la novela de Boleslav Prus -que lleva el mismo nombre- y cont\u00f3 con el asesoramiento del egipt\u00f3logo K. Michalowsky.<\/p>\n","protected":false},"excerpt":{"rendered":"<p>Entrevistas a egipt\u00f3logos Elisa Castel &#8211; Mayo de de 2005 En el mundo de la egiptolog\u00eda espa\u00f1ola M\u00aa del Carmen P\u00e9rez D\u00ede es sobradamente conocida y, a priori, cualquier presentaci\u00f3n pudiera quedarse corta. Comenz\u00f3 su carrera cuando en Espa\u00f1a apenas hab\u00eda inter\u00e9s y medios para impulsar esta disciplina, luchando con esfuerzo, con constancia y logrando hacerse un merecido hueco en&#8230;<\/p>\n<p class=\"continue-reading-button\"> <a class=\"continue-reading-link\" href=\"http:\/\/amigosdelantiguoegipto.com\/?page_id=12607\">Seguir leyendo<i class=\"crycon-right-dir\"><\/i><\/a><\/p>\n","protected":false},"author":1,"featured_media":0,"parent":0,"menu_order":30,"comment_status":"closed","ping_status":"closed","template":"","meta":{"ngg_post_thumbnail":0},"_links":{"self":[{"href":"http:\/\/amigosdelantiguoegipto.com\/index.php?rest_route=\/wp\/v2\/pages\/12607"}],"collection":[{"href":"http:\/\/amigosdelantiguoegipto.com\/index.php?rest_route=\/wp\/v2\/pages"}],"about":[{"href":"http:\/\/amigosdelantiguoegipto.com\/index.php?rest_route=\/wp\/v2\/types\/page"}],"author":[{"embeddable":true,"href":"http:\/\/amigosdelantiguoegipto.com\/index.php?rest_route=\/wp\/v2\/users\/1"}],"replies":[{"embeddable":true,"href":"http:\/\/amigosdelantiguoegipto.com\/index.php?rest_route=%2Fwp%2Fv2%2Fcomments&post=12607"}],"version-history":[{"count":0,"href":"http:\/\/amigosdelantiguoegipto.com\/index.php?rest_route=\/wp\/v2\/pages\/12607\/revisions"}],"wp:attachment":[{"href":"http:\/\/amigosdelantiguoegipto.com\/index.php?rest_route=%2Fwp%2Fv2%2Fmedia&parent=12607"}],"curies":[{"name":"wp","href":"https:\/\/api.w.org\/{rel}","templated":true}]}}