{"id":12606,"date":"2005-07-10T01:00:00","date_gmt":"2005-07-10T01:00:00","guid":{"rendered":"http:\/\/amigosdelantiguoegipto.com\/mark-lehner\/"},"modified":"2014-07-04T08:00:49","modified_gmt":"2014-07-04T08:00:49","slug":"mark-lehner","status":"publish","type":"page","link":"http:\/\/amigosdelantiguoegipto.com\/?page_id=12606","title":{"rendered":"Mark Lehner"},"content":{"rendered":"<p style=\"text-align: justify;\"><a href=\"http:\/\/amigosdelantiguoegipto.com\/?p=12624\">Entrevistas a egipt\u00f3logos<\/a><\/p>\n<p style=\"text-align: right;\">Nacho Ares &#8211; S<span class=\"createdate\">eptiembre de 2002<\/span><\/p>\n<p style=\"text-align: justify;\"><strong>Universidad de Chicago. American Research Center in Egypt. Director de la excavaci\u00f3n en el poblado de los constructores de Gizeh.<\/strong><br \/>\n<em>Entrevista realizada el 19 de septiembre de 2002, Madrid<\/em><\/p>\n<p style=\"text-align: justify;\">La entrevista fue realizada dos d\u00edas despu\u00e9s de la retransmisi\u00f3n en directo de la apertura de la llamada puerta de Gantenbrink descubierta en 1993 al final del canal sur de ventilaci\u00f3n de la C\u00e1mara de la Reina en la Gran Pir\u00e1mide.<\/p>\n<div id=\"attachment_106\" style=\"width: 371px\" class=\"wp-caption aligncenter\"><img aria-describedby=\"caption-attachment-106\" decoding=\"async\" loading=\"lazy\" class=\"wp-image-106 size-full\" title=\"Mark Lehner\" src=\"http:\/\/amigosdelantiguoegipto.com\/wp-content\/uploads\/varios\/entrevistas\/2005\/07\/lehner04.jpg\" alt=\"Mark Lehner\" width=\"361\" height=\"400\" align=\"middle\" border=\"0\" hspace=\"6\" \/><p id=\"caption-attachment-106\" class=\"wp-caption-text\">Mark Lehner<\/p><\/div>\n<p style=\"text-align: justify;\"><strong>\u00bfC\u00f3mo naci\u00f3 el proyecto de hacer un gran documental sobre los secretos de la meseta de Gizeh?<\/strong><\/p>\n<p style=\"text-align: justify;\">El Dr. Hawass que ahora lidera el Servicio de Antig\u00fcedades y yo mismo hemos trabajado juntos durante 30 a\u00f1os. En los \u00faltimos 14 hemos excavado en la meseta de Gizeh a 400 metros al sur de la Esfinge, \u00e9l en el cementerio de los constructores y yo en la ciudad. National Geographic nos manifest\u00f3 su inter\u00e9s en nuestro trabajo. Ya hab\u00edamos colaborado con ellos en otros proyectos anteriores. Anteriormente realizamos una trabajo para la revista y luego nos propusieron el proyecto de un documental.<\/p>\n<p style=\"text-align: justify;\">Durante todo este tiempo el Dr. Hawass ha estado desarrollando un proyecto para investigar el pozo de la Gran Pir\u00e1mide, pasando a ser una parte importante de la pel\u00edcula que \u00edbamos a hacer.<\/p>\n<p style=\"text-align: justify;\">La arqueolog\u00eda que nosotros hacemos es algo muy lento cuyos resultados aparecen poco a poco y de forma gradual. Trabajamos en una ciudad cuya superficie es de 8 campos de f\u00fatbol y lleva mucho tiempo conseguir resultados. Pero la arqueolog\u00eda que Hawass prepar\u00f3 para el programa sobre la pir\u00e1mide y sus pasadizos internos es muy diferente.<\/p>\n<p style=\"text-align: justify;\">Sin embargo, las dos cosas est\u00e1n interconectadas. La ciudad se levant\u00f3 all\u00ed porque estaba la pir\u00e1mide. Y el cementerio no existir\u00eda si no hubiera pir\u00e1mides.<\/p>\n<p style=\"text-align: justify;\">Se trata de aspectos que nos interesan, es decir, por qu\u00e9 los egipcios desarrollaron todo esto.<\/p>\n<p style=\"text-align: justify;\"><strong>\u00bfQu\u00e9 diferencias ve entre este tipo de arqueolog\u00eda televisiva y su trabajo de campo diario?<\/strong><\/p>\n<p style=\"text-align: justify;\">La exploraci\u00f3n de las c\u00e1maras secretas y pasadizos en la Gran Pir\u00e1mide con robots y v\u00eddeoc\u00e1maras, es una arqueolog\u00eda muy diferente aunque muy relacionada con lo que normalmente hacemos de forma tan lenta al sur de la Esfinge.<\/p>\n<p style=\"text-align: justify;\">National Geographic acept\u00f3 ayudar al Dr. Hawass contactando con un empresa de Massachusets llamada Irobotics con el fin de dise\u00f1ar un robot con c\u00e1maras, l\u00e1mparas, sensores, mecanismos para subir el pasadizo de 65 metros hasta llegar a la misteriosa puerta con 2 pomos de cobre.<\/p>\n<p class=\"img\"><img decoding=\"async\" loading=\"lazy\" class=\"  wp-image-107 aligncenter\" title=\"Mark Lehner\" src=\"http:\/\/amigosdelantiguoegipto.com\/wp-content\/uploads\/varios\/entrevistas\/2005\/07\/lehner05.jpg\" alt=\"Mark Lehner\" width=\"319\" height=\"339\" align=\"middle\" border=\"0\" hspace=\"6\" \/><\/p>\n<p style=\"text-align: justify;\">La interrelaci\u00f3n entre Irobotics, NG y el Dr. Hawass encabezando la misi\u00f3n, era perfecta para llevar a cabo la exploraci\u00f3n.<\/p>\n<p style=\"text-align: justify;\">La combinaci\u00f3n de estas cosas es lo que desarroll\u00f3 NG en su programa de televisi\u00f3n.<\/p>\n<p style=\"text-align: justify;\"><strong>\u00bfQu\u00e9 opina de los que creen en la existencias de civilizaciones prefara\u00f3nicas?<\/strong><\/p>\n<p style=\"text-align: justify;\">Si dices que no fueron los egipcios de la IV dinast\u00eda los que levantaron la Esfinge, sino otra civilizaci\u00f3n, entonces planteas la siguiente situaci\u00f3n a la que se enfrentan los egipt\u00f3logos.<\/p>\n<p style=\"text-align: justify;\">Conservamos de la IV dinast\u00eda cientos, quiz\u00e1s miles de tumbas con los nombres de la gente en jerogl\u00edfico, tenemos sus t\u00edtulos, conocemos sus relaciones familiares, tenemos sus restos, sabemos sus v\u00ednculos con Keops y ahora al sur de la Esfinge, hemos descubierto una ciudad s\u00f3lo parcialmente excavada con una extensi\u00f3n de 8 campos de f\u00fatbol. Hawass ha dado con las tumbas de los obreros, cientos quiz\u00e1s miles con t\u00edtulos, tenemos miles de fragmentos de cer\u00e1mica. En toda la extensi\u00f3n de la ciudad hemos encontrado miles de huesos de animales, hemos encontrado miles de evidencias materiales de la gente que estuvo aqu\u00ed durante 3 generaciones y todo se fecha en la IV dinast\u00eda.<\/p>\n<p style=\"text-align: justify;\">\u00bfD\u00f3nde est\u00e1 esa civilizaci\u00f3n tan antigua? S\u00f3lo se encuentra en la mente de los que hablan de estas teor\u00edas. Por una raz\u00f3n extra\u00f1a, la civilizaci\u00f3n de la IV dinast\u00eda no les satisface. Necesitan m\u00e1s; m\u00e1s misterio. Si ves la estatua de Kefr\u00e9n, la de Micerinos, la Esfinge, la barca de Keops te das cuenta de que pertenecen a una cultura avanzada de la Antig\u00fcedad \u00bfpor qu\u00e9 necesitas otra civilizaci\u00f3n?<\/p>\n<p style=\"text-align: justify;\"><strong>Pero hay quien piensa lo contrario a ra\u00edz de los estudios de la erosi\u00f3n de la Esfinge que se\u00f1alan que es m\u00e1s antigua de lo que cre\u00edamos&#8230;<\/strong><\/p>\n<p style=\"text-align: justify;\">Hay gente que opina que los modelos de erosi\u00f3n de la Esfinge prueba que es m\u00e1s antigua. Pero yo creo que ni prueba ni desaprueba. Muchos otros cient\u00edficos especialistas en biolog\u00eda o en f\u00edsica, afirman de igual forma que ni demuestra ni niega.<\/p>\n<p style=\"text-align: justify;\">Desde mi punto de vista es bastante ingenuo. El hecho de probar una cosa pertenece s\u00f3lo a la l\u00f3gica y a las matem\u00e1ticas. Decimos que algo es probable porque lo deducimos. Si llevamos esta idea a la Esfinge vemos que no demuestra que sea m\u00e1s antigua.<\/p>\n<p class=\"img\"><img decoding=\"async\" loading=\"lazy\" class=\" size-full wp-image-108 aligncenter\" title=\"Mark Lehner\" src=\"http:\/\/amigosdelantiguoegipto.com\/wp-content\/uploads\/varios\/entrevistas\/2005\/07\/lehner02.jpg\" alt=\"Mark Lehner\" width=\"400\" height=\"300\" align=\"middle\" border=\"0\" hspace=\"6\" \/><\/p>\n<p style=\"text-align: justify;\">Si nos detenemos en el modelo de erosi\u00f3n de la Esfinge lo primero que deduces o la hip\u00f3tesis que te surge es que esta erosi\u00f3n fue causada por la lluvia. Por lo tanto si no ha llovido en los \u00faltimos 4500 a\u00f1os lo normal es deducir que es anterior miles de a\u00f1os antes a esta fecha.<\/p>\n<p style=\"text-align: justify;\">En mi opini\u00f3n los modelos de erosi\u00f3n de la Esfinge no est\u00e1n causados por la lluvia. Creo que se crearon mediante procesos que ahora son perfectamente explicables mediante pruebas f\u00edsicas que documentan lo que digo, pero no creo que fuera la lluvia. La erosi\u00f3n de la Esfinge desde mi punto de vista est\u00e1 causada por fuerzas que act\u00faan sobre la piedra como el viento.<\/p>\n<p style=\"text-align: justify;\"><strong>Y a pesar de todo usted tuvo unos comienzos un tanto dubitativos \u00bfno es as\u00ed?<\/strong><\/p>\n<p style=\"text-align: justify;\">La primera vez que fui a Egipto lo hice como seguidor de la Nueva Era. Mis ideas eran muy similares a las de otros investigadores como J. A. West. Entonces, la Fundaci\u00f3n Edgar Cayce me ayud\u00f3 a ir a estudiar en la UAC.<\/p>\n<p style=\"text-align: justify;\">Me encantaban estas cuestiones espirituales por lo que pas\u00e9 dos a\u00f1os y medio en Egipto antes de volver.<\/p>\n<p style=\"text-align: justify;\">Me mezcl\u00e9 en su cultura, aprend\u00ed \u00e1rabe y cuando estudiaba pasaba todo el tiempo que pod\u00eda en la meseta de Gizeh, por la noche, bajo la luna. Era bastante seguro y pod\u00edas ir de aqu\u00ed para all\u00e1.<\/p>\n<p style=\"text-align: justify;\">Fue entonces cuando comenc\u00e9 a tener una idea muy clara de lo que significaba ese lugar. Mi forma de ver las cosas empez\u00f3 a cambiar ya que no ve\u00eda nada de lo que me contaban en la Fundaci\u00f3n Edgar Cayce sobre los atlantes, o lo que dec\u00eda John Anthony West. Comenc\u00e9 a estudiar jerogl\u00edfico y descubr\u00ed t\u00edtulos, nombres y gente com\u00fan. Me di cuenta enseguida de todo ello y cambi\u00e9 mi forma de pensar.<\/p>\n<p class=\"img\"><img decoding=\"async\" loading=\"lazy\" class=\"  wp-image-109 alignleft\" title=\"Mark Lehner\" src=\"http:\/\/amigosdelantiguoegipto.com\/wp-content\/uploads\/varios\/entrevistas\/2005\/07\/lehner03.jpg\" alt=\"Mark Lehner\" width=\"239\" height=\"319\" align=\"middle\" border=\"0\" hspace=\"6\" \/><\/p>\n<p style=\"text-align: justify;\">No hay evidencias de ninguna otra cultura m\u00e1s antigua. Adem\u00e1s, lo que hace gente como Graham Hancock, John Anthony West, Robert Bauval es desprestigiar la cultura existente. Es lo mismo que si en Madrid la catedral o el Palacio Real estuvieran en un espacio arqueol\u00f3gico. La gente que ahonda en los misterios de la Esfinge dir\u00eda en este caso \u201cNo. La catedral y el palacio son parte de una cultura m\u00e1s antigua\u201d. Es algo parecido a lo de la Esfinge.<\/p>\n<p style=\"text-align: justify;\">Tambi\u00e9n dicen que es un lugar para rituales y en los \u00faltimos siglos, los arque\u00f3logos s\u00f3lo han encontrado una inmensa necr\u00f3polis. Me temo que este es el contexto cultural de la Esfinge y las pir\u00e1mides. Ellos son los que levantaron estos monumentos.<\/p>\n<p style=\"text-align: justify;\"><strong>\u00bfQu\u00e9 opina de los nuevos sistemas de dataci\u00f3n para las pir\u00e1mides como el carbono 14?<\/strong><\/p>\n<p style=\"text-align: justify;\">La dataci\u00f3n de las pir\u00e1mides por carbono 14 es muy interesante. Pero por desgracia no hemos utilizado las piezas descubiertas en los canales para los an\u00e1lisis.<\/p>\n<p style=\"text-align: justify;\">Cuando estuve en agosto de 2002, el equipo de National Geographic explor\u00f3 el canal norte. Hubo numerosas dificultades en los diferentes giros que ten\u00eda el canal. Hab\u00eda si no me equivoco dos giros. S\u00f3lo s\u00e9 que se adentraron en una oscuridad en la que nadie hab\u00eda estado antes. Y hasta aqu\u00ed es lo que s\u00e9.<\/p>\n<p style=\"text-align: justify;\"><strong>\u00bfCree que se descubrir\u00e1n nuevas c\u00e1maras en la Gran Pir\u00e1mide?<\/strong><\/p>\n<p style=\"text-align: justify;\">No es imposible. Piensa que hace dos a\u00f1os dos investigadores franceses descubrieron nuevas c\u00e1maras en la pir\u00e1mide de Meidum. He podido ver una de ellas y apenas es suficiente como para que entre una persona. Esta pir\u00e1mide fue levantada por Esnofru el padre de Keops y estudiada por Petrie y Iowan Row de la Universidad de Pennsylvania. Y solamente hace dos a\u00f1os hemos tenido noticia de estas nuevas habitaciones. Parece incre\u00edble.<\/p>\n<p style=\"text-align: justify;\">En el caso de la Gran Pir\u00e1mide puede pasar algo parecido como en el caso de la c\u00e1mara mortuoria. Creo que es improbable pero no imposible que haya una habitaci\u00f3n grande m\u00e1s all\u00e1 de las puertas descubiertas ya que est\u00e1n muy cerca de la parte exterior de la pir\u00e1mide. Es dif\u00edcil pero puede haber c\u00e1maras como las descubiertas en Meidum.<\/p>\n<p style=\"text-align: justify;\">Hay gente que plantea la posibilidad de que si tenemos una segunda puerta podemos dar con una tercera. Por ejemplo, hab\u00eda 3 losas de cierre a la entrada de la C\u00e1mara del Rey. Se trataba de 3 losas deslizantes que cerraban la habitaci\u00f3n. De hecho tenemos una 2\u00aa puerta y puede haber una tercera. La primera parece ser el acceso a una especie de enterramiento, un lugar escondido. Podr\u00eda haber una tercera. Pero no lo sabemos. Tampoco hay se\u00f1ales de que haya una c\u00e1mara.<\/p>\n<p class=\"img\"><img decoding=\"async\" loading=\"lazy\" class=\"size-full wp-image-110 alignright\" title=\"Mark Lehner\" src=\"http:\/\/amigosdelantiguoegipto.com\/wp-content\/uploads\/varios\/entrevistas\/2005\/07\/lehner01.jpg\" alt=\"Mark Lehner\" width=\"400\" height=\"270\" align=\"middle\" border=\"0\" hspace=\"6\" \/><\/p>\n<p style=\"text-align: justify;\">Se trata de un equipo muy complejo de personas. Hay ingenieros rob\u00f3ticos, controladores de sensores\u2026 que sab\u00edan que la puerta s\u00f3lo ten\u00eda 8 cm de grosor. Hay que estudiar con mucho detenimiento las fotograf\u00edas de la segunda puerta.<\/p>\n<p style=\"text-align: justify;\">Estoy muy interesado en lo que se ofreci\u00f3 por la televisi\u00f3n porque las dos puertas, la nueva y la descubierta hace 10 a\u00f1os, son parte de una estructura dise\u00f1ada y construida con mucho cuidado, ya que los constructores las cubrieron con el resto del edificio sell\u00e1ndolas durante 4.500 a\u00f1os. De echo se puede ver que est\u00e1 construido con mucho esmero.<\/p>\n<p style=\"text-align: justify;\">El equipo dio un paso adelante en el misterio pero uno atr\u00e1s al encontrar otra puerta. L\u00f3gicamente todos estamos interesados en la informaci\u00f3n que se pueda extraer de este nuevo hallazgo.<\/p>\n","protected":false},"excerpt":{"rendered":"<p>Entrevistas a egipt\u00f3logos Nacho Ares &#8211; Septiembre de 2002 Universidad de Chicago. American Research Center in Egypt. Director de la excavaci\u00f3n en el poblado de los constructores de Gizeh. Entrevista realizada el 19 de septiembre de 2002, Madrid La entrevista fue realizada dos d\u00edas despu\u00e9s de la retransmisi\u00f3n en directo de la apertura de la llamada puerta de Gantenbrink descubierta&#8230;<\/p>\n<p class=\"continue-reading-button\"> <a class=\"continue-reading-link\" href=\"http:\/\/amigosdelantiguoegipto.com\/?page_id=12606\">Seguir leyendo<i class=\"crycon-right-dir\"><\/i><\/a><\/p>\n","protected":false},"author":1,"featured_media":0,"parent":0,"menu_order":29,"comment_status":"closed","ping_status":"closed","template":"","meta":{"ngg_post_thumbnail":0},"_links":{"self":[{"href":"http:\/\/amigosdelantiguoegipto.com\/index.php?rest_route=\/wp\/v2\/pages\/12606"}],"collection":[{"href":"http:\/\/amigosdelantiguoegipto.com\/index.php?rest_route=\/wp\/v2\/pages"}],"about":[{"href":"http:\/\/amigosdelantiguoegipto.com\/index.php?rest_route=\/wp\/v2\/types\/page"}],"author":[{"embeddable":true,"href":"http:\/\/amigosdelantiguoegipto.com\/index.php?rest_route=\/wp\/v2\/users\/1"}],"replies":[{"embeddable":true,"href":"http:\/\/amigosdelantiguoegipto.com\/index.php?rest_route=%2Fwp%2Fv2%2Fcomments&post=12606"}],"version-history":[{"count":0,"href":"http:\/\/amigosdelantiguoegipto.com\/index.php?rest_route=\/wp\/v2\/pages\/12606\/revisions"}],"wp:attachment":[{"href":"http:\/\/amigosdelantiguoegipto.com\/index.php?rest_route=%2Fwp%2Fv2%2Fmedia&parent=12606"}],"curies":[{"name":"wp","href":"https:\/\/api.w.org\/{rel}","templated":true}]}}