{"id":12600,"date":"2007-08-13T13:47:21","date_gmt":"2007-08-13T13:47:21","guid":{"rendered":"http:\/\/amigosdelantiguoegipto.com\/mansour-boraik-2007\/"},"modified":"2014-07-04T07:41:31","modified_gmt":"2014-07-04T07:41:31","slug":"mansour-boraik-2007","status":"publish","type":"page","link":"http:\/\/amigosdelantiguoegipto.com\/?page_id=12600","title":{"rendered":"Mansour Boraik (2007)"},"content":{"rendered":"<p style=\"text-align: justify;\"><a href=\"http:\/\/amigosdelantiguoegipto.com\/?p=12624\">Entrevistas a egipt\u00f3logos<\/a><\/p>\n<p style=\"text-align: right;\">Nacho Ares &#8211;\u00a0<span class=\"createdate\"> Julio de 2007<\/span><\/p>\n<p style=\"text-align: justify;\"><strong>Mansour Boraik. Jefe de Antig\u00fcedades de Luxor<\/strong><br \/>\n<em>Entrevista realizada el mi\u00e9rcoles 25 de julio de 2007 en Luxor<\/em><\/p>\n<p style=\"text-align: justify;\">A principios de 2006 Mansour Boraik abandon\u00f3 su puesto como Inspector Jefe de la Meseta de Gizeh para ocupar el importante cargo de Jefe de Antig\u00fcedades de Luxor, es decir, la m\u00e1xima autoridad en todos los monumentos de las dos orillas. Desde su oficina del SCA, situada tras el Museo de Luxor, dirige con detalle y minuciosidad las actividades de las misiones arqueol\u00f3gicas en su zona de influencia. Junto a \u00e9l trabajan dos personas de su equipo de toda la vida, Ali Asfar como director de la Orilla Oeste, y Ibrahim Suliman, director de Karnak. Justo con su nombramiento, Mansour Boraik se vio envuelto en la apasionante historia de la KV63. Verdadero promotor de las actividades culturales en su trabajo (\u00e9l fue quien promovi\u00f3 las conferencias semanales en el Museo de la Momificaci\u00f3n de Luxor en las que los jefes de las misiones arqueol\u00f3gicas dan a conocer al p\u00fablico en general los resultados de sus investigaciones), nos recibi\u00f3 amablemente en su oficina para contarnos los \u00faltimos secretos de Tebas.<\/p>\n<div id=\"attachment_69\" style=\"width: 410px\" class=\"wp-caption aligncenter\"><img aria-describedby=\"caption-attachment-69\" decoding=\"async\" loading=\"lazy\" class=\"wp-image-69 size-full\" title=\"Mansour Boraik. Jefe de Antig\u00fcedades de Luxor\" src=\"http:\/\/amigosdelantiguoegipto.com\/wp-content\/uploads\/varios\/entrevistas\/2007\/08\/mansour03.jpg\" alt=\"Mansour Boraik. Jefe de Antig\u00fcedades de Luxor\" width=\"400\" height=\"276\" align=\"middle\" border=\"0\" hspace=\"6\" \/><p id=\"caption-attachment-69\" class=\"wp-caption-text\">Mansour Boraik. Jefe de Antig\u00fcedades de Luxor<\/p><\/div>\n<p style=\"text-align: justify;\"><strong>\u00bfQu\u00e9 diferencias hay entre trabajar en la meseta de Gizeh y Luxor?<\/strong><\/p>\n<p style=\"text-align: justify;\">No tienen nada que ver. Luxor es un verdadero privilegio para cualquier arque\u00f3logo. Aqu\u00ed podemos encontrar objetos y monumentos de todo tipo y de absolutamente todas las cronolog\u00edas de la historia de Egipto. Desde la \u00e9poca prehist\u00f3rica hasta la romana. En cambio, en Gizeh todo est\u00e1 concentrado en el mundo funerario de las pir\u00e1mides, especialmente del Imperio Antiguo. Cuando el Dr. Zahi Hawass me llam\u00f3 para ofrecerme el puesto me sent\u00ed un verdadero privilegiado. Es un aut\u00e9ntico honor poder estar a la cabeza de las antig\u00fcedades de uno de los lugares del mundo con m\u00e1s monumentos arqueol\u00f3gicos y en el que podemos disfrutar de las dos terceras partes de todo lo que hay en Egipto. Por ello aqu\u00ed el trabajo es bastante duro pero muy gratificante.<\/p>\n<p style=\"text-align: justify;\"><strong>\u00bfQu\u00e9 nos puede contar sobre la KV63 descubierta en el Valle de los Reyes?<\/strong><\/p>\n<p style=\"text-align: justify;\">Me incorpor\u00e9 a mi nuevo puesto en Luxor casi al mismo tiempo que se daba a conocer la noticia de la aparici\u00f3n de la KV63. Se trata de la \u00faltima descubierta en el Valle despu\u00e9s de la de Tutankham\u00f3n en el a\u00f1o 1922. No tengo dudas de que despu\u00e9s de los resultados de las investigaciones que se han realizado en el interior con los ata\u00fades y las tinajas, la KV63 est\u00e1 vinculada a un escondite de momificaci\u00f3n. La fecha, por la tipolog\u00eda de las piezas descubiertas, es de la XVIII dinast\u00eda, en concreto del reinado de Tutankham\u00f3n; un poco antes o un poco despu\u00e9s.<\/p>\n<p class=\"img\" style=\"text-align: justify;\"><img decoding=\"async\" loading=\"lazy\" class=\"alignleft wp-image-70 size-full\" title=\"Mansour Boraik. Jefe de Antig\u00fcedades de Luxor\" src=\"http:\/\/amigosdelantiguoegipto.com\/wp-content\/uploads\/varios\/entrevistas\/2007\/08\/mansour04.jpg\" alt=\"Mansour Boraik. Jefe de Antig\u00fcedades de Luxor\" width=\"255\" height=\"309\" align=\"middle\" border=\"0\" hspace=\"6\" \/><\/p>\n<p style=\"text-align: justify;\"><strong>Se ha hablado de la posible existencia de una nueva tumba, la KV64<\/strong><\/p>\n<p style=\"text-align: justify;\">En internet se han publicado varios informes al respecto. Es cierto que hace unos a\u00f1os se realizaron b\u00fasquedas por medio del radar de posibles agujeros o vac\u00edos en el suelo del Valle. Uno de ellos identificaba la KV63, y al parecer otro se\u00f1ala la posible existencia de lo que ser\u00eda la KV64 junto a la puerta de la tumba de Tutankham\u00f3n. Pero desconozco los resultados finales de estos estudios. Hasta que no se excave en el Valle no podemos lanzar teor\u00edas de ning\u00fan tipo.<\/p>\n<p style=\"text-align: justify;\"><strong>\u00bfVan a buscar m\u00e1s tumbas en el Valle de los Reyes?<\/strong><\/p>\n<p style=\"text-align: justify;\">El nombre del lugar no nos tiene que llevar a enga\u00f1o. En el Valle de los Reyes hay tumbas de otros personajes de la realeza, incluso reinas. Sabemos que cuando Tutankham\u00f3n cambi\u00f3 la capital de Egipto de nuevo a Tebas, se trajo consigo a toda su familia. Seguramente en alg\u00fan lugar del Valle est\u00e1 la tumba de Nefertiti, su esposa Ankhesenam\u00f3n o la de la madre del propio Rey Ni\u00f1o, Kiya.<\/p>\n<p class=\"img\" style=\"text-align: justify;\"><img decoding=\"async\" loading=\"lazy\" class=\"alignright wp-image-71 \" title=\"Mansour Boraik. Jefe de Antig\u00fcedades de Luxor\" src=\"http:\/\/amigosdelantiguoegipto.com\/wp-content\/uploads\/varios\/entrevistas\/2007\/08\/mansour02.jpg\" alt=\"Mansour Boraik. Jefe de Antig\u00fcedades de Luxor\" width=\"213\" height=\"229\" align=\"middle\" border=\"0\" hspace=\"6\" \/><\/p>\n<p style=\"text-align: justify;\"><strong>\u00bfQu\u00e9 opina de la momia de Hatshepsut?<\/strong><\/p>\n<p style=\"text-align: justify;\">La pregunta es dif\u00edcil. La momia fue descubierta por Howard Carter en la KV20 en 1903, frente a la tumba de Montukherkopeshef. Junto a ella hab\u00eda otra momia de una mujer con el cabello largo. Hoy sabemos que esta \u00faltima mujer era la nodriza de Hatshepsut, Sitre-In. Cuando en 1881 se descubri\u00f3 el escondite de momias reales de Deir el Bahari, el DB320, en \u00e9l apareci\u00f3 una caja en cuyo interior, seg\u00fan un texto de la propia caja, hab\u00eda v\u00edsceras de la momificaci\u00f3n de Hatshepsut. Cuando se hizo el TAC a la caja se observ\u00f3 que dentro hab\u00eda una pieza dental, una muela. Al ver el esc\u00e1ner de la momia de la mujer calva y gruesa hallada en la KV20, se descubri\u00f3 que le faltaba esa misma pieza. Para sorpresa de los forenses, la muela encajaba perfectamente en el hueco, lo que parece dar a entender que pertenec\u00eda a la misma persona. Ahora queda hacer alguna comprobaci\u00f3n m\u00e1s a partir del ADN y buscar la relaci\u00f3n de la momia de Hatshepsut con la momia de Tutmosis III, su sobrino.<\/p>\n<p style=\"text-align: justify;\"><strong>\u00bfQu\u00e9 nuevos trabajos se est\u00e1n desarrollando en la orilla oriental?<\/strong><\/p>\n<p style=\"text-align: justify;\">Adem\u00e1s de la estela de Setnakht, descubierta hace unos meses en el templo de Karnak, en este mismo lugar, tras la remodelaci\u00f3n del aparcamiento que hay frente a lo pilonos de la entrada actual, han aparecido cosas sorprendentes. Por un lado contamos con unos ba\u00f1os romanos. Es la primera vez que se descubre algo de este tipo en Luxor. No lejos de all\u00ed, tambi\u00e9n frente a los pilonos estamos excavando el antiguo embarcadero del templo. Lo queremos remodelar para que sirva de entrada al templo, y que los turistas lleven el mismo camino que todo el mundo segu\u00eda en la Antig\u00fcedad.<\/p>\n","protected":false},"excerpt":{"rendered":"<p>Entrevistas a egipt\u00f3logos Nacho Ares &#8211;\u00a0 Julio de 2007 Mansour Boraik. Jefe de Antig\u00fcedades de Luxor Entrevista realizada el mi\u00e9rcoles 25 de julio de 2007 en Luxor A principios de 2006 Mansour Boraik abandon\u00f3 su puesto como Inspector Jefe de la Meseta de Gizeh para ocupar el importante cargo de Jefe de Antig\u00fcedades de Luxor, es decir, la m\u00e1xima autoridad&#8230;<\/p>\n<p class=\"continue-reading-button\"> <a class=\"continue-reading-link\" href=\"http:\/\/amigosdelantiguoegipto.com\/?page_id=12600\">Seguir leyendo<i class=\"crycon-right-dir\"><\/i><\/a><\/p>\n","protected":false},"author":1,"featured_media":0,"parent":0,"menu_order":19,"comment_status":"closed","ping_status":"closed","template":"","meta":{"ngg_post_thumbnail":0},"_links":{"self":[{"href":"http:\/\/amigosdelantiguoegipto.com\/index.php?rest_route=\/wp\/v2\/pages\/12600"}],"collection":[{"href":"http:\/\/amigosdelantiguoegipto.com\/index.php?rest_route=\/wp\/v2\/pages"}],"about":[{"href":"http:\/\/amigosdelantiguoegipto.com\/index.php?rest_route=\/wp\/v2\/types\/page"}],"author":[{"embeddable":true,"href":"http:\/\/amigosdelantiguoegipto.com\/index.php?rest_route=\/wp\/v2\/users\/1"}],"replies":[{"embeddable":true,"href":"http:\/\/amigosdelantiguoegipto.com\/index.php?rest_route=%2Fwp%2Fv2%2Fcomments&post=12600"}],"version-history":[{"count":0,"href":"http:\/\/amigosdelantiguoegipto.com\/index.php?rest_route=\/wp\/v2\/pages\/12600\/revisions"}],"wp:attachment":[{"href":"http:\/\/amigosdelantiguoegipto.com\/index.php?rest_route=%2Fwp%2Fv2%2Fmedia&parent=12600"}],"curies":[{"name":"wp","href":"https:\/\/api.w.org\/{rel}","templated":true}]}}