{"id":12596,"date":"2008-11-17T20:46:08","date_gmt":"2008-11-17T20:46:08","guid":{"rendered":"http:\/\/amigosdelantiguoegipto.com\/moamen-othman\/"},"modified":"2014-07-04T07:13:59","modified_gmt":"2014-07-04T07:13:59","slug":"moamen-othman","status":"publish","type":"page","link":"http:\/\/amigosdelantiguoegipto.com\/?page_id=12596","title":{"rendered":"Moamen Othman"},"content":{"rendered":"<p style=\"text-align: justify;\"><a href=\"http:\/\/amigosdelantiguoegipto.com\/?p=12624\">Entrevistas a egipt\u00f3logos<\/a><\/p>\n<p style=\"text-align: right;\">Nacho Ares &#8211; Agosto <span class=\"createdate\">de 2008<\/span><\/p>\n<p style=\"text-align: justify;\"><strong>Conservador del Museo de El Cairo<\/strong><br \/>\nEntrevista realizada en el propio Museo el d\u00eda 6 de agosto de 2008<\/p>\n<div id=\"attachment_45\" style=\"width: 258px\" class=\"wp-caption aligncenter\"><img aria-describedby=\"caption-attachment-45\" decoding=\"async\" loading=\"lazy\" class=\"wp-image-45 size-full\" title=\"Moamen Othman\" src=\"http:\/\/amigosdelantiguoegipto.com\/wp-content\/uploads\/varios\/entrevistas\/2008\/11\/moamen01.jpg\" alt=\"Moamen Othman\" width=\"248\" height=\"284\" align=\"middle\" border=\"0\" hspace=\"6\" \/><p id=\"caption-attachment-45\" class=\"wp-caption-text\">Moamen Othman<\/p><\/div>\n<p style=\"text-align: justify;\"><strong>En la actualidad hay algunas momias reales depositadas dentro de bolsas especiales de pl\u00e1stico. \u00bfEn qu\u00e9 consiste esta nueva t\u00e9cnica?<\/strong><\/p>\n<p style=\"text-align: justify;\">\u201cEl nuevo sistema de protecci\u00f3n facilitar\u00e1 su estudio en unas condiciones \u00f3ptimas. Se trata de un nuevo m\u00e9todo de conservaci\u00f3n de momias. El proyecto en el que est\u00e1n enmarcadas \u00e9stas y otras momias reales del Museo est\u00e1 desarrollado por el Instituto Paul Getty y el propio Museo Egipcio de El Cairo. Comenzamos el pasado a\u00f1o 2007 y la idea es estudiar primero todas las momias reales y luego el resto de momias que se conservan en Egipto. Utilizamos una t\u00e9cnica denominada Oxygene Free Environment (Ambiente Libre de Ox\u00edgeno). Esto lo podemos conseguir de dos maneras, el sistema din\u00e1mico-est\u00e1tico y el sistema herm\u00e9tico. Este \u00faltimo es el que empleamos en las momias que hay en el Museo, gracias a la ayuda del Instituto Paul Getty. Con ello conseguimos conservar cualquier clase de objeto, ya sea una momia o no, que est\u00e9 dentro de una vitrina herm\u00e9tica con gas inerte en la que no hay ox\u00edgeno. En estas nuevas bolsas que cubren las momias introducimos el mencionado gas inerte y solamente una concentraci\u00f3n de ox\u00edgeno del 0,2. De esta forma garantizamos la no existencia de microorganismos que puedan da\u00f1ar a la momia.<\/p>\n<p class=\"img\"><img decoding=\"async\" loading=\"lazy\" class=\"alignright wp-image-46 size-full\" title=\"Moamen Othman\" src=\"http:\/\/amigosdelantiguoegipto.com\/wp-content\/uploads\/varios\/entrevistas\/2008\/11\/moamen02.jpg\" alt=\"Moamen Othman\" width=\"248\" height=\"371\" align=\"middle\" border=\"0\" hspace=\"6\" \/><\/p>\n<p style=\"text-align: justify;\">No es un m\u00e9todo de conservaci\u00f3n definitivo, solamente temporal . El tiempo m\u00e1ximo es de cinco a\u00f1os, despu\u00e9s no resulta recomendable. Pero gracias a la v\u00e1lvula podemos manipular el ambiente interior acomod\u00e1ndolo a las necesidades de cada momento y saber cu\u00e1nto ox\u00edgeno hay para regularlo siempre a un m\u00e1ximo de 0,2. Cuando el trabajo ya se ha realizado, la momia se deposita finalmente en una vitrina de cristal perfectamente cerrada de forma herm\u00e9tica en donde tambi\u00e9n controlamos el ambiente interior.\u201d<\/p>\n<p style=\"text-align: justify;\"><strong>\u00bfQu\u00e9 opina de la controversia sobre la identificaci\u00f3n de las momias reales?<\/strong><\/p>\n<p style=\"text-align: justify;\">\u201cAqu\u00ed en el Museo contamos con casi 30 momias reales. En la actualidad hay 24 momias en exhibici\u00f3n en las dos salas de momias del primer piso del Museo y adem\u00e1s hay otras 6 en los almacenes. Conozco la controversia que hay con algunas de ellas en relaci\u00f3n a su posible err\u00f3nea identificaci\u00f3n, sin embargo, ese trabajo va m\u00e1s all\u00e1 de nuestra parte del proyecto, insisto, m\u00e1s relacionada con la conservaci\u00f3n. Aquello linda las competencias de otros colegas. No obstante, es un tema apasionante que me interesa mucho. Yo no soy especialista en ello, pero lo sigo muy de cerca ya que abarca un lado propiamente arqueol\u00f3gico y otro hist\u00f3rico\u201d.<\/p>\n","protected":false},"excerpt":{"rendered":"<p>Entrevistas a egipt\u00f3logos Nacho Ares &#8211; Agosto de 2008 Conservador del Museo de El Cairo Entrevista realizada en el propio Museo el d\u00eda 6 de agosto de 2008 En la actualidad hay algunas momias reales depositadas dentro de bolsas especiales de pl\u00e1stico. \u00bfEn qu\u00e9 consiste esta nueva t\u00e9cnica? \u201cEl nuevo sistema de protecci\u00f3n facilitar\u00e1 su estudio en unas condiciones \u00f3ptimas&#8230;.<\/p>\n<p class=\"continue-reading-button\"> <a class=\"continue-reading-link\" href=\"http:\/\/amigosdelantiguoegipto.com\/?page_id=12596\">Seguir leyendo<i class=\"crycon-right-dir\"><\/i><\/a><\/p>\n","protected":false},"author":1,"featured_media":0,"parent":0,"menu_order":13,"comment_status":"closed","ping_status":"closed","template":"","meta":{"ngg_post_thumbnail":0},"_links":{"self":[{"href":"http:\/\/amigosdelantiguoegipto.com\/index.php?rest_route=\/wp\/v2\/pages\/12596"}],"collection":[{"href":"http:\/\/amigosdelantiguoegipto.com\/index.php?rest_route=\/wp\/v2\/pages"}],"about":[{"href":"http:\/\/amigosdelantiguoegipto.com\/index.php?rest_route=\/wp\/v2\/types\/page"}],"author":[{"embeddable":true,"href":"http:\/\/amigosdelantiguoegipto.com\/index.php?rest_route=\/wp\/v2\/users\/1"}],"replies":[{"embeddable":true,"href":"http:\/\/amigosdelantiguoegipto.com\/index.php?rest_route=%2Fwp%2Fv2%2Fcomments&post=12596"}],"version-history":[{"count":0,"href":"http:\/\/amigosdelantiguoegipto.com\/index.php?rest_route=\/wp\/v2\/pages\/12596\/revisions"}],"wp:attachment":[{"href":"http:\/\/amigosdelantiguoegipto.com\/index.php?rest_route=%2Fwp%2Fv2%2Fmedia&parent=12596"}],"curies":[{"name":"wp","href":"https:\/\/api.w.org\/{rel}","templated":true}]}}