{"id":12473,"date":"2007-08-31T22:53:32","date_gmt":"2007-08-31T22:53:32","guid":{"rendered":"http:\/\/amigosdelantiguoegipto.com\/egipto-signos-y-simbolos-de-lo-sagrado-entradas-letra-k\/"},"modified":"2014-07-16T12:40:29","modified_gmt":"2014-07-16T12:40:29","slug":"egipto-signos-y-simbolos-de-lo-sagrado-entradas-letra-k","status":"publish","type":"page","link":"http:\/\/amigosdelantiguoegipto.com\/?page_id=12473","title":{"rendered":"Egipto: signos y s\u00edmbolos de lo sagrado &#8211; Letra K"},"content":{"rendered":"<p style=\"text-align: center;\"><a href=\"http:\/\/amigosdelantiguoegipto.com\/?p=12485\">[Introducci\u00f3n]<\/a><br \/>\n[<a title=\"Egipto: signos y s\u00edmbolos de lo sagrado \u2013 Letra A\" href=\"http:\/\/amigosdelantiguoegipto.com\/?page_id=12465\">A<\/a>] [<a title=\"Egipto: signos y s\u00edmbolos de lo sagrado \u2013 Letra B\" href=\"http:\/\/amigosdelantiguoegipto.com\/?page_id=12466\">B<\/a>] [<a title=\"Egipto: signos y s\u00edmbolos de lo sagrado \u2013 Letra C-\" href=\"http:\/\/amigosdelantiguoegipto.com\/?page_id=12467\">C<\/a>] [<a title=\"Egipto: signos y s\u00edmbolos de lo sagrado \u2013 Letra D\" href=\"http:\/\/amigosdelantiguoegipto.com\/?page_id=12468\">D<\/a>] [<a title=\"Egipto: signos y s\u00edmbolos de lo sagrado \u2013 Letra E\" href=\"http:\/\/amigosdelantiguoegipto.com\/?page_id=12469\">E<\/a>] [<a title=\"Egipto: signos y s\u00edmbolos de lo sagrado \u2013 Letra F\" href=\"http:\/\/amigosdelantiguoegipto.com\/?page_id=12470\">F<\/a>] [<a title=\"Egipto: signos y s\u00edmbolos de lo sagrado \u2013 Letra G\" href=\"http:\/\/amigosdelantiguoegipto.com\/?page_id=12471\">G<\/a>] [<a title=\"Egipto: signos y s\u00edmbolos de lo sagrado \u2013 Letra H\" href=\"http:\/\/amigosdelantiguoegipto.com\/?page_id=131\">H<\/a>] [<a title=\"Egipto: signos y s\u00edmbolos de lo sagrado \u2013 Letra I-\" href=\"http:\/\/amigosdelantiguoegipto.com\/?page_id=134\">I<\/a>] [<a title=\"Egipto: signos y s\u00edmbolos de lo sagrado \u2013 Letra J-\" href=\"http:\/\/amigosdelantiguoegipto.com\/?page_id=12472\">J<\/a>][K]<br \/>\n[<a title=\"Egipto: signos y s\u00edmbolos de lo sagrado \u2013 Letra L\" href=\"http:\/\/amigosdelantiguoegipto.com\/?page_id=12474\">L]<\/a> [<a title=\"Egipto: signos y s\u00edmbolos de lo sagrado \u2013 Letra M\" href=\"http:\/\/amigosdelantiguoegipto.com\/?page_id=12475\">M<\/a>] [<a title=\"Egipto: signos y s\u00edmbolos de lo sagrado \u2013 Letra N\" href=\"http:\/\/amigosdelantiguoegipto.com\/?page_id=189\">N<\/a>] [<a title=\"Egipto: signos y s\u00edmbolos de lo sagrado \u2013 Letra O\" href=\"http:\/\/amigosdelantiguoegipto.com\/?page_id=200\">O]<\/a> [<a title=\"Egipto: signos y s\u00edmbolos de lo sagrado \u2013 Letra P\" href=\"http:\/\/amigosdelantiguoegipto.com\/?page_id=12476\">P<\/a>] [<a title=\"Egipto: signos y s\u00edmbolos de lo sagrado \u2013 Letra R\" href=\"http:\/\/amigosdelantiguoegipto.com\/?page_id=250\">R<\/a>] [<a title=\"Egipto: signos y s\u00edmbolos de lo sagrado \u2013 Letra S\" href=\"http:\/\/amigosdelantiguoegipto.com\/?page_id=285\">S<\/a>] [<a title=\"Egipto: signos y s\u00edmbolos de lo sagrado \u2013 Letra T\" href=\"http:\/\/amigosdelantiguoegipto.com\/?page_id=305\">T<\/a>] [<a title=\"Egipto: signos y s\u00edmbolos de lo sagrado \u2013 Letra U\" href=\"http:\/\/amigosdelantiguoegipto.com\/?page_id=12462\">U<\/a>] [<a title=\"Egipto: signos y s\u00edmbolos de lo sagrado \u2013 Letra V\" href=\"http:\/\/amigosdelantiguoegipto.com\/?page_id=12463\">V<\/a>]<\/p>\n<p style=\"text-align: right;\">Elisa Castel Ronda &#8211; Agosto de 2007<\/p>\n<h3 style=\"text-align: justify;\">KA<\/h3>\n<p class=\"img\"><img decoding=\"async\" loading=\"lazy\" class=\" size-full wp-image-137 aligncenter\" title=\"Ka\" src=\"  http:\/\/amigosdelantiguoegipto.com\/wp-content\/uploads\/varios\/signos-simbolos\/2007\/08\/ka.jpg\" alt=\"Ka\" width=\"375\" height=\"500\" align=\"middle\" border=\"0\" hspace=\"6\" \/><\/p>\n<p style=\"text-align: justify;\">Era uno de los conceptos que formaban al hombre, junto al <em>Aj<\/em>, el <em>Ba<\/em>, el nombre, la sombra y el cuerpo f\u00edsico.<br \/>\nSe representaba con dos brazos levantados en \u00e1ngulo recto, con las manos extendidas y con las palmas hacia arriba en acto de adoraci\u00f3n.<br \/>\nNos encontramos ante un elemento que compone al ser humano de muy dif\u00edcil traducci\u00f3n porque actualmente no tenemos un concepto concreto similar que sirva para aproximar lo que los antiguos egipcios entendieron como <em>Ka<\/em>. Fue traducido por Gaston Maspero como \u0093doble vital\u0094, aunque tambi\u00e9n se ha empleado el t\u00e9rmino \u0093doble\u0094, \u0093gemelo\u0094.<br \/>\nTradicionalmente ha sido mal traducido como esp\u00edritu, pero esta equiparaci\u00f3n se revela insuficiente y problem\u00e1tica ya que el <em>Ka<\/em> es m\u00e1s una fuerza que da vida al individuo y que est\u00e1 asociado al cuerpo temporalmente, permitiendo que el cuerpo se mantenga con vida y que el difunto pueda alimentarse. El <em>Ka<\/em> protege al hombre mientras vive y permanece como protector tras la muerte, siempre que se cumplan unos ritos espec\u00edficos, ya que est\u00e1 ligado a la alimentaci\u00f3n. En algunos contextos parece transmitir un sentido de poder intelectual y espiritual; no era individual sino que constitu\u00eda una fuerza com\u00fan a una familia y pasaba a la descendencia de padre a hijo. Adem\u00e1s la palabra Ka sirvi\u00f3 tambi\u00e9n para designar al toro y al alimento.<br \/>\nComo elemento del ser humano nac\u00eda y se creaba con la persona o con cada divinidad. Pero curiosamente el <em>Ka<\/em> tambi\u00e9n est\u00e1 presente en objetos te\u00f3ricamente inanimados como son las estatuas (como representaciones fieles del hombre) o los alimentos. Por otro lado la expresi\u00f3n \u0093ir al <em>Ka<\/em>\u0094 fue un giro idiom\u00e1tico egipcio para expresar \u0093renacer\u0094 y \u0093morir\u0094<br \/>\nEl <em>Ka<\/em> era invisible, permanec\u00eda junto al hombre hasta que acaec\u00eda la muerte, momento tras el cual se un\u00eda a la divinidad. Sin embargo, para que subsistiera necesitaba nutrirse de alimentos y bebidas que eran ofrendadas por un clero instituido para tal misi\u00f3n, \u0093los sacerdotes del <em>Ka<\/em>\u0094 o, en su defecto, por las vituallas representadas en los muros o mesas de ofrendas ubicadas en las tumbas a modo de talism\u00e1n m\u00e1gico para el caso de que estas ofrendas no se hicieran puntualmente. La falta de esta alimentaci\u00f3n causaba la desaparici\u00f3n del <em>Ka<\/em> y, por tanto, esfumaba la esperanza de vida tras la muerte y por ello estas ofrendas iban acompa\u00f1adas de una frase \u0093tipo\u0094: Ofrenda para su <em>Ka<\/em>. Es decir, siempre que el <em>Ka<\/em> viviera en la eternidad, se garantizaba la vida eterna del individuo.<br \/>\nEs evidente que el <em>Ka<\/em> no se nutr\u00eda de la sustancia f\u00edsica de los alimentos, sino que tomaba de ellos su esencia espiritual. As\u00ed el soporte material serv\u00eda para la alimentaci\u00f3n de los sacerdotes encargados de su culto.<br \/>\nEl Cap\u00edtulo 15 del \u0093Libro de los Muertos\u0094 deja constancia de que los dioses tambi\u00e9n ten\u00edan <em>Ka<\/em>, pero en este caso no s\u00f3lo ten\u00edan un <em>Ka<\/em>, sino que, como entidades divinas, pose\u00edan varios.<\/p>\n","protected":false},"excerpt":{"rendered":"<p>[Introducci\u00f3n] [A] [B] [C] [D] [E] [F] [G] [H] [I] [J][K] [L] [M] [N] [O] [P] [R] [S] [T] [U] [V] Elisa Castel Ronda &#8211; Agosto de 2007 KA Era uno de los conceptos que formaban al hombre, junto al Aj, el Ba, el nombre, la sombra y el cuerpo f\u00edsico. Se representaba con dos brazos levantados en \u00e1ngulo recto,&#8230;<\/p>\n<p class=\"continue-reading-button\"> <a class=\"continue-reading-link\" href=\"http:\/\/amigosdelantiguoegipto.com\/?page_id=12473\">Seguir leyendo<i class=\"crycon-right-dir\"><\/i><\/a><\/p>\n","protected":false},"author":1,"featured_media":0,"parent":0,"menu_order":12,"comment_status":"closed","ping_status":"closed","template":"","meta":{"ngg_post_thumbnail":0},"_links":{"self":[{"href":"http:\/\/amigosdelantiguoegipto.com\/index.php?rest_route=\/wp\/v2\/pages\/12473"}],"collection":[{"href":"http:\/\/amigosdelantiguoegipto.com\/index.php?rest_route=\/wp\/v2\/pages"}],"about":[{"href":"http:\/\/amigosdelantiguoegipto.com\/index.php?rest_route=\/wp\/v2\/types\/page"}],"author":[{"embeddable":true,"href":"http:\/\/amigosdelantiguoegipto.com\/index.php?rest_route=\/wp\/v2\/users\/1"}],"replies":[{"embeddable":true,"href":"http:\/\/amigosdelantiguoegipto.com\/index.php?rest_route=%2Fwp%2Fv2%2Fcomments&post=12473"}],"version-history":[{"count":0,"href":"http:\/\/amigosdelantiguoegipto.com\/index.php?rest_route=\/wp\/v2\/pages\/12473\/revisions"}],"wp:attachment":[{"href":"http:\/\/amigosdelantiguoegipto.com\/index.php?rest_route=%2Fwp%2Fv2%2Fmedia&parent=12473"}],"curies":[{"name":"wp","href":"https:\/\/api.w.org\/{rel}","templated":true}]}}