{"id":12472,"date":"2007-08-31T22:53:34","date_gmt":"2007-08-31T22:53:34","guid":{"rendered":"http:\/\/amigosdelantiguoegipto.com\/egipto-signos-y-simbolos-de-lo-sagrado-entradas-letra-j\/"},"modified":"2014-07-16T12:40:35","modified_gmt":"2014-07-16T12:40:35","slug":"egipto-signos-y-simbolos-de-lo-sagrado-entradas-letra-j","status":"publish","type":"page","link":"http:\/\/amigosdelantiguoegipto.com\/?page_id=12472","title":{"rendered":"Egipto: signos y s\u00edmbolos de lo sagrado &#8211; Letra J"},"content":{"rendered":"<p style=\"text-align: center;\"><a href=\"http:\/\/amigosdelantiguoegipto.com\/?p=12485\">[Introducci\u00f3n]<\/a><br \/>\n[<a title=\"Egipto: signos y s\u00edmbolos de lo sagrado \u2013 Letra A\" href=\"http:\/\/amigosdelantiguoegipto.com\/?page_id=12465\">A<\/a>] [<a title=\"Egipto: signos y s\u00edmbolos de lo sagrado \u2013 Letra B\" href=\"http:\/\/amigosdelantiguoegipto.com\/?page_id=12466\">B<\/a>] [<a title=\"Egipto: signos y s\u00edmbolos de lo sagrado \u2013 Letra C-\" href=\"http:\/\/amigosdelantiguoegipto.com\/?page_id=12467\">C<\/a>] [<a title=\"Egipto: signos y s\u00edmbolos de lo sagrado \u2013 Letra D\" href=\"http:\/\/amigosdelantiguoegipto.com\/?page_id=12468\">D<\/a>] [<a title=\"Egipto: signos y s\u00edmbolos de lo sagrado \u2013 Letra E\" href=\"http:\/\/amigosdelantiguoegipto.com\/?page_id=12469\">E<\/a>] [<a title=\"Egipto: signos y s\u00edmbolos de lo sagrado \u2013 Letra F\" href=\"http:\/\/amigosdelantiguoegipto.com\/?page_id=12470\">F<\/a>] [<a title=\"Egipto: signos y s\u00edmbolos de lo sagrado \u2013 Letra G\" href=\"http:\/\/amigosdelantiguoegipto.com\/?page_id=12471\">G<\/a>] [<a title=\"Egipto: signos y s\u00edmbolos de lo sagrado \u2013 Letra H\" href=\"http:\/\/amigosdelantiguoegipto.com\/?page_id=131\">H<\/a>] [<a title=\"Egipto: signos y s\u00edmbolos de lo sagrado \u2013 Letra I-\" href=\"http:\/\/amigosdelantiguoegipto.com\/?page_id=134\">I<\/a>] [J][<a title=\"Egipto: signos y s\u00edmbolos de lo sagrado \u2013 Letra K\" href=\"http:\/\/amigosdelantiguoegipto.com\/?page_id=12473\">K<\/a>]<br \/>\n[<a title=\"Egipto: signos y s\u00edmbolos de lo sagrado \u2013 Letra L\" href=\"http:\/\/amigosdelantiguoegipto.com\/?page_id=12474\">L]<\/a> [<a title=\"Egipto: signos y s\u00edmbolos de lo sagrado \u2013 Letra M\" href=\"http:\/\/amigosdelantiguoegipto.com\/?page_id=12475\">M<\/a>] [<a title=\"Egipto: signos y s\u00edmbolos de lo sagrado \u2013 Letra N\" href=\"http:\/\/amigosdelantiguoegipto.com\/?page_id=189\">N<\/a>] [<a title=\"Egipto: signos y s\u00edmbolos de lo sagrado \u2013 Letra O\" href=\"http:\/\/amigosdelantiguoegipto.com\/?page_id=200\">O]<\/a> [<a title=\"Egipto: signos y s\u00edmbolos de lo sagrado \u2013 Letra P\" href=\"http:\/\/amigosdelantiguoegipto.com\/?page_id=12476\">P<\/a>] [<a title=\"Egipto: signos y s\u00edmbolos de lo sagrado \u2013 Letra R\" href=\"http:\/\/amigosdelantiguoegipto.com\/?page_id=250\">R<\/a>] [<a title=\"Egipto: signos y s\u00edmbolos de lo sagrado \u2013 Letra S\" href=\"http:\/\/amigosdelantiguoegipto.com\/?page_id=285\">S<\/a>] [<a title=\"Egipto: signos y s\u00edmbolos de lo sagrado \u2013 Letra T\" href=\"http:\/\/amigosdelantiguoegipto.com\/?page_id=305\">T<\/a>] [<a title=\"Egipto: signos y s\u00edmbolos de lo sagrado \u2013 Letra U\" href=\"http:\/\/amigosdelantiguoegipto.com\/?page_id=12462\">U<\/a>] [<a title=\"Egipto: signos y s\u00edmbolos de lo sagrado \u2013 Letra V\" href=\"http:\/\/amigosdelantiguoegipto.com\/?page_id=12463\">V<\/a>]<\/p>\n<p style=\"text-align: right;\">Elisa Castel Ronda &#8211; Agosto de 2007<\/p>\n<h3 style=\"text-align: justify;\">JEPRI<\/h3>\n<p class=\"img\"><img decoding=\"async\" loading=\"lazy\" class=\" size-full wp-image-135 aligncenter\" title=\"Jepri\" src=\"  http:\/\/amigosdelantiguoegipto.com\/wp-content\/uploads\/varios\/signos-simbolos\/2007\/08\/jepri.jpg\" alt=\"Jepri\" width=\"307\" height=\"500\" align=\"middle\" border=\"0\" hspace=\"6\" \/><\/p>\n<p style=\"text-align: justify;\">Uno de los s\u00edmbolos m\u00e1s caracter\u00edsticos de la cultura egipcia desde el Reino Antiguo es sin duda el escarabajo pelotero (<em>Scarabeus sacer<\/em>) que hallamos en relieves, pinturas, amuletos, sarc\u00f3fagos, etc. Pese a no ser el \u00fanico cole\u00f3ptero que aparece en la rica iconograf\u00eda egipcia, s\u00ed es sin duda el m\u00e1s popular y para los Antiguos Egipcios tuvo una significaci\u00f3n realmente importante, vinculada a su asociaci\u00f3n con una entidad divina masculina: <em>Jepri<\/em> o <em>Jeper<\/em>. Represent\u00f3 el renacimiento, la vida longeva y como tal se vincul\u00f3 a una divinidad solar. \u00c9l era el propio dios Ra en el momento de su nacimiento porque los egipcios fueron unos observadores magn\u00edficos de la naturaleza y relacionaron la concepci\u00f3n de estos peque\u00f1os animales con la creaci\u00f3n del Sol.<br \/>\nEl <em>Scarabeus Sacer<\/em> o <em>Ateuchus sacer<\/em> pone los huevos en el interior de una bola de esti\u00e9rcol que empuja con sus patas delanteras y que sirve como soporte para incubar los huevos, adem\u00e1s de constituir el perfecto material nutricio para los peque\u00f1os escarabajos. Al eclosionar los huevos las cr\u00edas emergen hacia la superficie y, para el pensamiento egipcio, esta \u201cm\u00e1gica\u201d concepci\u00f3n y este \u201cmisterioso\u201d alumbramiento -sin la aparente intervenci\u00f3n de sus progenitores-, se puso en paralelo con el nacimiento de Ra. Es m\u00e1s, en muchas ocasiones el Sol se representa mediante un escarabajo que arrastra la bola de esti\u00e9rcol identificada con la bola solar, como un escarabajo dotado de dos alas extendidas o como un hombre con cabeza de escarabajo. Pero otras fases del Sol tambi\u00e9n pod\u00edan ser manifestadas de modos distintos, Por ejemplo, el dios Atum con aspecto humano era el Sol al anochecer y el disco solar o una figura humana con cabeza de halc\u00f3n representaba a Ra, el Sol en el c\u00e9nit.<br \/>\nLos egipcios emplearon el escarabajo a modo amuleto o de sello, inscribiendo sus nombres en la parte posterior, as\u00ed como de soporte para conmemorar acontecimientos importantes. Sin embargo, quiz\u00e1 su uso m\u00e1s importante fue cuando fue empleado como sustituto del coraz\u00f3n y en este sentido es el \u00fanico usado con fines funerarios, ya que el resto de los escarabajos parecen tener un sentido protector m\u00e1s unido al mundo de los vivos.<br \/>\nAl acontecer la muerte el fallecido ten\u00eda que someterse a un juicio en el que se pesar\u00eda su coraz\u00f3n, entendido como sede y responsable de los actos terrenales- en la llamada <em>Sala de las Dos Verdades<\/em>. En este juicio el coraz\u00f3n se pesaba en una balanza, donde actuaba como contrapeso la diosa de la justicia Maat. Era una medida de seguridad porque pod\u00eda ocurrir que el coraz\u00f3n delatara al difunto y confesara haber cometido pecados en la tierra. Para remediarlo los egipcios colocaban sobre el cuerpo de la momia un escarabajo grande de piedra o pasta en el que se hab\u00eda grabado el cap\u00edtulo 30 del Libro de los Muertos, el cual encomiaba a este coraz\u00f3n para que llegado el momento, y de forma m\u00e1gica, no declarara todos esos pecados ante el tribunal divino, facult\u00e1ndole para que pudiera disfrutar de vida eterna.<br \/>\nEn forma de amuleto, fue uno de los m\u00e1s numerosos, tanto como para haber traspasado las propias fronteras egipcias y haberse infiltrado entre fenicios, cartagineses, etruscos, \u00edberos, romanos, etc, los cuales pese haber perdido su significado original segu\u00edan incluy\u00e9ndolo entre sus pertenencias.<br \/>\nComo elemento m\u00e1gico protector y s\u00edmbolo de renacimiento, el escarabajo recibi\u00f3 tal veneraci\u00f3n como para que algunos ejemplares fueran preservados y vendados en peque\u00f1os sarc\u00f3fagos que hoy podemos admirar en los museos con colecciones egipcias ya que no solo el Scarabeus Sacer sirvi\u00f3 como manifestaci\u00f3n divina. Otros tipos de escarabajo tambi\u00e9n estuvieron presentes en el pante\u00f3n y se asociaron, por ejemplo, a la diosa Neit (<em>Agrypnus notodonta<\/em>) o al dios Osiris (<em>Steraspis squamosa<\/em>), etc, raz\u00f3n por la cual contamos con curiosas muestras de escarabajos conservados en el interior de peque\u00f1os sarc\u00f3fagos. Estos ejemplares presentan vendajes muy cuidadosos, algo que no puede por menos que dejar patente la veneraci\u00f3n que los egipcios sintieron hacia este emblema.<br \/>\nNo obstante, la variedad de los escarabeos egipcios no se limita a la representaci\u00f3n f\u00edsica del animal, por ejemplo, algunos presentan cuerpo de escarabajo con cabeza humana o mantienen el aspecto del cole\u00f3ptero pero sin grabar detalladamente sus caracter\u00edsticas anat\u00f3micas.<br \/>\nEl culto al escarabajo fue tan evidente que pas\u00f3 incluso a otras culturas, aunque \u00e9stas no aplicaran muy bien la simbolog\u00eda que tuvo en Egipto. As\u00ed, encontramos ejemplares en todo el mediterr\u00e1neo sem\u00edtico y prerromano, llegando a confines lejanos.<\/p>\n","protected":false},"excerpt":{"rendered":"<p>[Introducci\u00f3n] [A] [B] [C] [D] [E] [F] [G] [H] [I] [J][K] [L] [M] [N] [O] [P] [R] [S] [T] [U] [V] Elisa Castel Ronda &#8211; Agosto de 2007 JEPRI Uno de los s\u00edmbolos m\u00e1s caracter\u00edsticos de la cultura egipcia desde el Reino Antiguo es sin duda el escarabajo pelotero (Scarabeus sacer) que hallamos en relieves, pinturas, amuletos, sarc\u00f3fagos, etc. Pese&#8230;<\/p>\n<p class=\"continue-reading-button\"> <a class=\"continue-reading-link\" href=\"http:\/\/amigosdelantiguoegipto.com\/?page_id=12472\">Seguir leyendo<i class=\"crycon-right-dir\"><\/i><\/a><\/p>\n","protected":false},"author":1,"featured_media":0,"parent":0,"menu_order":11,"comment_status":"closed","ping_status":"closed","template":"","meta":{"ngg_post_thumbnail":0},"_links":{"self":[{"href":"http:\/\/amigosdelantiguoegipto.com\/index.php?rest_route=\/wp\/v2\/pages\/12472"}],"collection":[{"href":"http:\/\/amigosdelantiguoegipto.com\/index.php?rest_route=\/wp\/v2\/pages"}],"about":[{"href":"http:\/\/amigosdelantiguoegipto.com\/index.php?rest_route=\/wp\/v2\/types\/page"}],"author":[{"embeddable":true,"href":"http:\/\/amigosdelantiguoegipto.com\/index.php?rest_route=\/wp\/v2\/users\/1"}],"replies":[{"embeddable":true,"href":"http:\/\/amigosdelantiguoegipto.com\/index.php?rest_route=%2Fwp%2Fv2%2Fcomments&post=12472"}],"version-history":[{"count":0,"href":"http:\/\/amigosdelantiguoegipto.com\/index.php?rest_route=\/wp\/v2\/pages\/12472\/revisions"}],"wp:attachment":[{"href":"http:\/\/amigosdelantiguoegipto.com\/index.php?rest_route=%2Fwp%2Fv2%2Fmedia&parent=12472"}],"curies":[{"name":"wp","href":"https:\/\/api.w.org\/{rel}","templated":true}]}}