{"id":12470,"date":"2007-08-31T22:55:39","date_gmt":"2007-08-31T22:55:39","guid":{"rendered":"http:\/\/amigosdelantiguoegipto.com\/egipto-signos-y-simbolos-de-lo-sagrado-entradas-letra-f\/"},"modified":"2014-07-16T12:40:52","modified_gmt":"2014-07-16T12:40:52","slug":"egipto-signos-y-simbolos-de-lo-sagrado-entradas-letra-f","status":"publish","type":"page","link":"http:\/\/amigosdelantiguoegipto.com\/?page_id=12470","title":{"rendered":"Egipto: signos y s\u00edmbolos de lo sagrado &#8211; Letra F"},"content":{"rendered":"<p style=\"text-align: center;\"><a href=\"http:\/\/amigosdelantiguoegipto.com\/?p=12485\">[Introducci\u00f3n]<\/a><br \/>\n[<a title=\"Egipto: signos y s\u00edmbolos de lo sagrado \u2013 Letra A\" href=\"http:\/\/amigosdelantiguoegipto.com\/?page_id=12465\">A<\/a>] [<a title=\"Egipto: signos y s\u00edmbolos de lo sagrado \u2013 Letra B\" href=\"http:\/\/amigosdelantiguoegipto.com\/?page_id=12466\">B<\/a>] [<a title=\"Egipto: signos y s\u00edmbolos de lo sagrado \u2013 Letra C-\" href=\"http:\/\/amigosdelantiguoegipto.com\/?page_id=12467\">C<\/a>] [<a title=\"Egipto: signos y s\u00edmbolos de lo sagrado \u2013 Letra D\" href=\"http:\/\/amigosdelantiguoegipto.com\/?page_id=12468\">D<\/a>] [<a title=\"Egipto: signos y s\u00edmbolos de lo sagrado \u2013 Letra E\" href=\"http:\/\/amigosdelantiguoegipto.com\/?page_id=12469\">E<\/a>] [F] [<a title=\"Egipto: signos y s\u00edmbolos de lo sagrado \u2013 Letra G\" href=\"http:\/\/amigosdelantiguoegipto.com\/?page_id=12471\">G<\/a>] [<a title=\"Egipto: signos y s\u00edmbolos de lo sagrado \u2013 Letra H\" href=\"http:\/\/amigosdelantiguoegipto.com\/?page_id=131\">H<\/a>] [<a title=\"Egipto: signos y s\u00edmbolos de lo sagrado \u2013 Letra I-\" href=\"http:\/\/amigosdelantiguoegipto.com\/?page_id=134\">I<\/a>] [<a title=\"Egipto: signos y s\u00edmbolos de lo sagrado \u2013 Letra J-\" href=\"http:\/\/amigosdelantiguoegipto.com\/?page_id=12472\">J<\/a>][<a title=\"Egipto: signos y s\u00edmbolos de lo sagrado \u2013 Letra K\" href=\"http:\/\/amigosdelantiguoegipto.com\/?page_id=12473\">K<\/a>]<br \/>\n[<a title=\"Egipto: signos y s\u00edmbolos de lo sagrado \u2013 Letra L\" href=\"http:\/\/amigosdelantiguoegipto.com\/?page_id=12474\">L]<\/a> [<a title=\"Egipto: signos y s\u00edmbolos de lo sagrado \u2013 Letra M\" href=\"http:\/\/amigosdelantiguoegipto.com\/?page_id=12475\">M<\/a>] [<a title=\"Egipto: signos y s\u00edmbolos de lo sagrado \u2013 Letra N\" href=\"http:\/\/amigosdelantiguoegipto.com\/?page_id=189\">N<\/a>] [<a title=\"Egipto: signos y s\u00edmbolos de lo sagrado \u2013 Letra O\" href=\"http:\/\/amigosdelantiguoegipto.com\/?page_id=200\">O]<\/a> [<a title=\"Egipto: signos y s\u00edmbolos de lo sagrado \u2013 Letra P\" href=\"http:\/\/amigosdelantiguoegipto.com\/?page_id=12476\">P<\/a>] [<a title=\"Egipto: signos y s\u00edmbolos de lo sagrado \u2013 Letra R\" href=\"http:\/\/amigosdelantiguoegipto.com\/?page_id=250\">R<\/a>] [<a title=\"Egipto: signos y s\u00edmbolos de lo sagrado \u2013 Letra S\" href=\"http:\/\/amigosdelantiguoegipto.com\/?page_id=285\">S<\/a>] [<a title=\"Egipto: signos y s\u00edmbolos de lo sagrado \u2013 Letra T\" href=\"http:\/\/amigosdelantiguoegipto.com\/?page_id=305\">T<\/a>] [<a title=\"Egipto: signos y s\u00edmbolos de lo sagrado \u2013 Letra U\" href=\"http:\/\/amigosdelantiguoegipto.com\/?page_id=12462\">U<\/a>] [<a title=\"Egipto: signos y s\u00edmbolos de lo sagrado \u2013 Letra V\" href=\"http:\/\/amigosdelantiguoegipto.com\/?page_id=12463\">V<\/a>]<\/p>\n<p style=\"text-align: right;\">Elisa Castel Ronda &#8211; Agosto de 2007<\/p>\n<h3 style=\"text-align: justify;\">FESTIVAL SED<\/h3>\n<p class=\"img\"><img decoding=\"async\" loading=\"lazy\" class=\" size-full wp-image-115 aligncenter\" title=\"Festival Sed\" src=\"  http:\/\/amigosdelantiguoegipto.com\/wp-content\/uploads\/varios\/signos-simbolos\/2007\/08\/festival-sed.jpg\" alt=\"Festival Sed\" width=\"500\" height=\"292\" align=\"middle\" border=\"0\" hspace=\"6\" \/><\/p>\n<p style=\"text-align: justify;\">El Heb Sed (Festival Sed o \u0093Fiesta de Renovaci\u00f3n del poder Real\u0094.) fue una conmemoraci\u00f3n cuyo origen se remonta a la prehistoria; en la que el monarca ten\u00eda que probar que f\u00edsica y mentalmente era apto para permanecer en el trono. Se trata de un ritual simb\u00f3lico de renovaci\u00f3n vital, en el cual el rey reabre un ciclo de gobierno. Dicho festival, estaba relacionado con un dios de origen oscuro, llamado Sed, cuyo aspecto es el de un chacal o un lobo y que guarda cierta relaci\u00f3n con Upuaut \u0093El abridor de Caminos\u0094.<br \/>\nEstaba plagado de complicados rituales m\u00e1gicos que se celebraban a lo largo de varios d\u00edas y en \u00e9l ellos rey deb\u00eda de cumplir todo un complejo ceremonial de regeneraci\u00f3n que inclu\u00eda cambios de vestimenta, de atributos regios, invocaciones para la presencia de los dioses locales del Egipto unificado, etc. En teor\u00eda deb\u00eda de celebrarse al llegar al a\u00f1o 30 del reinado de cada monarca, y repetirse con la misma periodicidad, ya que se entend\u00eda que \u00e9ste era el paso de una generaci\u00f3n. En la pr\u00e1ctica sabemos que algunos faraones del Reino Nuevo, no cumplieron este requisito y que los sucesivos Heb Sed, se realizaron con intervalos de tiempo variables sin que podamos saber con seguridad la raz\u00f3n del cambio del periodo.<br \/>\nConocemos im\u00e1genes de su celebraci\u00f3n desde el reinado del monarca Den. Todo hace sospechar que, en los comienzos, el rey podr\u00eda haber sido sacrificado si no era capaz de cumplir con los actos prescritos pero, m\u00e1s tarde, se convirti\u00f3 en una forma m\u00e1gica de regeneraci\u00f3n que no exig\u00eda la inmolaci\u00f3n del soberano.<br \/>\nDurante el Reino Antiguo, y concretamente bajo la Dinast\u00eda III, la fiesta fue incluso pensada para obtener la regeneraci\u00f3n en el M\u00e1s All\u00e1. Muestra de ello es el magnifico complejo funerario del rey Dyeser, donde a modo de escenario se construyeron todos los edificios que tradicionalmente se empleaban para esta fiesta aunque \u00e9stos son en realidad edificios macizos que no sirven m\u00e1s que de decoraci\u00f3n o de escenario m\u00e1gico.<br \/>\nLas fuentes cl\u00e1sicas informan de un ritual similar en Meroe: se sacrificaba al monarca reinante cuando perd\u00eda su capacidad de fecundaci\u00f3n (s\u00edmbolo de la llegada de la senectud). El sacrificio lo realizaban los sacerdotes. Erg\u00e1menes I hab\u00eda sido el primer rey que se opuso a este sacrificio, triunfando las prerrogativas reales frente al arbitraje sacerdotal.<\/p>\n<h3 style=\"text-align: justify;\">FETICHE DE ORISIS<\/h3>\n<p class=\"img\"><img decoding=\"async\" loading=\"lazy\" class=\" size-full wp-image-116 aligncenter\" title=\"Fetiche de Osiris\" src=\"  http:\/\/amigosdelantiguoegipto.com\/wp-content\/uploads\/varios\/signos-simbolos\/2007\/08\/fetiche-osiris.jpg\" alt=\"Fetiche de Osiris\" width=\"375\" height=\"500\" align=\"middle\" border=\"0\" hspace=\"6\" \/><\/p>\n<p style=\"text-align: justify;\">El fetiche de Osiris pudo ser en origen la representaci\u00f3n de la colina primordial a la que m\u00e1s tarde se le a\u00f1adieron dos plumas e, incluso en algunos lugares, como por ejemplo en el templo de Sethy I en Abidos, lo encontramos con una cara dibujada en la parte frontal. Precisamente, por alguna raz\u00f3n se interpret\u00f3 que era el relicario que conten\u00eda la cabeza del dios Osiris, una de las partes esenciales del dios, reverenci\u00e1ndose en esta ciudad y convirti\u00e9ndose en su emblema. Es bastante habitual en el interior de los sarc\u00f3fagos del Tercer Periodo Intermedio, situado en el fondo de la caja, all\u00ed donde deb\u00eda reposar la espalda del finado, aunque tambi\u00e9n puede estar dibujado en el exterior sustituyendo la tradicional imagen del dios del M\u00e1s All\u00e1.<br \/>\nLos fragmentos de Osiris que se veneraban en cada uno de los nomos egipcios, se reencontraban, de forma m\u00e1gica, a trav\u00e9s de los Osiris vegetantes, en el mes de Joiak, produci\u00e9ndose un triple acontecimiento m\u00e1gico-m\u00edtico-religioso.<\/p>\n<h3 style=\"text-align: justify;\">FLAGELO NEJEJ<\/h3>\n<p class=\"img\"><img decoding=\"async\" loading=\"lazy\" class=\" size-full wp-image-117 aligncenter\" title=\"Flagelo Nenej\" src=\"  http:\/\/amigosdelantiguoegipto.com\/wp-content\/uploads\/varios\/signos-simbolos\/2007\/08\/flajelo-nejej.jpg\" alt=\"Flagelo Nenej\" width=\"375\" height=\"500\" align=\"middle\" border=\"0\" hspace=\"6\" \/><\/p>\n<p style=\"text-align: justify;\">Tanto el origen del flagelo o cetro <em>Nejej<\/em>, como del cayado <em>Heka<\/em> es incierto; ambos pudieron ser dos instrumentos empleados por grupos n\u00f3madas para la conducci\u00f3n del ganado, a modo de espantamoscas o l\u00e1tigo. Posteriormente este uso deriv\u00f3 en la gu\u00eda de los hombres en lugar del grupo de animales y se sigui\u00f3 empleando en la iconograf\u00eda.<br \/>\nPrecisamente su relaci\u00f3n con la agricultura y la ganader\u00eda deriva de su conexi\u00f3n con el dios Osiris, deidad a la que tradicionalmente se le atribu\u00eda la ense\u00f1anza de ambas t\u00e9cnicas. Por analog\u00eda sol\u00eda llevarlo el monarca en escenas rituales o en contextos funerarios para simbolizar su derecho a ser rey de Egipto y su identificaci\u00f3n funeraria con Osiris (soberano del M\u00e1s All\u00e1), tras la muerte.<br \/>\nEl flagelo podr\u00eda indicar la funci\u00f3n de conducir, mientras que el cayado <em>Heka<\/em>, se\u00f1alar\u00eda protecci\u00f3n. En cualquier caso el Nejej es un s\u00edmbolo de autoridad y poder.<\/p>\n<h3 style=\"text-align: justify;\">FUEGO<\/h3>\n<p class=\"img\"><img decoding=\"async\" loading=\"lazy\" class=\" size-full wp-image-118 aligncenter\" title=\"Fuego\" src=\"  http:\/\/amigosdelantiguoegipto.com\/wp-content\/uploads\/varios\/signos-simbolos\/2007\/08\/fuego.jpg\" alt=\"Fuego\" width=\"375\" height=\"500\" align=\"middle\" border=\"0\" hspace=\"6\" \/><\/p>\n<p style=\"text-align: justify;\">Como ocurre en otras culturas, el fuego era un elemento ambivalente; es decir, era considerado tanto ben\u00e9fico como da\u00f1ino, purificador y devastador.<br \/>\nFuego era lo que desprend\u00eda la diosa serpiente (Ureos) cuando se encolerizaba, lo que escup\u00eda cuando -situada en la frente de Ra o del monarca- le proteg\u00eda contra todo el mal que quisiera atacarle. Era el elemento que empleaban algunas deidades para espantar a las fuerzas malignas.<br \/>\nA causa de las propiedades t\u00e9rmicas del Sol, los egipcios sospecharon que era fuego y como tal situaron su morada en un lugar denominado \u0093la isla de las llamas\u0094 o \u0093Isla de Fuego\u0094. Este \u0093fuego\u0094 se percib\u00eda cada ma\u00f1ana en los amaneceres te\u00f1idos de rojo.<br \/>\nEl fuego pod\u00eda ser un s\u00edmbolo de vida y de salud, tan imprescindible como para que los difuntos sintieran la necesidad de \u00e9l como energ\u00eda para mantener su cuerpo \u0093vivo\u0094; precisamente para esta funci\u00f3n se enterraban con ciertos talismanes, llamados hipoc\u00e9falo.<br \/>\nPese a sus cualidades purificadoras, como elemento peligroso y temible, tambi\u00e9n ten\u00eda que ser conjurado para que no da\u00f1ara al fallecido. Tambi\u00e9n como elemento purificador, sirvi\u00f3 para deshacer ciertas figurillas de cera que reproduc\u00edan a algunos animales (simulando virtualmente su sacrificio real) o la imagen de los enemigos a las cuales se les dotaba de personalidad gracias a la reproducci\u00f3n de su aspecto caracter\u00edstico y la inscripci\u00f3n que se grababa o pintaba sobre la superficie de la figura.<br \/>\nAparece citado en multitud de ocasiones como un medio de tortura para los condenados en el M\u00e1s All\u00e1, como martirio para aquellos que no hab\u00edan sido justos en la tierra. Los seres que mor\u00edan quemados no ten\u00edan posibilidad de que su Ba perviviera en la eternidad y las almas condenadas en el juicio del M\u00e1s All\u00e1 tambi\u00e9n sufr\u00edan este castigo o pena capital.<\/p>\n","protected":false},"excerpt":{"rendered":"<p>[Introducci\u00f3n] [A] [B] [C] [D] [E] [F] [G] [H] [I] [J][K] [L] [M] [N] [O] [P] [R] [S] [T] [U] [V] Elisa Castel Ronda &#8211; Agosto de 2007 FESTIVAL SED El Heb Sed (Festival Sed o \u0093Fiesta de Renovaci\u00f3n del poder Real\u0094.) fue una conmemoraci\u00f3n cuyo origen se remonta a la prehistoria; en la que el monarca ten\u00eda que probar&#8230;<\/p>\n<p class=\"continue-reading-button\"> <a class=\"continue-reading-link\" href=\"http:\/\/amigosdelantiguoegipto.com\/?page_id=12470\">Seguir leyendo<i class=\"crycon-right-dir\"><\/i><\/a><\/p>\n","protected":false},"author":1,"featured_media":0,"parent":0,"menu_order":7,"comment_status":"closed","ping_status":"closed","template":"","meta":{"ngg_post_thumbnail":0},"_links":{"self":[{"href":"http:\/\/amigosdelantiguoegipto.com\/index.php?rest_route=\/wp\/v2\/pages\/12470"}],"collection":[{"href":"http:\/\/amigosdelantiguoegipto.com\/index.php?rest_route=\/wp\/v2\/pages"}],"about":[{"href":"http:\/\/amigosdelantiguoegipto.com\/index.php?rest_route=\/wp\/v2\/types\/page"}],"author":[{"embeddable":true,"href":"http:\/\/amigosdelantiguoegipto.com\/index.php?rest_route=\/wp\/v2\/users\/1"}],"replies":[{"embeddable":true,"href":"http:\/\/amigosdelantiguoegipto.com\/index.php?rest_route=%2Fwp%2Fv2%2Fcomments&post=12470"}],"version-history":[{"count":0,"href":"http:\/\/amigosdelantiguoegipto.com\/index.php?rest_route=\/wp\/v2\/pages\/12470\/revisions"}],"wp:attachment":[{"href":"http:\/\/amigosdelantiguoegipto.com\/index.php?rest_route=%2Fwp%2Fv2%2Fmedia&parent=12470"}],"curies":[{"name":"wp","href":"https:\/\/api.w.org\/{rel}","templated":true}]}}