{"id":12462,"date":"2007-08-31T22:44:53","date_gmt":"2007-08-31T22:44:53","guid":{"rendered":"http:\/\/amigosdelantiguoegipto.com\/egipto-signos-y-simbolos-de-lo-sagrado-entradas-letra-u\/"},"modified":"2014-07-16T12:43:30","modified_gmt":"2014-07-16T12:43:30","slug":"egipto-signos-y-simbolos-de-lo-sagrado-entradas-letra-u","status":"publish","type":"page","link":"http:\/\/amigosdelantiguoegipto.com\/?page_id=12462","title":{"rendered":"Egipto: signos y s\u00edmbolos de lo sagrado &#8211; Letra U"},"content":{"rendered":"<p style=\"text-align: center;\"><a href=\"http:\/\/amigosdelantiguoegipto.com\/?p=12485\">[Introducci\u00f3n]<\/a><br \/>\n[<a title=\"Egipto: signos y s\u00edmbolos de lo sagrado \u2013 Letra A\" href=\"http:\/\/amigosdelantiguoegipto.com\/?page_id=12465\">A<\/a>] [<a title=\"Egipto: signos y s\u00edmbolos de lo sagrado \u2013 Letra B\" href=\"http:\/\/amigosdelantiguoegipto.com\/?page_id=12466\">B<\/a>] [<a title=\"Egipto: signos y s\u00edmbolos de lo sagrado \u2013 Letra C-\" href=\"http:\/\/amigosdelantiguoegipto.com\/?page_id=12467\">C<\/a>] [<a title=\"Egipto: signos y s\u00edmbolos de lo sagrado \u2013 Letra D\" href=\"http:\/\/amigosdelantiguoegipto.com\/?page_id=12468\">D<\/a>] [<a title=\"Egipto: signos y s\u00edmbolos de lo sagrado \u2013 Letra E\" href=\"http:\/\/amigosdelantiguoegipto.com\/?page_id=12469\">E<\/a>] [<a title=\"Egipto: signos y s\u00edmbolos de lo sagrado \u2013 Letra F\" href=\"http:\/\/amigosdelantiguoegipto.com\/?page_id=12470\">F<\/a>] [<a title=\"Egipto: signos y s\u00edmbolos de lo sagrado \u2013 Letra G\" href=\"http:\/\/amigosdelantiguoegipto.com\/?page_id=12471\">G<\/a>] [<a title=\"Egipto: signos y s\u00edmbolos de lo sagrado \u2013 Letra H\" href=\"http:\/\/amigosdelantiguoegipto.com\/?page_id=131\">H<\/a>] [<a title=\"Egipto: signos y s\u00edmbolos de lo sagrado \u2013 Letra I-\" href=\"http:\/\/amigosdelantiguoegipto.com\/?page_id=134\">I<\/a>] [<a title=\"Egipto: signos y s\u00edmbolos de lo sagrado \u2013 Letra J-\" href=\"http:\/\/amigosdelantiguoegipto.com\/?page_id=12472\">J<\/a>][<a title=\"Egipto: signos y s\u00edmbolos de lo sagrado \u2013 Letra K\" href=\"http:\/\/amigosdelantiguoegipto.com\/?page_id=12473\">K<\/a>]<br \/>\n[<a title=\"Egipto: signos y s\u00edmbolos de lo sagrado \u2013 Letra L\" href=\"http:\/\/amigosdelantiguoegipto.com\/?page_id=12474\">L]<\/a> [<a title=\"Egipto: signos y s\u00edmbolos de lo sagrado \u2013 Letra M\" href=\"http:\/\/amigosdelantiguoegipto.com\/?page_id=12475\">M<\/a>] [<a title=\"Egipto: signos y s\u00edmbolos de lo sagrado \u2013 Letra N\" href=\"http:\/\/amigosdelantiguoegipto.com\/?page_id=189\">N<\/a>] [<a title=\"Egipto: signos y s\u00edmbolos de lo sagrado \u2013 Letra O\" href=\"http:\/\/amigosdelantiguoegipto.com\/?page_id=200\">O]<\/a> [<a title=\"Egipto: signos y s\u00edmbolos de lo sagrado \u2013 Letra P\" href=\"http:\/\/amigosdelantiguoegipto.com\/?page_id=12476\">P<\/a>] [<a title=\"Egipto: signos y s\u00edmbolos de lo sagrado \u2013 Letra R\" href=\"http:\/\/amigosdelantiguoegipto.com\/?page_id=250\">R<\/a>] [<a title=\"Egipto: signos y s\u00edmbolos de lo sagrado \u2013 Letra S\" href=\"http:\/\/amigosdelantiguoegipto.com\/?page_id=285\">S<\/a>] [<a title=\"Egipto: signos y s\u00edmbolos de lo sagrado \u2013 Letra T\" href=\"http:\/\/amigosdelantiguoegipto.com\/?page_id=305\">T<\/a>] [U] [<a title=\"Egipto: signos y s\u00edmbolos de lo sagrado \u2013 Letra V\" href=\"http:\/\/amigosdelantiguoegipto.com\/?page_id=12463\">V<\/a>]<\/p>\n<p style=\"text-align: right;\">Elisa Castel Ronda &#8211; Agosto de 2007<\/p>\n<h3 style=\"text-align: justify;\">UADY<\/h3>\n<p class=\"img\"><img decoding=\"async\" loading=\"lazy\" class=\" size-full wp-image-306 aligncenter\" title=\"Uady\" src=\"  http:\/\/amigosdelantiguoegipto.com\/wp-content\/uploads\/varios\/signos-simbolos\/2007\/08\/uady.jpg\" alt=\"Uady\" width=\"182\" height=\"500\" align=\"middle\" border=\"0\" hspace=\"6\" \/><\/p>\n<p style=\"text-align: justify;\">Era un cetro de papiro que, en contextos funerarios, evocaba la resurrecci\u00f3n. Igual que el papiro crec\u00eda a orillas del r\u00edo Nilo, el difunto renac\u00eda en el M\u00e1s All\u00e1 pero, sobre todo, garantizaba la ayuda de una de las diosas m\u00e1s importantes del pante\u00f3n egipcio, la diosa Uadyet, patrona del Bajo Egipto.<br \/>\nEn el plano divino sol\u00edan llevarlo las diosas y era un poderoso cetro de poder que simbolizaba el rejuvenecimiento, el verdor, la juventud eterna.<br \/>\nEn forma de amuleto se encuentra en el Reino Nuevo pero se hace muy popular a partir de la Dinast\u00eda XXVI. Normalmente estaba confeccionado con alg\u00fan material de color azul o verde. Sol\u00eda colocarse en la nuca o el cuello del difunto y serv\u00eda para obtener juventud y virilidad, en el caso de los hombres, y fertilidad en el de las mujeres. Para ambos era un s\u00edmbolo de regeneraci\u00f3n.<\/p>\n<h3 style=\"text-align: justify;\">UAS<\/h3>\n<p class=\"img\"><img decoding=\"async\" loading=\"lazy\" class=\" size-full wp-image-307 aligncenter\" title=\"Uas\" src=\"  http:\/\/amigosdelantiguoegipto.com\/wp-content\/uploads\/varios\/signos-simbolos\/2007\/08\/uas.jpg\" alt=\"Uas\" width=\"201\" height=\"500\" align=\"middle\" border=\"0\" hspace=\"6\" \/><\/p>\n<p style=\"text-align: justify;\">El origen del significado de este cetro se nos escapa. Algunos autores creen que podr\u00eda ser un antiguo fetiche protector, un dios tot\u00e9mico del Predin\u00e1stico que estaba asociado con la felicidad, la prosperidad y la potencia divina, o un antiguo bast\u00f3n para conducir al ganado; lo llevan usualmente deidades masculinas. Parece tener una conexi\u00f3n solar. Otros creen que en \u00e9l aparece la cabeza estilizada del dios Seth ya que, en ocasiones, la parte superior del mismo est\u00e1 animada con un ojo y a veces se encuentra dotado de brazos que sujetan distintos emblemas o motivos m\u00e1gico-religiosos. Sin embargo nada permite confirmar tal hip\u00f3tesis. Lo que parece m\u00e1s veros\u00edmil es que fuera un cetro en cuya parte superior se pudo representar de forma estilizada un animal, posiblemente canino.<br \/>\nEn opini\u00f3n de Cervell\u00f3 este objeto, se asemeja mucho a un bast\u00f3n que empleado en \u00c1frica por los actuales pastores peul, para ayudarse a transportar sus objetos personales<em>.<\/em><br \/>\nEl cetro termina por su parte inferior en dos extremos curvados hacia el interior en forma de horquilla.<br \/>\nEst\u00e1 documentado desde el Protodin\u00e1stico, lo llevan las deidades masculinas (en casos especiales tambi\u00e9n algunas diosas) y se lo entregan al rey como s\u00edmbolo de poder y fuerza. Puede aparecer asociado al <em>Anj <\/em>(la vida) y al <em>Dyed <\/em>(estabilidad).<br \/>\nEn contextos funerarios proporcionaba el bienestar y la dominaci\u00f3n en el otro mundo. Por ello se incluy\u00f3 en el ajuar, coloc\u00e1ndose junto al cuerpo del difunto y suele estar pintado de verde y ocasionalmente de rojo. Asimismo se emple\u00f3 como parte de la decoraci\u00f3n en tumbas y sarc\u00f3fagos, adem\u00e1s de aparecer en adornos de joyer\u00eda.<br \/>\nCuatro cetros <em>Uas<\/em> representaban los cuatro pilares que sustentaban el cielo.<br \/>\nDesde el Reino Antiguo pod\u00eda acompa\u00f1arse de una pluma, simbolizando el <em>nomo<\/em> de Tebas.<\/p>\n<h3 style=\"text-align: justify;\">UDYAT<\/h3>\n<p class=\"img\"><img decoding=\"async\" loading=\"lazy\" class=\" size-full wp-image-308 aligncenter\" title=\"Udyat\" src=\"  http:\/\/amigosdelantiguoegipto.com\/wp-content\/uploads\/varios\/signos-simbolos\/2007\/08\/udyat.jpg\" alt=\"Udyat\" width=\"500\" height=\"353\" align=\"middle\" border=\"0\" hspace=\"6\" \/><\/p>\n<p style=\"text-align: justify;\">En Egipto encontramos muchos ejemplos donde el ojo juega un papel fundamental pero, quiz\u00e1, entre todos ellos, el que se ha convertido en el m\u00e1s popular llegando incluso a reproducirse en la joyer\u00eda moderna, es el denominado <em>Udyat<\/em> u Ojo de Horus, cuyo significado es: <em>el que est\u00e1 completo<\/em>. La asociaci\u00f3n entre el Ojo <em>Udyat<\/em> y el dios Horus se percibe a trav\u00e9s de una de las leyendas m\u00e1s importantes que se recogieron en el Valle del Nilo, donde se narran las batallas que personific\u00f3 en contra de su t\u00edo Seth.<br \/>\nHorus era el hijo de Osiris, un dios que hab\u00eda sido asesinado por su hermano Seth. Cuando Osiris resucit\u00f3 y pas\u00f3 a presidir el M\u00e1s All\u00e1, su hijo se convirti\u00f3 en el vengador de su padre y acometi\u00f3 toda una serie de luchas contra Seth, el asesino de su progenitor. En estos encarnizados combates Horus siempre sali\u00f3 victorioso pero, en el transcurso de las mismas ambos contendientes sufrieron heridas y p\u00e9rdidas vitales, entre ellas la mutilaci\u00f3n del ojo izquierdo de Horus (o los dos dependiendo de la versi\u00f3n del mito) y la amputaci\u00f3n de los test\u00edculos de Seth. Gracias a la intervenci\u00f3n del dios Thot el ojo de Horus pudo ser sanado y sustituido por el <em>Udyat<\/em>, para que el dios recuperara la visi\u00f3n. Este ojo estaba dotado de unas cualidades magn\u00edficas.<br \/>\nPor otro lado, desde el Reino Antiguo hasta el fin de la civilizaci\u00f3n fara\u00f3nica, las leyendas cuentan que los dos ojos de Ra estaban vinculados uno a la luna (el <em>Udyat<\/em>) y el otro al Sol y en el terreno mitol\u00f3gico se explic\u00f3 del modo siguiente: las fases lunares respond\u00edan a los periodos de curaci\u00f3n del Ojo de Horus, manifest\u00e1ndose en la Luna Llena el momento en que \u00e9ste hab\u00eda sanado por completo y en la Luna Nueva cuando hab\u00eda sufrido el da\u00f1o. Por ello, \u00e9ste momento se consider\u00f3 peligroso, ya que fue el instante en que Horus hab\u00eda perdido la visi\u00f3n y causa por la cual el astro no pod\u00eda manifestarse en el firmamento nocturno. Es decir que, mediante el <em>Udyat<\/em>, se aseguraba y garantizaba el buen funcionamiento del cosmos, entendido como el buen discurrir del circuito diurno del Sol y las fases c\u00edclicas de la Luna. Todos estos acontecimientos y sobre todo la m\u00e1gica sustituci\u00f3n del milagroso Ojo de Horus, determinaron su uso para la protecci\u00f3n y curaci\u00f3n de enfermedades relacionadas con los ojos.<br \/>\nSobre los relieves egipcios es frecuente encontrar la ofrenda del Ojo a los dioses, es m\u00e1s, era la ofrenda por excelencia, un distintivo de orden que pod\u00eda ponerse en paralelo con la ofrenda de Maat. El propio Horus (o el rey como encarnaci\u00f3n terrestre del dios) era el encargado de presentarlo ante la boca de su padre Osiris para lograr su \u201ccura\u201d, es decir, para obtener su resurrecci\u00f3n, logrando el buen funcionamiento del mundo divino y terrestre.<br \/>\nSarc\u00f3fagos, amuletos, cetros, piezas de joyer\u00eda, estelas, barcas y remos, etc, son algunos de los soportes donde encontramos este curioso \u00f3rgano que, para los Antiguos Egipcios, estuvo vinculado a conceptos de totalidad, luz, salud y curaci\u00f3n pero que, adem\u00e1s, serv\u00eda como un poderoso instrumento de protecci\u00f3n contra el mal de ojo, propiciador de la buena suerte y guardi\u00e1n contra las fuerzas hostiles que pudieran acosar tanto al difunto como al hombre vivo.<br \/>\nLo encontramos grabado, por ejemplo, en las plazas protectoras que se colocaban sobre la incisi\u00f3n que se practicaba a la momia, un lugar especialmente peligroso ya que, al ser una abertura \u201carficial\u201d era un punto susceptible para que las fuerzas del mal pudieran atacar al difunto, provocando la putrefacci\u00f3n y por tanto, la imposibilidad de qu\u00e9 el individuo disfrutara de vida eterna. Tambi\u00e9n grabado o pintado sobre la superficie lateral de los sarc\u00f3fagos, serv\u00eda para que el difunto tuviera garantizada la posibilidad de ver tras la muerte, pudiendo observar el viaje que deb\u00eda realizar por el cielo. En definitiva, el <em>Udyat<\/em> fue un elemento de protecci\u00f3n muy poderoso y como tal su n\u00famero en la iconograf\u00eda egipcia es m\u00e1s que significativo.<br \/>\nAdem\u00e1s de Horus, en Egipto encontramos a algunos dioses que tambi\u00e9n llevaron la ofrenda del Ojo. Nos estamos refiriendo por ejemplo al dios Iah, manifestaci\u00f3n de la luna, o al dios Nefertum que como encargado de los alimentos que se depositaban en las ofrendas, llevaba tambi\u00e9n el ojo en sus manos.<br \/>\nFinalmente y unido al mito tenemos a dos manifestaciones de Horus: Jentyirty y (Me)jentyirty, ambos personifican al dios halc\u00f3n con el ojo sano en el primer caso y enfermo, en el segudo.<\/p>\n<h3 style=\"text-align: justify;\">\u00daREUS<\/h3>\n<p class=\"img\"><img decoding=\"async\" loading=\"lazy\" class=\" size-full wp-image-309 aligncenter\" title=\"\u00dareus\" src=\"  http:\/\/amigosdelantiguoegipto.com\/wp-content\/uploads\/varios\/signos-simbolos\/2007\/08\/ureus.jpg\" alt=\"\u00dareus\" width=\"500\" height=\"205\" align=\"middle\" border=\"0\" hspace=\"6\" \/><\/p>\n<p style=\"text-align: justify;\"><em>\u00dareus<\/em> fue el t\u00e9rmino empleado por Horapol\u00f3n, un estudioso que vivi\u00f3 en el Alto Egipto en la segunda mitad del siglo V d.C., y que ofreci\u00f3 una interpretaci\u00f3n ideogr\u00e1fica de la escritura jerogl\u00edfica en su tratado <em>Hieroglyphica.<\/em> Este t\u00e9rmino se ha mantenido desde entonces para designar a la serpiente protectora que se encontraba en la frente de Ra, de algunas deidades solares del pante\u00f3n y del monarca. Simbolizaba majestad, divinidad, la luz y se puede distinguir, bajo la forma de la diosa Uadyet, -tradicional diosa del Bajo Egipto- con seguridad desde el periodo de Nagada III.<br \/>\nPuede aparecer en forma de amuleto, en enterramientos no reales. En estos casos serv\u00eda para otorgar al difunto la protecci\u00f3n de la realeza con todos los beneficios que esto conllevaba.<\/p>\n<h3 style=\"text-align: justify;\">UROBOROS<\/h3>\n<p class=\"img\"><img decoding=\"async\" loading=\"lazy\" class=\" size-full wp-image-310 aligncenter\" title=\"Uroboros\" src=\"  http:\/\/amigosdelantiguoegipto.com\/wp-content\/uploads\/varios\/signos-simbolos\/2007\/08\/uroboros.jpg\" alt=\"Uroboros\" width=\"500\" height=\"391\" align=\"middle\" border=\"0\" hspace=\"6\" \/><\/p>\n<p style=\"text-align: justify;\"><em>Uroboros<\/em> es el nombre que dieron los griegos a una serpiente que aparece mordi\u00e9ndose la cola, formando un c\u00edrculo. Literalmente significa \u0093(Con) la cola en la boca\u0094; tambi\u00e9n puede interpretarse \u0093fuera de la oscuridad\u0094 (del oc\u00e9ano primordial).<br \/>\nSimboliz\u00f3 la eternidad, el retorno c\u00edclico, lo que no tiene principio ni fin, es decir la idea de que cuando algo finaliza vuelve a comenzar, en eterna repetici\u00f3n. Fue un modo de representar la continuidad de la vida, la totalidad, el tiempo indefinido.<br \/>\nAl igual que el huevo o las barcas, fue un s\u00edmbolo que sirvi\u00f3 para encarnar el veh\u00edculo del dios, su morada. A este simbolismo hay que a\u00f1adirle la de la serpiente, que en Egipto ten\u00eda conexi\u00f3n con el renacimiento y el rejuvenecimiento, la inmortalidad, el resurgir eterno.<br \/>\nLa primera representaci\u00f3n conocida del <em>uroboros<\/em> se encuentra en la segunda capilla del rey Tut-Anj-Am\u00f3n, donde aparece una figura momiforme con dos serpientes que se muerden la cola, una situada en la cabeza y otra en los pies. La primera se denomina Mehen. Es el dios primordial que vino a la existencia y tambi\u00e9n est\u00e1 presente en la hora duod\u00e9cima de la noche. En su interior aparece con frecuencia la imagen de un ni\u00f1o chup\u00e1ndose el dedo de la mano que emerge de la espalda de dos leones yuxtapuestos, s\u00edmbolo de las dos colinas lindantes al Este y al Oeste de Egipto. Esta imagen no es m\u00e1s que un modo de expresar el sol en su nacimiento.<\/p>\n<h3 style=\"text-align: justify;\"><em>USEJ<\/em><\/h3>\n<p class=\"img\"><img decoding=\"async\" loading=\"lazy\" class=\" size-full wp-image-311 aligncenter\" title=\"Usej\" src=\"  http:\/\/amigosdelantiguoegipto.com\/wp-content\/uploads\/varios\/signos-simbolos\/2007\/08\/usej.jpg\" alt=\"Usej\" width=\"500\" height=\"383\" align=\"middle\" border=\"0\" hspace=\"6\" \/><\/p>\n<p style=\"text-align: justify;\">El Usej era un collar de oro con cualidades protectoras que estuvo relacionado con Hathor. Aparece en una gran cantidad de relieves y en todos ellos se encuentra como una ofrenda destinada a los dioses.<br \/>\nTambi\u00e9n se colocaba sobre las momias ya que, por su relaci\u00f3n con la diosa vaca, este instrumento m\u00e1gico permit\u00eda obtener la eternidad, la resurrecci\u00f3n y proteger a su portador de los enemigos que quisieran causarle alg\u00fan mal.<br \/>\nParece que el origen de esta joya ha de buscarse en un antiguo collar vegetal que ten\u00eda nueve filas de peque\u00f1as de plantas, que bien pudieran ser lotos u otro tipo de flor, siempre que desprendieran un olor agradable. Posteriormente, al ser reproducido por los orfebres, se trabaj\u00f3 en oro y los textos especifican que deb\u00eda ser de oro, adornado con piedras preciosas y lapisl\u00e1zuli.<br \/>\nEl collar se denomin\u00f3 en ocasiones \u0093guirnalda de Atum\u0094 y las nueve filas que lo compon\u00edan aparecen citadas de varias formas: \u0093la efigie de la en\u00e9ada\u0094, \u0093Atum reunido con sus ni\u00f1os\u0094 o \u0093guirnalda de Jepri\u0094. Todos los apelativos son solares y con estos nombres se \u0093cargaba\u0094 al collar con mayor significado y poder. Las fuerzas de Hathor se un\u00edan a las del creador Atum y las de la En\u00e9ada de Heli\u00f3polis.<\/p>\n<h3 style=\"text-align: justify;\">USHEBTIES (SHABTIES, SHAUABTI)<\/h3>\n<p class=\"img\"><img decoding=\"async\" loading=\"lazy\" class=\" size-full wp-image-312 aligncenter\" title=\"Ushebties (Shabties, Shauabti)\" src=\"  http:\/\/amigosdelantiguoegipto.com\/wp-content\/uploads\/varios\/signos-simbolos\/2007\/08\/ushebti.jpg\" alt=\"Ushebties (Shabties, Shauabti)\" width=\"375\" height=\"500\" align=\"middle\" border=\"0\" hspace=\"6\" \/><\/p>\n<p style=\"text-align: justify;\">Su nombre vari\u00f3 a medida que la lengua y la escritura fueron evolucionando. Durante el Reino Medio se denominaron Shabtis, en el Reino Nuevo Shauabtis y a partir del Per\u00edodo Tard\u00edo Ushebtis, nombre generalizado en la mayor parte de los manuales de religi\u00f3n egipcia. Su nombre procede el verbo <em>Shwbty<\/em> que significa responder.<br \/>\nLos primeros ejemplares proceden de la tumba de Gua en Bersha, donde se cita un texto para fabricarlos.<br \/>\nLos <em>ushebtis<\/em> o \u0093los que responden\u0094 eran unas figurillas que representaban al propio difunto; aparecieron en el Reino Medio y formaban parte de todo ajuar funerario que se preciara. Ten\u00edan aspecto momiforme y llevaban los \u00fatiles de labranza en las manos. Durante el Reino Medio llevaban adem\u00e1s una inscripci\u00f3n con el ensalmo 472 del los Textos de los sarc\u00f3fagos y durante el Reino Nuevo el cap\u00edtulo 6 del <em>\u0093Libro de los Muertos\u0094<\/em>, titulado <em>F\u00f3rmula para que un ushebti ejecute los trabajos para alguien en el M\u00e1s All\u00e1<\/em>,. es decir, para que en nombre del fallecido la figura sustituyera al difunto una vez que \u00e9ste se encontrara en los Campos de Ialu o campos del M\u00e1s All\u00e1, ya que aqu\u00ed pod\u00eda ser requerido para que trabajara y obtener su sustento, aunque otros ejemplares simplemente llevaban el nombre del difunto y sus t\u00edtulos.<br \/>\nDurante el Reino Nuevo, el n\u00famero de <em>ushebties<\/em> que se introduc\u00edan en la tumba se increment\u00f3 de forma espectacular y es frecuente encontrar 365 figurillas, una para cada d\u00eda del a\u00f1o. Adem\u00e1s pod\u00edan a\u00f1adirse 36 capataces, que comandaban cada una de las cuadrillas compuestas por 10 \u0093trabajadores\u0094, jefes de mes, etc. A \u00e9stos se les suele distinguir por llevar un faldell\u00edn en lugar de tener forma de momia. Por si todo esto fuera poco, se pod\u00edan incorporar un n\u00famero variable de figurillas que actuaban a modo de suplentes y que representaban a trabajadores con funciones especializadas. Toda una plantilla de trabajadores para asegurarse el ocio en el M\u00e1s All\u00e1.<br \/>\nLos <em>ushebties<\/em> pod\u00edan introducirse dentro de una caja de madera, llamada Caja de Ushebties. Las hay muy sencillas, sin apenas textos ni decoraci\u00f3n, y muy complicadas, donde el difunto o la difunta aparece en acto de adoraci\u00f3n ante una o varias divinidades. Algunos ejemplares de <em>ushebties,<\/em> durante el Reino Nuevo, llegaron a introducirse en sarc\u00f3fagos en miniatura.<br \/>\nLos <em>ushebtis<\/em> del Reino Medio tuvieron como antecedentes toda una serie de estatuas policromadas de madera que representaron a sirvientes llevando a cabo distintas actividades tales como moler el grano, hacer cerveza, cortar carne, pescar, o tejer.<br \/>\nEn \u00c9poca Tard\u00eda estas figurillas fueron elaboradas masivamente, increment\u00e1ndose su n\u00famero y uso en las tumbas de dicho periodo.<\/p>\n","protected":false},"excerpt":{"rendered":"<p>[Introducci\u00f3n] [A] [B] [C] [D] [E] [F] [G] [H] [I] [J][K] [L] [M] [N] [O] [P] [R] [S] [T] [U] [V] Elisa Castel Ronda &#8211; Agosto de 2007 UADY Era un cetro de papiro que, en contextos funerarios, evocaba la resurrecci\u00f3n. Igual que el papiro crec\u00eda a orillas del r\u00edo Nilo, el difunto renac\u00eda en el M\u00e1s All\u00e1 pero, sobre&#8230;<\/p>\n<p class=\"continue-reading-button\"> <a class=\"continue-reading-link\" href=\"http:\/\/amigosdelantiguoegipto.com\/?page_id=12462\">Seguir leyendo<i class=\"crycon-right-dir\"><\/i><\/a><\/p>\n","protected":false},"author":1,"featured_media":0,"parent":0,"menu_order":21,"comment_status":"closed","ping_status":"closed","template":"","meta":{"ngg_post_thumbnail":0},"_links":{"self":[{"href":"http:\/\/amigosdelantiguoegipto.com\/index.php?rest_route=\/wp\/v2\/pages\/12462"}],"collection":[{"href":"http:\/\/amigosdelantiguoegipto.com\/index.php?rest_route=\/wp\/v2\/pages"}],"about":[{"href":"http:\/\/amigosdelantiguoegipto.com\/index.php?rest_route=\/wp\/v2\/types\/page"}],"author":[{"embeddable":true,"href":"http:\/\/amigosdelantiguoegipto.com\/index.php?rest_route=\/wp\/v2\/users\/1"}],"replies":[{"embeddable":true,"href":"http:\/\/amigosdelantiguoegipto.com\/index.php?rest_route=%2Fwp%2Fv2%2Fcomments&post=12462"}],"version-history":[{"count":0,"href":"http:\/\/amigosdelantiguoegipto.com\/index.php?rest_route=\/wp\/v2\/pages\/12462\/revisions"}],"wp:attachment":[{"href":"http:\/\/amigosdelantiguoegipto.com\/index.php?rest_route=%2Fwp%2Fv2%2Fmedia&parent=12462"}],"curies":[{"name":"wp","href":"https:\/\/api.w.org\/{rel}","templated":true}]}}