{"id":12355,"date":"2004-01-01T01:53:00","date_gmt":"2004-01-01T01:53:00","guid":{"rendered":"http:\/\/amigosdelantiguoegipto.com\/gran-diccionario-de-mitologia-egipcia-entradas-letra-g\/"},"modified":"2014-07-16T12:36:04","modified_gmt":"2014-07-16T12:36:04","slug":"gran-diccionario-de-mitologia-egipcia-entradas-letra-g","status":"publish","type":"page","link":"http:\/\/amigosdelantiguoegipto.com\/?page_id=12355","title":{"rendered":"Gran Diccionario de Mitolog\u00eda Egipcia &#8211; Letra G"},"content":{"rendered":"<p style=\"text-align: center;\">[<a href=\"http:\/\/amigosdelantiguoegipto.com\/?p=12384\">Introducci\u00f3n<\/a>]<br \/>\n[<a title=\"Gran Diccionario de Mitolog\u00eda Egipcia \u2013 Letra A\" href=\"http:\/\/amigosdelantiguoegipto.com\/?page_id=12353\">A<\/a>] [<a title=\"Gran Diccionario de Mitolog\u00eda Egipcia \u2013 Letra B\" href=\"http:\/\/amigosdelantiguoegipto.com\/?page_id=93\">B<\/a>] [<a title=\"Gran Diccionario de Mitolog\u00eda Egipcia \u2013 Letra C\" href=\"http:\/\/amigosdelantiguoegipto.com\/?page_id=94\">C<\/a>] [<a title=\"Gran Diccionario de Mitolog\u00eda Egipcia \u2013 Letra D\" href=\"http:\/\/amigosdelantiguoegipto.com\/?page_id=100\">D<\/a>] [<a title=\"Gran Diccionario de Mitolog\u00eda Egipcia \u2013 Letra E\" href=\"http:\/\/amigosdelantiguoegipto.com\/?page_id=104\">E<\/a>] [<a title=\"Gran Diccionario de Mitolog\u00eda Egipcia \u2013 Letra F\" href=\"http:\/\/amigosdelantiguoegipto.com\/?page_id=12354\">F<\/a>] [G] [<a title=\"Gran Diccionario de Mitolog\u00eda Egipcia \u2013 Letra H\" href=\"http:\/\/amigosdelantiguoegipto.com\/?page_id=202\">H<\/a>] [<a title=\"Gran Diccionario de Mitolog\u00eda Egipcia \u2013 Letra I\" href=\"http:\/\/amigosdelantiguoegipto.com\/?page_id=231\">I<\/a>] [<a title=\"Gran Diccionario de Mitolog\u00eda Egipcia \u2013 Letra J\" href=\"http:\/\/amigosdelantiguoegipto.com\/?page_id=257\">J<\/a>]<br \/>\n[<a title=\"Gran Diccionario de Mitolog\u00eda Egipcia \u2013 Letra K\" href=\"http:\/\/amigosdelantiguoegipto.com\/?page_id=263\">K<\/a>] [<a title=\"Gran Diccionario de Mitolog\u00eda Egipcia \u2013 Letra M\" href=\"http:\/\/amigosdelantiguoegipto.com\/?page_id=309\">M<\/a>] [<a title=\"Gran Diccionario de Mitolog\u00eda Egipcia \u2013 Letra N\" href=\"http:\/\/amigosdelantiguoegipto.com\/?page_id=350\">N<\/a>] [<a title=\"Gran Diccionario de Mitolog\u00eda Egipcia \u2013 Letra O\" href=\"http:\/\/amigosdelantiguoegipto.com\/?page_id=368\">O<\/a>] [<a title=\"Gran Diccionario de Mitolog\u00eda Egipcia \u2013 Letra P\" href=\"http:\/\/amigosdelantiguoegipto.com\/?page_id=381\">P<\/a>] [<a title=\"Gran Diccionario de Mitolog\u00eda Egipcia \u2013 Letra Q\" href=\"http:\/\/amigosdelantiguoegipto.com\/?page_id=387\">Q<\/a>] [<a title=\"Gran Diccionario de Mitolog\u00eda Egipcia \u2013 Letra R\" href=\"http:\/\/amigosdelantiguoegipto.com\/?page_id=405\">R<\/a>] [<a title=\"Gran Diccionario de Mitolog\u00eda Egipcia \u2013 Letra S\" href=\"http:\/\/amigosdelantiguoegipto.com\/?page_id=460\">S<\/a>] [<a title=\"Gran Diccionario de Mitolog\u00eda Egipcia \u2013 Letra T\" href=\"http:\/\/amigosdelantiguoegipto.com\/?page_id=12350\">T<\/a>] [<a title=\"Gran Diccionario de Mitolog\u00eda Egipcia \u2013 Letra U\" href=\"http:\/\/amigosdelantiguoegipto.com\/?page_id=12351\">U<\/a>]<\/p>\n<p>&nbsp;<\/p>\n<p style=\"text-align: right;\">Elisa Castel Ronda &#8211; Enero de 2004<\/p>\n<h3 style=\"text-align: justify;\">GUEB<\/h3>\n<table border=\"0\" align=\"center\">\n<tbody>\n<tr>\n<td><\/td>\n<\/tr>\n<tr>\n<td align=\"center\" bgcolor=\"#FFFFFF\" width=\"200\"><img decoding=\"async\" loading=\"lazy\" class=\" size-full wp-image-107\" title=\"GUEB\" src=\"  http:\/\/amigosdelantiguoegipto.com\/wp-content\/uploads\/varios\/diccionario-mitologia\/2004\/01\/gueb1.gif\" alt=\"GUEB\" width=\"62\" height=\"200\" border=\"0\" hspace=\"6\" \/><\/td>\n<\/tr>\n<tr>\n<td height=\"10\"><\/td>\n<\/tr>\n<tr>\n<td align=\"center\"><img decoding=\"async\" loading=\"lazy\" class=\" size-full wp-image-108\" title=\"GUEB\" src=\"  http:\/\/amigosdelantiguoegipto.com\/wp-content\/uploads\/varios\/diccionario-mitologia\/2004\/01\/j_gueb.gif\" alt=\"GUEB\" width=\"110\" height=\"44\" border=\"0\" hspace=\"6\" \/><\/td>\n<\/tr>\n<\/tbody>\n<\/table>\n<p style=\"text-align: justify;\"><strong>TRANSLITERACI\u00d3N:<\/strong> <span style=\"font-family: Transliteration; font-size: medium;\">gb<\/span><br \/>\n<strong>NOMBRE EGIPCIO:<\/strong> GUEB<br \/>\n<strong>NOMBRE GRIEGO\/ROMANO:<\/strong> KEB\/CRONOS<br \/>\n<strong>ICONOGRAF\u00cdA: <\/strong>Apariencia humana con el pene erecto. A veces lleva una oca sobre su cabeza, aunque en otras luce la Corona Blanca, la atef, o la Doble Corona (en Baja \u00c9poca). Espor\u00e1dicamente puede llevar la corona del Bajo Egipto.<br \/>\nTumbado en el suelo y a medio incorporar, aparece con el falo en erecci\u00f3n e intentando alcanzar a su esposa Nut (la b\u00f3veda celeste).<br \/>\nEn Coptos puede encontrarse manifestado en un cocodrilo.<\/p>\n<p class=\"img\" style=\"text-align: justify;\"><img decoding=\"async\" loading=\"lazy\" class=\" size-full wp-image-109\" title=\"GUEB\" src=\"  http:\/\/amigosdelantiguoegipto.com\/wp-content\/uploads\/varios\/diccionario-mitologia\/2004\/01\/gueb2.gif\" alt=\"GUEB\" width=\"98\" height=\"200\" border=\"0\" hspace=\"6\" \/><\/p>\n<p style=\"text-align: justify;\"><strong>SINOPSIS:<\/strong> Es muy posible que, en origen, Gueb fuera un dios ajeno a Heli\u00f3polis, originario de alguna ciudad cercana a dicho lugar, que se fusion\u00f3 a la en\u00e9ada cuando los te\u00f3logos heliopolitanos crearon este sistema mitol\u00f3gico. Es hijo de Shu y de Tefnut, esposo de Nut y padre de Osiris, Isis, Seth y Neftis.<br \/>\nFue una divinidad de la tierra pero su car\u00e1cter ct\u00f3nico pudo tomarse de alg\u00fan dios m\u00e1s antiguo al que se integr\u00f3. Podemos seguir sus huellas desde la dinast\u00eda III, momento en el que aparece incorporado al pante\u00f3n, al menos iconogr\u00e1ficamente. En un principio no estaba conectado con la tierra, sino con el huevo c\u00f3smico del que naci\u00f3 Ra, lo que llev\u00f3 a considerarle como una deidad creadora (en los textos se le denomina \u201cEl Gran Cacareador\u201d), hecho que, por otra parte, justifica el s\u00edmbolo que lleva sobre la cabeza.<br \/>\nComo personificaci\u00f3n de latierra, guarda y cuida todo lo que hay en ella (animales, seres humano, etc). Es art\u00edfice directo de los minerales, las plantas y los movimientos s\u00edsmicos, producidos cuando se esfuerza por alcanzar a su inaccesible esposa. Sus huesos son visibles a trav\u00e9s de las monta\u00f1as.<br \/>\nEn la leyenda heliopolitana, est\u00e1 unido su esposa, la b\u00f3veda celeste (Nut), constituyendo ambos un principio f\u00e9rtil, el momento en el que el cosmos se ha ordenado y como tal personifican la vida de la naturaleza. M\u00e1s tarde, y por orden de Ra, se les separa colocando a Shu en el medio para que la pareja no pudiera estar jam\u00e1s unida.<br \/>\nProtagoniza el origen de la realeza por derecho divino; el rey se le identifica con Horus y, por lo tanto, se interpreta que es hijo directo de Gueb por linaje.<br \/>\nEn su car\u00e1cter funerario representa la caja del sarc\u00f3fago, y su esposa Nut la tapa de \u00e9ste. Gueb es tambi\u00e9n el suelo de la tumba y Nut el techo de \u00e9sta. De tal modo, el fallecido se integra en un microcosmos que simboliza la uni\u00f3n de ambas deidades antes de que fueran separadas, formando parte de los mismos dioses.<br \/>\nComo en muchas otras leyendas, donde el hijo moment\u00e1neamente se rebela contra su madre, Gueb es el violador de Tefnut impulsado por unos incontrolables celos. Igualmente, aparece en el mito menfita, actuando como mediador en la lucha por el trono, protagonizada por Horus y Seth.<br \/>\nSiguiendo con su funci\u00f3n funeraria, Gueb pose\u00eda en el M\u00e1s All\u00e1 una serie de \u201cpostes\u201d, donde eran atados los condenados (f\u00f3rmula XII del Libro de los Muertos).<\/p>\n<h3 style=\"text-align: justify;\">GUENGUENUR<\/h3>\n<table border=\"0\" align=\"center\">\n<tbody>\n<tr>\n<td><\/td>\n<\/tr>\n<tr>\n<td align=\"center\" bgcolor=\"#FFFFFF\" width=\"200\"><img decoding=\"async\" loading=\"lazy\" class=\" size-full wp-image-110\" title=\"GUENGUENUR\" src=\"  http:\/\/amigosdelantiguoegipto.com\/wp-content\/uploads\/varios\/diccionario-mitologia\/2004\/01\/guenguen_ur.gif\" alt=\"GUENGUENUR\" width=\"103\" height=\"200\" border=\"0\" hspace=\"6\" \/><\/td>\n<\/tr>\n<tr>\n<td height=\"10\"><\/td>\n<\/tr>\n<tr>\n<td align=\"center\"><img decoding=\"async\" loading=\"lazy\" class=\" size-full wp-image-111\" title=\"GUENGUENUR\" src=\"  http:\/\/amigosdelantiguoegipto.com\/wp-content\/uploads\/varios\/diccionario-mitologia\/2004\/01\/j_gengenur.gif\" alt=\"GUENGUENUR\" width=\"171\" height=\"44\" border=\"0\" hspace=\"6\" \/><\/td>\n<\/tr>\n<\/tbody>\n<\/table>\n<p style=\"text-align: justify;\"><strong>TRANSLITERACI\u00d3N:<\/strong> <span style=\"font-family: Transliteration; font-size: medium;\">gngnwr<\/span><br \/>\n<strong>NOMBRE EGIPCIO:<\/strong> GUENGUENUR<br \/>\n<strong>ICONOGRAF\u00cdA:<\/strong> Oca u hombre con cabeza de oca.<\/p>\n<p style=\"text-align: justify;\"><strong>SINOPSIS:<\/strong> Dios creador responsable del huevo de donde nace el Sol.<br \/>\nEs muy familiar la imagen del huevo como contenedor del sol antes de su nacimiento. La explicaci\u00f3n de este s\u00edmbolo tiene que ver con la observaci\u00f3n de la naturaleza. Los egipcios, al ver nacer los polluelos, interpretaron que \u00e9stos surg\u00edan del huevo sin intervenci\u00f3n de ning\u00fan otro animal fecundador y lo relacionaron con el Sol, que hac\u00eda su aparici\u00f3n para comenzar la creaci\u00f3n del mundo. La simbolog\u00eda es parecida a la utilizada con el escarabajo Jepri.<br \/>\nGuenguenUr es, por esta causa, una oca responsable del huevo c\u00f3smico, cuyo nombre significa \u201cEl Gran Cacareador\u201d. El t\u00edtulo es com\u00fan a Thot (de Herm\u00f3polis Magna y Parva) y a Gueb, deidades autoras de la creaci\u00f3n, y aplicable a Am\u00f3n en su aspecto de demiurgo. Puede decirse que GuenguenUr es una forma de Gueb, seg\u00fan se desprende en algunas f\u00f3rmulas del Libro de los Muertos.<\/p>\n<hr \/>\n<p style=\"text-align: justify;\"><strong>Este trabajo es cortes\u00eda de la Editorial Aldebar\u00e1n y de su Autora Elisa Castel. Ambos nos han concedido permiso expreso para reproducir gratuitamente en nuestras p\u00e1ginas una s\u00edntesis del libro &#8220;Gran Diccionario de Mitolog\u00eda Egipcia&#8221;.<\/strong><\/p>\n","protected":false},"excerpt":{"rendered":"<p>[Introducci\u00f3n] [A] [B] [C] [D] [E] [F] [G] [H] [I] [J] [K] [M] [N] [O] [P] [Q] [R] [S] [T] [U] &nbsp; Elisa Castel Ronda &#8211; Enero de 2004 GUEB TRANSLITERACI\u00d3N: gb NOMBRE EGIPCIO: GUEB NOMBRE GRIEGO\/ROMANO: KEB\/CRONOS ICONOGRAF\u00cdA: Apariencia humana con el pene erecto. A veces lleva una oca sobre su cabeza, aunque en otras luce la Corona Blanca,&#8230;<\/p>\n<p class=\"continue-reading-button\"> <a class=\"continue-reading-link\" href=\"http:\/\/amigosdelantiguoegipto.com\/?page_id=12355\">Seguir leyendo<i class=\"crycon-right-dir\"><\/i><\/a><\/p>\n","protected":false},"author":1,"featured_media":0,"parent":0,"menu_order":8,"comment_status":"closed","ping_status":"closed","template":"","meta":{"ngg_post_thumbnail":0},"_links":{"self":[{"href":"http:\/\/amigosdelantiguoegipto.com\/index.php?rest_route=\/wp\/v2\/pages\/12355"}],"collection":[{"href":"http:\/\/amigosdelantiguoegipto.com\/index.php?rest_route=\/wp\/v2\/pages"}],"about":[{"href":"http:\/\/amigosdelantiguoegipto.com\/index.php?rest_route=\/wp\/v2\/types\/page"}],"author":[{"embeddable":true,"href":"http:\/\/amigosdelantiguoegipto.com\/index.php?rest_route=\/wp\/v2\/users\/1"}],"replies":[{"embeddable":true,"href":"http:\/\/amigosdelantiguoegipto.com\/index.php?rest_route=%2Fwp%2Fv2%2Fcomments&post=12355"}],"version-history":[{"count":0,"href":"http:\/\/amigosdelantiguoegipto.com\/index.php?rest_route=\/wp\/v2\/pages\/12355\/revisions"}],"wp:attachment":[{"href":"http:\/\/amigosdelantiguoegipto.com\/index.php?rest_route=%2Fwp%2Fv2%2Fmedia&parent=12355"}],"curies":[{"name":"wp","href":"https:\/\/api.w.org\/{rel}","templated":true}]}}