{"id":12354,"date":"2004-01-01T01:54:00","date_gmt":"2004-01-01T01:54:00","guid":{"rendered":"http:\/\/amigosdelantiguoegipto.com\/gran-diccionario-de-mitologia-egipcia-entradas-letra-f\/"},"modified":"2014-07-16T12:36:08","modified_gmt":"2014-07-16T12:36:08","slug":"gran-diccionario-de-mitologia-egipcia-entradas-letra-f","status":"publish","type":"page","link":"http:\/\/amigosdelantiguoegipto.com\/?page_id=12354","title":{"rendered":"Gran Diccionario de Mitolog\u00eda Egipcia &#8211; Letra F"},"content":{"rendered":"<p style=\"text-align: center;\">[<a href=\"http:\/\/amigosdelantiguoegipto.com\/?p=12384\">Introducci\u00f3n<\/a>]<br \/>\n[<a title=\"Gran Diccionario de Mitolog\u00eda Egipcia \u2013 Letra A\" href=\"http:\/\/amigosdelantiguoegipto.com\/?page_id=12353\">A<\/a>] [<a title=\"Gran Diccionario de Mitolog\u00eda Egipcia \u2013 Letra B\" href=\"http:\/\/amigosdelantiguoegipto.com\/?page_id=93\">B<\/a>] [<a title=\"Gran Diccionario de Mitolog\u00eda Egipcia \u2013 Letra C\" href=\"http:\/\/amigosdelantiguoegipto.com\/?page_id=94\">C<\/a>] [<a title=\"Gran Diccionario de Mitolog\u00eda Egipcia \u2013 Letra D\" href=\"http:\/\/amigosdelantiguoegipto.com\/?page_id=100\">D<\/a>] [<a title=\"Gran Diccionario de Mitolog\u00eda Egipcia \u2013 Letra E\" href=\"http:\/\/amigosdelantiguoegipto.com\/?page_id=104\">E<\/a>] [F] [<a title=\"Gran Diccionario de Mitolog\u00eda Egipcia \u2013 Letra G\" href=\"http:\/\/amigosdelantiguoegipto.com\/?page_id=12355\">G<\/a>] [<a title=\"Gran Diccionario de Mitolog\u00eda Egipcia \u2013 Letra H\" href=\"http:\/\/amigosdelantiguoegipto.com\/?page_id=202\">H<\/a>] [<a title=\"Gran Diccionario de Mitolog\u00eda Egipcia \u2013 Letra I\" href=\"http:\/\/amigosdelantiguoegipto.com\/?page_id=231\">I<\/a>] [<a title=\"Gran Diccionario de Mitolog\u00eda Egipcia \u2013 Letra J\" href=\"http:\/\/amigosdelantiguoegipto.com\/?page_id=257\">J<\/a>]<br \/>\n[<a title=\"Gran Diccionario de Mitolog\u00eda Egipcia \u2013 Letra K\" href=\"http:\/\/amigosdelantiguoegipto.com\/?page_id=263\">K<\/a>] [<a title=\"Gran Diccionario de Mitolog\u00eda Egipcia \u2013 Letra M\" href=\"http:\/\/amigosdelantiguoegipto.com\/?page_id=309\">M<\/a>] [<a title=\"Gran Diccionario de Mitolog\u00eda Egipcia \u2013 Letra N\" href=\"http:\/\/amigosdelantiguoegipto.com\/?page_id=350\">N<\/a>] [<a title=\"Gran Diccionario de Mitolog\u00eda Egipcia \u2013 Letra O\" href=\"http:\/\/amigosdelantiguoegipto.com\/?page_id=368\">O<\/a>] [<a title=\"Gran Diccionario de Mitolog\u00eda Egipcia \u2013 Letra P\" href=\"http:\/\/amigosdelantiguoegipto.com\/?page_id=381\">P<\/a>] [<a title=\"Gran Diccionario de Mitolog\u00eda Egipcia \u2013 Letra Q\" href=\"http:\/\/amigosdelantiguoegipto.com\/?page_id=387\">Q<\/a>] [<a title=\"Gran Diccionario de Mitolog\u00eda Egipcia \u2013 Letra R\" href=\"http:\/\/amigosdelantiguoegipto.com\/?page_id=405\">R<\/a>] [<a title=\"Gran Diccionario de Mitolog\u00eda Egipcia \u2013 Letra S\" href=\"http:\/\/amigosdelantiguoegipto.com\/?page_id=460\">S<\/a>] [<a title=\"Gran Diccionario de Mitolog\u00eda Egipcia \u2013 Letra T\" href=\"http:\/\/amigosdelantiguoegipto.com\/?page_id=12350\">T<\/a>] [<a title=\"Gran Diccionario de Mitolog\u00eda Egipcia \u2013 Letra U\" href=\"http:\/\/amigosdelantiguoegipto.com\/?page_id=12351\">U<\/a>]<\/p>\n<p>&nbsp;<\/p>\n<p style=\"text-align: right;\">Elisa Castel Ronda &#8211; Enero de 2004<\/p>\n<h3 style=\"text-align: justify;\">FETQET<\/h3>\n<table border=\"0\" align=\"center\">\n<tbody>\n<tr>\n<td><\/td>\n<\/tr>\n<tr>\n<td align=\"center\" width=\"200\"><img decoding=\"async\" loading=\"lazy\" class=\" size-full wp-image-105\" title=\"FETQET\" src=\"  http:\/\/amigosdelantiguoegipto.com\/wp-content\/uploads\/varios\/diccionario-mitologia\/2004\/01\/j_fedqet.gif\" alt=\"FETQET\" width=\"70\" height=\"44\" border=\"0\" hspace=\"6\" \/><\/td>\n<\/tr>\n<\/tbody>\n<\/table>\n<p style=\"text-align: justify;\"><strong>TRANSLITERACI\u00d3N:<\/strong> <span style=\"font-family: Transliteration; font-size: medium;\">fdqt<\/span><br \/>\n<strong>NOMBRE EGIPCIO:<\/strong>FETQET<\/p>\n<p style=\"text-align: justify;\"><strong>SINOPSIS:<\/strong> Fetqet es una divinidad de las muchas que habitan en el mundo del M\u00e1s All\u00e1, encargadas de cubrir las necesidades del Sol y del rey difunto. En este caso, nos encontramos ante un dios designado para ofrecer bebida al rey y al Sol en su viaje por el Mundo Subterr\u00e1neo.<br \/>\nEn los Textos de las Pir\u00e1mides, Fetqet es una entidad masculina considerada \u201cEl Mayordomo de Ra\u201d, (Pir.\u00a7 120, 123 y 545).<\/p>\n<hr \/>\n<p style=\"text-align: justify;\"><strong>Este trabajo es cortes\u00eda de la Editorial Aldebar\u00e1n y de su Autora Elisa Castel. Ambos nos han concedido permiso expreso para reproducir gratuitamente en nuestras p\u00e1ginas una s\u00edntesis del libro &#8220;Gran Diccionario de Mitolog\u00eda Egipcia&#8221;.<\/strong><\/p>\n","protected":false},"excerpt":{"rendered":"<p>[Introducci\u00f3n] [A] [B] [C] [D] [E] [F] [G] [H] [I] [J] [K] [M] [N] [O] [P] [Q] [R] [S] [T] [U] &nbsp; Elisa Castel Ronda &#8211; Enero de 2004 FETQET TRANSLITERACI\u00d3N: fdqt NOMBRE EGIPCIO:FETQET SINOPSIS: Fetqet es una divinidad de las muchas que habitan en el mundo del M\u00e1s All\u00e1, encargadas de cubrir las necesidades del Sol y del rey&#8230;<\/p>\n<p class=\"continue-reading-button\"> <a class=\"continue-reading-link\" href=\"http:\/\/amigosdelantiguoegipto.com\/?page_id=12354\">Seguir leyendo<i class=\"crycon-right-dir\"><\/i><\/a><\/p>\n","protected":false},"author":1,"featured_media":0,"parent":0,"menu_order":7,"comment_status":"closed","ping_status":"closed","template":"","meta":{"ngg_post_thumbnail":0},"_links":{"self":[{"href":"http:\/\/amigosdelantiguoegipto.com\/index.php?rest_route=\/wp\/v2\/pages\/12354"}],"collection":[{"href":"http:\/\/amigosdelantiguoegipto.com\/index.php?rest_route=\/wp\/v2\/pages"}],"about":[{"href":"http:\/\/amigosdelantiguoegipto.com\/index.php?rest_route=\/wp\/v2\/types\/page"}],"author":[{"embeddable":true,"href":"http:\/\/amigosdelantiguoegipto.com\/index.php?rest_route=\/wp\/v2\/users\/1"}],"replies":[{"embeddable":true,"href":"http:\/\/amigosdelantiguoegipto.com\/index.php?rest_route=%2Fwp%2Fv2%2Fcomments&post=12354"}],"version-history":[{"count":0,"href":"http:\/\/amigosdelantiguoegipto.com\/index.php?rest_route=\/wp\/v2\/pages\/12354\/revisions"}],"wp:attachment":[{"href":"http:\/\/amigosdelantiguoegipto.com\/index.php?rest_route=%2Fwp%2Fv2%2Fmedia&parent=12354"}],"curies":[{"name":"wp","href":"https:\/\/api.w.org\/{rel}","templated":true}]}}