{"id":12110,"date":"2014-07-01T10:59:50","date_gmt":"2014-07-01T10:59:50","guid":{"rendered":"http:\/\/amigosdelantiguoegipto.com\/?page_id=12110"},"modified":"2014-07-01T11:51:56","modified_gmt":"2014-07-01T11:51:56","slug":"deir-el-medina-galeria-de-imagenes","status":"publish","type":"page","link":"http:\/\/amigosdelantiguoegipto.com\/?page_id=12110","title":{"rendered":"Deir el-Medina  &#8211; Galer\u00eda de im\u00e1genes"},"content":{"rendered":"<p><a href=\"http:\/\/amigosdelantiguoegipto.com\/?p=11010\">Tebas occidental<\/a><\/p>\n<p style=\"text-align: justify;\">Deir el-Medina (&#8220;Convento de la ciudad&#8221;) se encuentra en la orilla occidental del Nilo, en la regi\u00f3n tebana, frente a la actual Luxor. Es un peque\u00f1o valle situado entre la colina de Qurnet Mura y la zona monta\u00f1osa tebana. La localidad es conocida fundamentalmente por el poblado de los obreros que constru\u00edan las tumbas existentes en el Valle de los Reyes. Es interesante tambi\u00e9n la necr\u00f3polis en la que se pueden visitar las tumbas de Senedyem (TT 1), Inerjau (TT 359) y Pashedu (TT 3).<\/p>\n<table border=\"0\" width=\"100%\" cellspacing=\"0\" cellpadding=\"0\" align=\"center\">\n<tbody>\n<tr align=\"center\">\n<td>\n<p><div id=\"attachment_12191\" style=\"width: 230px\" class=\"wp-caption aligncenter\"><a href=\"http:\/\/amigosdelantiguoegipto.com\/?page_id=12176 \"><img aria-describedby=\"caption-attachment-12191\" decoding=\"async\" loading=\"lazy\" class=\"wp-image-12191 size-full\" title=\"Poblado de los artesanos \" src=\"http:\/\/amigosdelantiguoegipto.com\/wp-content\/uploads\/2014\/07\/portada-poblado.jpg\" alt=\"Poblado de los artesanos \" width=\"220\" height=\"165\" srcset=\"http:\/\/amigosdelantiguoegipto.com\/wp-content\/uploads\/2014\/07\/portada-poblado.jpg 220w, http:\/\/amigosdelantiguoegipto.com\/wp-content\/uploads\/2014\/07\/portada-poblado-150x112.jpg 150w\" sizes=\"(max-width: 220px) 100vw, 220px\" \/><\/a><p id=\"caption-attachment-12191\" class=\"wp-caption-text\"><a href=\"http:\/\/amigosdelantiguoegipto.com\/?page_id=12176%20\">Poblado de los artesanos <\/a><\/p><\/div><\/td>\n<td>\n<p><div id=\"attachment_12189\" style=\"width: 230px\" class=\"wp-caption aligncenter\"><a href=\"http:\/\/amigosdelantiguoegipto.com\/?page_id=12177\"><img aria-describedby=\"caption-attachment-12189\" decoding=\"async\" loading=\"lazy\" class=\"wp-image-12189 size-full\" title=\"Templo de Hathor \" src=\"http:\/\/amigosdelantiguoegipto.com\/wp-content\/uploads\/2014\/07\/portada-templo-hathor.jpg\" alt=\"Templo de Hathor \" width=\"220\" height=\"165\" srcset=\"http:\/\/amigosdelantiguoegipto.com\/wp-content\/uploads\/2014\/07\/portada-templo-hathor.jpg 220w, http:\/\/amigosdelantiguoegipto.com\/wp-content\/uploads\/2014\/07\/portada-templo-hathor-150x112.jpg 150w\" sizes=\"(max-width: 220px) 100vw, 220px\" \/><\/a><p id=\"caption-attachment-12189\" class=\"wp-caption-text\"><a href=\"http:\/\/amigosdelantiguoegipto.com\/?page_id=12177\">Templo de Hathor <\/a><\/p><\/div><\/td>\n<td>\n<div id=\"attachment_12190\" style=\"width: 230px\" class=\"wp-caption aligncenter\"><a href=\"http:\/\/amigosdelantiguoegipto.com\/?page_id=12178\"><img aria-describedby=\"caption-attachment-12190\" decoding=\"async\" loading=\"lazy\" class=\"wp-image-12190 size-full\" title=\"Tumba de Pashedu - TT 3\" src=\"http:\/\/amigosdelantiguoegipto.com\/wp-content\/uploads\/2014\/07\/portada-pashedu.jpg\" alt=\"Tumba de Pashedu - TT 3\" width=\"220\" height=\"165\" srcset=\"http:\/\/amigosdelantiguoegipto.com\/wp-content\/uploads\/2014\/07\/portada-pashedu.jpg 220w, http:\/\/amigosdelantiguoegipto.com\/wp-content\/uploads\/2014\/07\/portada-pashedu-150x112.jpg 150w\" sizes=\"(max-width: 220px) 100vw, 220px\" \/><\/a><p id=\"caption-attachment-12190\" class=\"wp-caption-text\"><a href=\"http:\/\/amigosdelantiguoegipto.com\/?page_id=12178\">Tumba de Pashedu &#8211; TT 3<\/a><\/p><\/div>\n<\/td>\n<\/tr>\n<\/tbody>\n<\/table>\n","protected":false},"excerpt":{"rendered":"<p>Tebas occidental Deir el-Medina (&#8220;Convento de la ciudad&#8221;) se encuentra en la orilla occidental del Nilo, en la regi\u00f3n tebana, frente a la actual Luxor. Es un peque\u00f1o valle situado entre la colina de Qurnet Mura y la zona monta\u00f1osa tebana. La localidad es conocida fundamentalmente por el poblado de los obreros que constru\u00edan las tumbas existentes en el Valle&#8230;<\/p>\n<p class=\"continue-reading-button\"> <a class=\"continue-reading-link\" href=\"http:\/\/amigosdelantiguoegipto.com\/?page_id=12110\">Seguir leyendo<i class=\"crycon-right-dir\"><\/i><\/a><\/p>\n","protected":false},"author":1,"featured_media":0,"parent":0,"menu_order":0,"comment_status":"closed","ping_status":"closed","template":"","meta":{"ngg_post_thumbnail":0},"_links":{"self":[{"href":"http:\/\/amigosdelantiguoegipto.com\/index.php?rest_route=\/wp\/v2\/pages\/12110"}],"collection":[{"href":"http:\/\/amigosdelantiguoegipto.com\/index.php?rest_route=\/wp\/v2\/pages"}],"about":[{"href":"http:\/\/amigosdelantiguoegipto.com\/index.php?rest_route=\/wp\/v2\/types\/page"}],"author":[{"embeddable":true,"href":"http:\/\/amigosdelantiguoegipto.com\/index.php?rest_route=\/wp\/v2\/users\/1"}],"replies":[{"embeddable":true,"href":"http:\/\/amigosdelantiguoegipto.com\/index.php?rest_route=%2Fwp%2Fv2%2Fcomments&post=12110"}],"version-history":[{"count":0,"href":"http:\/\/amigosdelantiguoegipto.com\/index.php?rest_route=\/wp\/v2\/pages\/12110\/revisions"}],"wp:attachment":[{"href":"http:\/\/amigosdelantiguoegipto.com\/index.php?rest_route=%2Fwp%2Fv2%2Fmedia&parent=12110"}],"curies":[{"name":"wp","href":"https:\/\/api.w.org\/{rel}","templated":true}]}}