{"id":12108,"date":"2014-07-01T10:57:19","date_gmt":"2014-07-01T10:57:19","guid":{"rendered":"http:\/\/amigosdelantiguoegipto.com\/?page_id=12108"},"modified":"2014-07-01T11:40:55","modified_gmt":"2014-07-01T11:40:55","slug":"templo-de-medinet-habu-galeria-de-imagenes","status":"publish","type":"page","link":"http:\/\/amigosdelantiguoegipto.com\/?page_id=12108","title":{"rendered":"Templo de Medinet Habu &#8211; Galer\u00eda de im\u00e1genes"},"content":{"rendered":"<p><a href=\"http:\/\/amigosdelantiguoegipto.com\/?p=11010\">Tebas occidental<\/a><\/p>\n<p style=\"text-align: justify;\">El templo funerario de Rameses III (dinast\u00eda XX), conocido en la actualidad como templo de Medinet Habu (la ciudad de Habu) o Dyamet en la antig\u00fcedad, es un buen ejemplo de la arquitectura del Imperio Nuevo. Tom\u00f3 como modelo el templo funerario de Rameses II, el Rameseo, y lo engrandeci\u00f3. Es el que mejor se conserva en la zona de Tebas y todav\u00eda mantiene mucha policrom\u00eda.<\/p>\n<p style=\"text-align: justify;\">El templo est\u00e1 emplazado en una colina, al sur de los templos de Ay y Horemheb. Este lugar, considerado uno de los mont\u00edculos primigenios en los que tuvo lugar la creaci\u00f3n (se dec\u00eda que all\u00ed fueron enterrados los miembros de la Ogd\u00f3ada), hab\u00eda sido ya elegido anteriormente por Hatshepsut y Tutmosis III para construir un peque\u00f1o recinto de culto al dios Am\u00f3n, en dos de sus formas primordiales, las serpientes Kemataef y su hijo Irto. Era una de las paradas durante la celebraci\u00f3n de la Bella Fiesta del Valle.<\/p>\n<p style=\"text-align: justify;\">El templo ocupa una superficie de unos 7.000 m2 y fue dise\u00f1ado por los arquitectos Amenemose y Pairy, comenzando su construcci\u00f3n a partir del quinto a\u00f1o de reinado de Rameses III. Nos encontramos ante un templo fortificado de considerables proporciones que contiene adem\u00e1s un palacio anexado al mismo y que serv\u00eda de residencia temporal para el fara\u00f3n. La estructura es similar a la del vecino templo de Rameses II, el Rameseo, a quien Rameses III admiraba enormemente, hasta el punto de haberle dedicado en su templo una capilla de culto, cercana a las salas del tesoro y la sala hip\u00f3stila. El Santuario est\u00e1 formado por varios recintos encerrados en murallas, hasta llegar al santuario de Am\u00f3n. Se hicieron diversas ampliaciones, como las capillas de las Divinas Adoradoras de Am\u00f3n de las Dinast\u00edas XXV y XXVI, y un templo ampliado en la \u00e9poca grecorromana. Los cristianos coptos construyeron una iglesia en el segundo patio y situaron la ciudad cerca del santuario.<\/p>\n<p style=\"text-align: justify;\">Durante la dinast\u00eda XX, Dyamet se convirti\u00f3 en el centro administrativo de Tebas occidental y en lugar de reuni\u00f3n y protesta de los trabajadores y artesanos de Deir el-Medina durante los conflictos derivados de la que est\u00e1 considerada primera huelga de la historia.<\/p>\n<table border=\"0\" width=\"100%\" cellspacing=\"0\" cellpadding=\"0\" align=\"center\">\n<tbody>\n<tr align=\"center\">\n<td>\n<p><div id=\"attachment_12166\" style=\"width: 230px\" class=\"wp-caption aligncenter\"><a href=\"http:\/\/amigosdelantiguoegipto.com\/?page_id=12169\"><img aria-describedby=\"caption-attachment-12166\" decoding=\"async\" loading=\"lazy\" class=\"wp-image-12166 size-full\" title=\"Im\u00e1genes de 2004\" src=\"http:\/\/amigosdelantiguoegipto.com\/wp-content\/uploads\/2014\/07\/portada-templo_medinet_habu-2004.jpg\" alt=\"Im\u00e1genes de 2004\" width=\"220\" height=\"165\" srcset=\"http:\/\/amigosdelantiguoegipto.com\/wp-content\/uploads\/2014\/07\/portada-templo_medinet_habu-2004.jpg 220w, http:\/\/amigosdelantiguoegipto.com\/wp-content\/uploads\/2014\/07\/portada-templo_medinet_habu-2004-150x112.jpg 150w\" sizes=\"(max-width: 220px) 100vw, 220px\" \/><\/a><p id=\"caption-attachment-12166\" class=\"wp-caption-text\"><a title=\"Templo de Medinet Habu \u2013 2004\" href=\"http:\/\/amigosdelantiguoegipto.com\/?page_id=12169\">Im\u00e1genes de 2004<\/a><\/p><\/div><\/td>\n<td>\n<p><div id=\"attachment_12165\" style=\"width: 230px\" class=\"wp-caption aligncenter\"><a href=\"http:\/\/amigosdelantiguoegipto.com\/?page_id=12170\"><img aria-describedby=\"caption-attachment-12165\" decoding=\"async\" loading=\"lazy\" class=\"wp-image-12165 size-full\" title=\"Im\u00e1genes de 2010\" src=\"http:\/\/amigosdelantiguoegipto.com\/wp-content\/uploads\/2014\/07\/portada-templo_medinet_habu-2010.jpg\" alt=\"Im\u00e1genes de 2010\" width=\"220\" height=\"165\" srcset=\"http:\/\/amigosdelantiguoegipto.com\/wp-content\/uploads\/2014\/07\/portada-templo_medinet_habu-2010.jpg 220w, http:\/\/amigosdelantiguoegipto.com\/wp-content\/uploads\/2014\/07\/portada-templo_medinet_habu-2010-150x112.jpg 150w\" sizes=\"(max-width: 220px) 100vw, 220px\" \/><\/a><p id=\"caption-attachment-12165\" class=\"wp-caption-text\"><a title=\"Templo de Medinet Habu \u2013 2010\" href=\"http:\/\/amigosdelantiguoegipto.com\/?page_id=12170\">Im\u00e1genes de 2010<\/a><\/p><\/div><\/td>\n<\/tr>\n<\/tbody>\n<\/table>\n","protected":false},"excerpt":{"rendered":"<p>Tebas occidental El templo funerario de Rameses III (dinast\u00eda XX), conocido en la actualidad como templo de Medinet Habu (la ciudad de Habu) o Dyamet en la antig\u00fcedad, es un buen ejemplo de la arquitectura del Imperio Nuevo. Tom\u00f3 como modelo el templo funerario de Rameses II, el Rameseo, y lo engrandeci\u00f3. Es el que mejor se conserva en la&#8230;<\/p>\n<p class=\"continue-reading-button\"> <a class=\"continue-reading-link\" href=\"http:\/\/amigosdelantiguoegipto.com\/?page_id=12108\">Seguir leyendo<i class=\"crycon-right-dir\"><\/i><\/a><\/p>\n","protected":false},"author":1,"featured_media":0,"parent":0,"menu_order":0,"comment_status":"closed","ping_status":"closed","template":"","meta":{"ngg_post_thumbnail":0},"_links":{"self":[{"href":"http:\/\/amigosdelantiguoegipto.com\/index.php?rest_route=\/wp\/v2\/pages\/12108"}],"collection":[{"href":"http:\/\/amigosdelantiguoegipto.com\/index.php?rest_route=\/wp\/v2\/pages"}],"about":[{"href":"http:\/\/amigosdelantiguoegipto.com\/index.php?rest_route=\/wp\/v2\/types\/page"}],"author":[{"embeddable":true,"href":"http:\/\/amigosdelantiguoegipto.com\/index.php?rest_route=\/wp\/v2\/users\/1"}],"replies":[{"embeddable":true,"href":"http:\/\/amigosdelantiguoegipto.com\/index.php?rest_route=%2Fwp%2Fv2%2Fcomments&post=12108"}],"version-history":[{"count":0,"href":"http:\/\/amigosdelantiguoegipto.com\/index.php?rest_route=\/wp\/v2\/pages\/12108\/revisions"}],"wp:attachment":[{"href":"http:\/\/amigosdelantiguoegipto.com\/index.php?rest_route=%2Fwp%2Fv2%2Fmedia&parent=12108"}],"curies":[{"name":"wp","href":"https:\/\/api.w.org\/{rel}","templated":true}]}}