{"id":12106,"date":"2014-07-01T10:57:13","date_gmt":"2014-07-01T10:57:13","guid":{"rendered":"http:\/\/amigosdelantiguoegipto.com\/?page_id=12106"},"modified":"2014-07-01T11:13:54","modified_gmt":"2014-07-01T11:13:54","slug":"templo-de-mentuhotep-galeria-de-imagenes","status":"publish","type":"page","link":"http:\/\/amigosdelantiguoegipto.com\/?page_id=12106","title":{"rendered":"Templo de Mentuhotep &#8211; Galer\u00eda de im\u00e1genes"},"content":{"rendered":"<p><a href=\"http:\/\/amigosdelantiguoegipto.com\/?p=11010\">Tebas occidental<\/a><\/p>\n<p style=\"text-align: justify;\">El complejo funerario de Mentuhotep II supuso un gran cambio respecto a las construcciones funerarias de los faraones precedentes de las Dinast\u00eda XI. Estos soberanos se hac\u00edan enterrar en tumbas con un gran patio y una fachada al fondo, que aprovechaba la vertiente de una monta\u00f1a, y con una capilla subterr\u00e1nea. Mentuhotep II reuni\u00f3 aspectos de estas tumbas y de la pir\u00e1mide.<\/p>\n<p style=\"text-align: justify;\">Desde el templo del valle se acced\u00eda mediante una rampa hasta las dos terrazas, superpuestas gracias a unas pilastras, donde estaba el templo funerario. Probablemente, en la parte superior se levantaba una pir\u00e1mide o un mont\u00edculo y en la parte trasera hab\u00eda un patio y una sala hip\u00f3stila, donde se encontraban la c\u00e1mara funeraria, as\u00ed como el lugar de culto. Tras esta zona, se abr\u00eda una capilla excavada en la roca, santuario quiz\u00e1 del dios Am\u00f3n-Re.<\/p>\n<!-- index.php -->\n<div\n\tclass=\"ngg-galleryoverview\"\n\tid=\"ngg-gallery-f42c049a0784ceb0830f71c413b577d7-1\">\n\n    \t<div class=\"slideshowlink\">\n        <a href='http:\/\/amigosdelantiguoegipto.com\/index.php\/nggallery\/slideshow?page_id=12106'>Ver presentaci\u00f3n<\/a>\n\t\t\n\t<\/div>\n\t\t\t<!-- Thumbnails -->\n\t\t\t\t<div id=\"ngg-image-0\" class=\"ngg-gallery-thumbnail-box\" >\n\t\t\t\t        <div class=\"ngg-gallery-thumbnail\">\n            <a href=\"http:\/\/amigosdelantiguoegipto.com\/wp-content\/gallery\/tebas-occidental-templo-de-mentuhotep\/templo_montuhotep_001-1424.JPG\"\n               title=\"\"\n               data-src=\"http:\/\/amigosdelantiguoegipto.com\/wp-content\/gallery\/tebas-occidental-templo-de-mentuhotep\/templo_montuhotep_001-1424.JPG\"\n               data-thumbnail=\"http:\/\/amigosdelantiguoegipto.com\/wp-content\/gallery\/tebas-occidental-templo-de-mentuhotep\/thumbs\/thumbs_templo_montuhotep_001-1424.JPG\"\n               data-image-id=\"6222\"\n               data-title=\"templo_montuhotep_001-1424\"\n               data-description=\"\"\n               data-image-slug=\"templo_montuhotep_001-1424\"\n               class=\"ngg-fancybox\" rel=\"f42c049a0784ceb0830f71c413b577d7\">\n                <img\n                    title=\"templo_montuhotep_001-1424\"\n                    alt=\"templo_montuhotep_001-1424\"\n                    src=\"http:\/\/amigosdelantiguoegipto.com\/wp-content\/gallery\/tebas-occidental-templo-de-mentuhotep\/thumbs\/thumbs_templo_montuhotep_001-1424.JPG\"\n                    width=\"120\"\n                    height=\"90\"\n                    style=\"max-width:100%;\"\n                \/>\n            <\/a>\n        <\/div>\n\t\t\t\t\t\t\t<\/div> \n\t\t\t\n        \n\t\t\t\t<div id=\"ngg-image-1\" class=\"ngg-gallery-thumbnail-box\" >\n\t\t\t\t        <div class=\"ngg-gallery-thumbnail\">\n            <a href=\"http:\/\/amigosdelantiguoegipto.com\/wp-content\/gallery\/tebas-occidental-templo-de-mentuhotep\/templo_montuhotep_002-1434.JPG\"\n               title=\"\"\n               data-src=\"http:\/\/amigosdelantiguoegipto.com\/wp-content\/gallery\/tebas-occidental-templo-de-mentuhotep\/templo_montuhotep_002-1434.JPG\"\n               data-thumbnail=\"http:\/\/amigosdelantiguoegipto.com\/wp-content\/gallery\/tebas-occidental-templo-de-mentuhotep\/thumbs\/thumbs_templo_montuhotep_002-1434.JPG\"\n               data-image-id=\"6227\"\n               data-title=\"templo_montuhotep_002-1434\"\n               data-description=\"\"\n               data-image-slug=\"templo_montuhotep_002-1434\"\n               class=\"ngg-fancybox\" rel=\"f42c049a0784ceb0830f71c413b577d7\">\n                <img\n                    title=\"templo_montuhotep_002-1434\"\n                    alt=\"templo_montuhotep_002-1434\"\n                    src=\"http:\/\/amigosdelantiguoegipto.com\/wp-content\/gallery\/tebas-occidental-templo-de-mentuhotep\/thumbs\/thumbs_templo_montuhotep_002-1434.JPG\"\n                    width=\"120\"\n                    height=\"90\"\n                    style=\"max-width:100%;\"\n                \/>\n            <\/a>\n        <\/div>\n\t\t\t\t\t\t\t<\/div> \n\t\t\t\n        \n\t\t\t\t<div id=\"ngg-image-2\" class=\"ngg-gallery-thumbnail-box\" >\n\t\t\t\t        <div class=\"ngg-gallery-thumbnail\">\n            <a href=\"http:\/\/amigosdelantiguoegipto.com\/wp-content\/gallery\/tebas-occidental-templo-de-mentuhotep\/templo_montuhotep_003-1428.JPG\"\n               title=\"\"\n               data-src=\"http:\/\/amigosdelantiguoegipto.com\/wp-content\/gallery\/tebas-occidental-templo-de-mentuhotep\/templo_montuhotep_003-1428.JPG\"\n               data-thumbnail=\"http:\/\/amigosdelantiguoegipto.com\/wp-content\/gallery\/tebas-occidental-templo-de-mentuhotep\/thumbs\/thumbs_templo_montuhotep_003-1428.JPG\"\n               data-image-id=\"6229\"\n               data-title=\"templo_montuhotep_003-1428\"\n               data-description=\"\"\n               data-image-slug=\"templo_montuhotep_003-1428\"\n               class=\"ngg-fancybox\" rel=\"f42c049a0784ceb0830f71c413b577d7\">\n                <img\n                    title=\"templo_montuhotep_003-1428\"\n                    alt=\"templo_montuhotep_003-1428\"\n                    src=\"http:\/\/amigosdelantiguoegipto.com\/wp-content\/gallery\/tebas-occidental-templo-de-mentuhotep\/thumbs\/thumbs_templo_montuhotep_003-1428.JPG\"\n                    width=\"120\"\n                    height=\"90\"\n                    style=\"max-width:100%;\"\n                \/>\n            <\/a>\n        <\/div>\n\t\t\t\t\t\t\t<\/div> \n\t\t\t\n        \n\t\t\t\t<div id=\"ngg-image-3\" class=\"ngg-gallery-thumbnail-box\" >\n\t\t\t\t        <div class=\"ngg-gallery-thumbnail\">\n            <a href=\"http:\/\/amigosdelantiguoegipto.com\/wp-content\/gallery\/tebas-occidental-templo-de-mentuhotep\/templo_montuhotep_004-1429.JPG\"\n               title=\"\"\n               data-src=\"http:\/\/amigosdelantiguoegipto.com\/wp-content\/gallery\/tebas-occidental-templo-de-mentuhotep\/templo_montuhotep_004-1429.JPG\"\n               data-thumbnail=\"http:\/\/amigosdelantiguoegipto.com\/wp-content\/gallery\/tebas-occidental-templo-de-mentuhotep\/thumbs\/thumbs_templo_montuhotep_004-1429.JPG\"\n               data-image-id=\"6231\"\n               data-title=\"templo_montuhotep_004-1429\"\n               data-description=\"\"\n               data-image-slug=\"templo_montuhotep_004-1429\"\n               class=\"ngg-fancybox\" rel=\"f42c049a0784ceb0830f71c413b577d7\">\n                <img\n                    title=\"templo_montuhotep_004-1429\"\n                    alt=\"templo_montuhotep_004-1429\"\n                    src=\"http:\/\/amigosdelantiguoegipto.com\/wp-content\/gallery\/tebas-occidental-templo-de-mentuhotep\/thumbs\/thumbs_templo_montuhotep_004-1429.JPG\"\n                    width=\"120\"\n                    height=\"90\"\n                    style=\"max-width:100%;\"\n                \/>\n            <\/a>\n        <\/div>\n\t\t\t\t\t\t\t<\/div> \n\t\t\t\n        \n\t\t\t\t<div id=\"ngg-image-4\" class=\"ngg-gallery-thumbnail-box\" >\n\t\t\t\t        <div class=\"ngg-gallery-thumbnail\">\n            <a href=\"http:\/\/amigosdelantiguoegipto.com\/wp-content\/gallery\/tebas-occidental-templo-de-mentuhotep\/templo_montuhotep_005-1427.JPG\"\n               title=\"\"\n               data-src=\"http:\/\/amigosdelantiguoegipto.com\/wp-content\/gallery\/tebas-occidental-templo-de-mentuhotep\/templo_montuhotep_005-1427.JPG\"\n               data-thumbnail=\"http:\/\/amigosdelantiguoegipto.com\/wp-content\/gallery\/tebas-occidental-templo-de-mentuhotep\/thumbs\/thumbs_templo_montuhotep_005-1427.JPG\"\n               data-image-id=\"6233\"\n               data-title=\"templo_montuhotep_005-1427\"\n               data-description=\"\"\n               data-image-slug=\"templo_montuhotep_005-1427\"\n               class=\"ngg-fancybox\" rel=\"f42c049a0784ceb0830f71c413b577d7\">\n                <img\n                    title=\"templo_montuhotep_005-1427\"\n                    alt=\"templo_montuhotep_005-1427\"\n                    src=\"http:\/\/amigosdelantiguoegipto.com\/wp-content\/gallery\/tebas-occidental-templo-de-mentuhotep\/thumbs\/thumbs_templo_montuhotep_005-1427.JPG\"\n                    width=\"120\"\n                    height=\"90\"\n                    style=\"max-width:100%;\"\n                \/>\n            <\/a>\n        <\/div>\n\t\t\t\t\t\t\t<\/div> \n\t\t\t\n        \n\t\t\t\t<div id=\"ngg-image-5\" class=\"ngg-gallery-thumbnail-box\" >\n\t\t\t\t        <div class=\"ngg-gallery-thumbnail\">\n            <a href=\"http:\/\/amigosdelantiguoegipto.com\/wp-content\/gallery\/tebas-occidental-templo-de-mentuhotep\/templo_montuhotep_006-1423.JPG\"\n               title=\"\"\n               data-src=\"http:\/\/amigosdelantiguoegipto.com\/wp-content\/gallery\/tebas-occidental-templo-de-mentuhotep\/templo_montuhotep_006-1423.JPG\"\n               data-thumbnail=\"http:\/\/amigosdelantiguoegipto.com\/wp-content\/gallery\/tebas-occidental-templo-de-mentuhotep\/thumbs\/thumbs_templo_montuhotep_006-1423.JPG\"\n               data-image-id=\"6235\"\n               data-title=\"templo_montuhotep_006-1423\"\n               data-description=\"\"\n               data-image-slug=\"templo_montuhotep_006-1423\"\n               class=\"ngg-fancybox\" rel=\"f42c049a0784ceb0830f71c413b577d7\">\n                <img\n                    title=\"templo_montuhotep_006-1423\"\n                    alt=\"templo_montuhotep_006-1423\"\n                    src=\"http:\/\/amigosdelantiguoegipto.com\/wp-content\/gallery\/tebas-occidental-templo-de-mentuhotep\/thumbs\/thumbs_templo_montuhotep_006-1423.JPG\"\n                    width=\"120\"\n                    height=\"90\"\n                    style=\"max-width:100%;\"\n                \/>\n            <\/a>\n        <\/div>\n\t\t\t\t\t\t\t<\/div> \n\t\t\t\n        \n\t\t\t\t<div id=\"ngg-image-6\" class=\"ngg-gallery-thumbnail-box\" >\n\t\t\t\t        <div class=\"ngg-gallery-thumbnail\">\n            <a href=\"http:\/\/amigosdelantiguoegipto.com\/wp-content\/gallery\/tebas-occidental-templo-de-mentuhotep\/templo_montuhotep_007-1430.JPG\"\n               title=\"\"\n               data-src=\"http:\/\/amigosdelantiguoegipto.com\/wp-content\/gallery\/tebas-occidental-templo-de-mentuhotep\/templo_montuhotep_007-1430.JPG\"\n               data-thumbnail=\"http:\/\/amigosdelantiguoegipto.com\/wp-content\/gallery\/tebas-occidental-templo-de-mentuhotep\/thumbs\/thumbs_templo_montuhotep_007-1430.JPG\"\n               data-image-id=\"6237\"\n               data-title=\"templo_montuhotep_007-1430\"\n               data-description=\"\"\n               data-image-slug=\"templo_montuhotep_007-1430\"\n               class=\"ngg-fancybox\" rel=\"f42c049a0784ceb0830f71c413b577d7\">\n                <img\n                    title=\"templo_montuhotep_007-1430\"\n                    alt=\"templo_montuhotep_007-1430\"\n                    src=\"http:\/\/amigosdelantiguoegipto.com\/wp-content\/gallery\/tebas-occidental-templo-de-mentuhotep\/thumbs\/thumbs_templo_montuhotep_007-1430.JPG\"\n                    width=\"120\"\n                    height=\"90\"\n                    style=\"max-width:100%;\"\n                \/>\n            <\/a>\n        <\/div>\n\t\t\t\t\t\t\t<\/div> \n\t\t\t\n        \n\t\t\t\t<div id=\"ngg-image-7\" class=\"ngg-gallery-thumbnail-box\" >\n\t\t\t\t        <div class=\"ngg-gallery-thumbnail\">\n            <a href=\"http:\/\/amigosdelantiguoegipto.com\/wp-content\/gallery\/tebas-occidental-templo-de-mentuhotep\/templo_montuhotep_008-1431.JPG\"\n               title=\"\"\n               data-src=\"http:\/\/amigosdelantiguoegipto.com\/wp-content\/gallery\/tebas-occidental-templo-de-mentuhotep\/templo_montuhotep_008-1431.JPG\"\n               data-thumbnail=\"http:\/\/amigosdelantiguoegipto.com\/wp-content\/gallery\/tebas-occidental-templo-de-mentuhotep\/thumbs\/thumbs_templo_montuhotep_008-1431.JPG\"\n               data-image-id=\"6239\"\n               data-title=\"templo_montuhotep_008-1431\"\n               data-description=\"\"\n               data-image-slug=\"templo_montuhotep_008-1431\"\n               class=\"ngg-fancybox\" rel=\"f42c049a0784ceb0830f71c413b577d7\">\n                <img\n                    title=\"templo_montuhotep_008-1431\"\n                    alt=\"templo_montuhotep_008-1431\"\n                    src=\"http:\/\/amigosdelantiguoegipto.com\/wp-content\/gallery\/tebas-occidental-templo-de-mentuhotep\/thumbs\/thumbs_templo_montuhotep_008-1431.JPG\"\n                    width=\"120\"\n                    height=\"90\"\n                    style=\"max-width:100%;\"\n                \/>\n            <\/a>\n        <\/div>\n\t\t\t\t\t\t\t<\/div> \n\t\t\t\n        \n\t\t\t\t<div id=\"ngg-image-8\" class=\"ngg-gallery-thumbnail-box\" >\n\t\t\t\t        <div class=\"ngg-gallery-thumbnail\">\n            <a href=\"http:\/\/amigosdelantiguoegipto.com\/wp-content\/gallery\/tebas-occidental-templo-de-mentuhotep\/templo_montuhotep_009-1425.JPG\"\n               title=\"\"\n               data-src=\"http:\/\/amigosdelantiguoegipto.com\/wp-content\/gallery\/tebas-occidental-templo-de-mentuhotep\/templo_montuhotep_009-1425.JPG\"\n               data-thumbnail=\"http:\/\/amigosdelantiguoegipto.com\/wp-content\/gallery\/tebas-occidental-templo-de-mentuhotep\/thumbs\/thumbs_templo_montuhotep_009-1425.JPG\"\n               data-image-id=\"6241\"\n               data-title=\"templo_montuhotep_009-1425\"\n               data-description=\"\"\n               data-image-slug=\"templo_montuhotep_009-1425\"\n               class=\"ngg-fancybox\" rel=\"f42c049a0784ceb0830f71c413b577d7\">\n                <img\n                    title=\"templo_montuhotep_009-1425\"\n                    alt=\"templo_montuhotep_009-1425\"\n                    src=\"http:\/\/amigosdelantiguoegipto.com\/wp-content\/gallery\/tebas-occidental-templo-de-mentuhotep\/thumbs\/thumbs_templo_montuhotep_009-1425.JPG\"\n                    width=\"120\"\n                    height=\"90\"\n                    style=\"max-width:100%;\"\n                \/>\n            <\/a>\n        <\/div>\n\t\t\t\t\t\t\t<\/div> \n\t\t\t\n        \n\t\t\t\t<div id=\"ngg-image-9\" class=\"ngg-gallery-thumbnail-box\" >\n\t\t\t\t        <div class=\"ngg-gallery-thumbnail\">\n            <a href=\"http:\/\/amigosdelantiguoegipto.com\/wp-content\/gallery\/tebas-occidental-templo-de-mentuhotep\/templo_montuhotep_010-1432.JPG\"\n               title=\"\"\n               data-src=\"http:\/\/amigosdelantiguoegipto.com\/wp-content\/gallery\/tebas-occidental-templo-de-mentuhotep\/templo_montuhotep_010-1432.JPG\"\n               data-thumbnail=\"http:\/\/amigosdelantiguoegipto.com\/wp-content\/gallery\/tebas-occidental-templo-de-mentuhotep\/thumbs\/thumbs_templo_montuhotep_010-1432.JPG\"\n               data-image-id=\"6243\"\n               data-title=\"templo_montuhotep_010-1432\"\n               data-description=\"\"\n               data-image-slug=\"templo_montuhotep_010-1432\"\n               class=\"ngg-fancybox\" rel=\"f42c049a0784ceb0830f71c413b577d7\">\n                <img\n                    title=\"templo_montuhotep_010-1432\"\n                    alt=\"templo_montuhotep_010-1432\"\n                    src=\"http:\/\/amigosdelantiguoegipto.com\/wp-content\/gallery\/tebas-occidental-templo-de-mentuhotep\/thumbs\/thumbs_templo_montuhotep_010-1432.JPG\"\n                    width=\"120\"\n                    height=\"90\"\n                    style=\"max-width:100%;\"\n                \/>\n            <\/a>\n        <\/div>\n\t\t\t\t\t\t\t<\/div> \n\t\t\t\n        \n\t\t\t\t<div id=\"ngg-image-10\" class=\"ngg-gallery-thumbnail-box\" >\n\t\t\t\t        <div class=\"ngg-gallery-thumbnail\">\n            <a href=\"http:\/\/amigosdelantiguoegipto.com\/wp-content\/gallery\/tebas-occidental-templo-de-mentuhotep\/templo_montuhotep_011-1421.JPG\"\n               title=\"\"\n               data-src=\"http:\/\/amigosdelantiguoegipto.com\/wp-content\/gallery\/tebas-occidental-templo-de-mentuhotep\/templo_montuhotep_011-1421.JPG\"\n               data-thumbnail=\"http:\/\/amigosdelantiguoegipto.com\/wp-content\/gallery\/tebas-occidental-templo-de-mentuhotep\/thumbs\/thumbs_templo_montuhotep_011-1421.JPG\"\n               data-image-id=\"6245\"\n               data-title=\"templo_montuhotep_011-1421\"\n               data-description=\"\"\n               data-image-slug=\"templo_montuhotep_011-1421\"\n               class=\"ngg-fancybox\" rel=\"f42c049a0784ceb0830f71c413b577d7\">\n                <img\n                    title=\"templo_montuhotep_011-1421\"\n                    alt=\"templo_montuhotep_011-1421\"\n                    src=\"http:\/\/amigosdelantiguoegipto.com\/wp-content\/gallery\/tebas-occidental-templo-de-mentuhotep\/thumbs\/thumbs_templo_montuhotep_011-1421.JPG\"\n                    width=\"120\"\n                    height=\"90\"\n                    style=\"max-width:100%;\"\n                \/>\n            <\/a>\n        <\/div>\n\t\t\t\t\t\t\t<\/div> \n\t\t\t\n        \n\t\t\t\t<div id=\"ngg-image-11\" class=\"ngg-gallery-thumbnail-box\" >\n\t\t\t\t        <div class=\"ngg-gallery-thumbnail\">\n            <a href=\"http:\/\/amigosdelantiguoegipto.com\/wp-content\/gallery\/tebas-occidental-templo-de-mentuhotep\/templo_montuhotep_012-1433.jpg\"\n               title=\"\"\n               data-src=\"http:\/\/amigosdelantiguoegipto.com\/wp-content\/gallery\/tebas-occidental-templo-de-mentuhotep\/templo_montuhotep_012-1433.jpg\"\n               data-thumbnail=\"http:\/\/amigosdelantiguoegipto.com\/wp-content\/gallery\/tebas-occidental-templo-de-mentuhotep\/thumbs\/thumbs_templo_montuhotep_012-1433.jpg\"\n               data-image-id=\"6247\"\n               data-title=\"templo_montuhotep_012-1433\"\n               data-description=\"\"\n               data-image-slug=\"templo_montuhotep_012-1433\"\n               class=\"ngg-fancybox\" rel=\"f42c049a0784ceb0830f71c413b577d7\">\n                <img\n                    title=\"templo_montuhotep_012-1433\"\n                    alt=\"templo_montuhotep_012-1433\"\n                    src=\"http:\/\/amigosdelantiguoegipto.com\/wp-content\/gallery\/tebas-occidental-templo-de-mentuhotep\/thumbs\/thumbs_templo_montuhotep_012-1433.jpg\"\n                    width=\"120\"\n                    height=\"90\"\n                    style=\"max-width:100%;\"\n                \/>\n            <\/a>\n        <\/div>\n\t\t\t\t\t\t\t<\/div> \n\t\t\t\n        \n\t\t\t\t<div id=\"ngg-image-12\" class=\"ngg-gallery-thumbnail-box\" >\n\t\t\t\t        <div class=\"ngg-gallery-thumbnail\">\n            <a href=\"http:\/\/amigosdelantiguoegipto.com\/wp-content\/gallery\/tebas-occidental-templo-de-mentuhotep\/templo_montuhotep_013-1422.jpg\"\n               title=\"\"\n               data-src=\"http:\/\/amigosdelantiguoegipto.com\/wp-content\/gallery\/tebas-occidental-templo-de-mentuhotep\/templo_montuhotep_013-1422.jpg\"\n               data-thumbnail=\"http:\/\/amigosdelantiguoegipto.com\/wp-content\/gallery\/tebas-occidental-templo-de-mentuhotep\/thumbs\/thumbs_templo_montuhotep_013-1422.jpg\"\n               data-image-id=\"6249\"\n               data-title=\"templo_montuhotep_013-1422\"\n               data-description=\"\"\n               data-image-slug=\"templo_montuhotep_013-1422\"\n               class=\"ngg-fancybox\" rel=\"f42c049a0784ceb0830f71c413b577d7\">\n                <img\n                    title=\"templo_montuhotep_013-1422\"\n                    alt=\"templo_montuhotep_013-1422\"\n                    src=\"http:\/\/amigosdelantiguoegipto.com\/wp-content\/gallery\/tebas-occidental-templo-de-mentuhotep\/thumbs\/thumbs_templo_montuhotep_013-1422.jpg\"\n                    width=\"120\"\n                    height=\"90\"\n                    style=\"max-width:100%;\"\n                \/>\n            <\/a>\n        <\/div>\n\t\t\t\t\t\t\t<\/div> \n\t\t\t\n        \n\t\t\t\t<div id=\"ngg-image-13\" class=\"ngg-gallery-thumbnail-box\" >\n\t\t\t\t        <div class=\"ngg-gallery-thumbnail\">\n            <a href=\"http:\/\/amigosdelantiguoegipto.com\/wp-content\/gallery\/tebas-occidental-templo-de-mentuhotep\/templo_montuhotep_014-1426.jpg\"\n               title=\"\"\n               data-src=\"http:\/\/amigosdelantiguoegipto.com\/wp-content\/gallery\/tebas-occidental-templo-de-mentuhotep\/templo_montuhotep_014-1426.jpg\"\n               data-thumbnail=\"http:\/\/amigosdelantiguoegipto.com\/wp-content\/gallery\/tebas-occidental-templo-de-mentuhotep\/thumbs\/thumbs_templo_montuhotep_014-1426.jpg\"\n               data-image-id=\"6251\"\n               data-title=\"templo_montuhotep_014-1426\"\n               data-description=\"\"\n               data-image-slug=\"templo_montuhotep_014-1426\"\n               class=\"ngg-fancybox\" rel=\"f42c049a0784ceb0830f71c413b577d7\">\n                <img\n                    title=\"templo_montuhotep_014-1426\"\n                    alt=\"templo_montuhotep_014-1426\"\n                    src=\"http:\/\/amigosdelantiguoegipto.com\/wp-content\/gallery\/tebas-occidental-templo-de-mentuhotep\/thumbs\/thumbs_templo_montuhotep_014-1426.jpg\"\n                    width=\"120\"\n                    height=\"90\"\n                    style=\"max-width:100%;\"\n                \/>\n            <\/a>\n        <\/div>\n\t\t\t\t\t\t\t<\/div> \n\t\t\t\n        \n\t\t\n\t\t<!-- Pagination -->\n\t<div class='ngg-clear'><\/div>\t<\/div>\n\n","protected":false},"excerpt":{"rendered":"<p>Tebas occidental El complejo funerario de Mentuhotep II supuso un gran cambio respecto a las construcciones funerarias de los faraones precedentes de las Dinast\u00eda XI. Estos soberanos se hac\u00edan enterrar en tumbas con un gran patio y una fachada al fondo, que aprovechaba la vertiente de una monta\u00f1a, y con una capilla subterr\u00e1nea. Mentuhotep II reuni\u00f3 aspectos de estas tumbas&#8230;<\/p>\n<p class=\"continue-reading-button\"> <a class=\"continue-reading-link\" href=\"http:\/\/amigosdelantiguoegipto.com\/?page_id=12106\">Seguir leyendo<i class=\"crycon-right-dir\"><\/i><\/a><\/p>\n","protected":false},"author":1,"featured_media":0,"parent":0,"menu_order":0,"comment_status":"closed","ping_status":"closed","template":"","meta":{"ngg_post_thumbnail":0},"_links":{"self":[{"href":"http:\/\/amigosdelantiguoegipto.com\/index.php?rest_route=\/wp\/v2\/pages\/12106"}],"collection":[{"href":"http:\/\/amigosdelantiguoegipto.com\/index.php?rest_route=\/wp\/v2\/pages"}],"about":[{"href":"http:\/\/amigosdelantiguoegipto.com\/index.php?rest_route=\/wp\/v2\/types\/page"}],"author":[{"embeddable":true,"href":"http:\/\/amigosdelantiguoegipto.com\/index.php?rest_route=\/wp\/v2\/users\/1"}],"replies":[{"embeddable":true,"href":"http:\/\/amigosdelantiguoegipto.com\/index.php?rest_route=%2Fwp%2Fv2%2Fcomments&post=12106"}],"version-history":[{"count":0,"href":"http:\/\/amigosdelantiguoegipto.com\/index.php?rest_route=\/wp\/v2\/pages\/12106\/revisions"}],"wp:attachment":[{"href":"http:\/\/amigosdelantiguoegipto.com\/index.php?rest_route=%2Fwp%2Fv2%2Fmedia&parent=12106"}],"curies":[{"name":"wp","href":"https:\/\/api.w.org\/{rel}","templated":true}]}}