{"id":12103,"date":"2014-07-01T10:57:07","date_gmt":"2014-07-01T10:57:07","guid":{"rendered":"http:\/\/amigosdelantiguoegipto.com\/?page_id=12103"},"modified":"2014-07-01T11:28:51","modified_gmt":"2014-07-01T11:28:51","slug":"templo-de-hatshepsut-galeria-de-imagenes","status":"publish","type":"page","link":"http:\/\/amigosdelantiguoegipto.com\/?page_id=12103","title":{"rendered":"Templo de Hatshepsut &#8211; Galer\u00eda de im\u00e1genes"},"content":{"rendered":"<p><a href=\"http:\/\/amigosdelantiguoegipto.com\/?p=11010\">Tebas occidental<\/a><\/p>\n<p style=\"text-align: justify;\">El templo funerario de Hatshepsut, llamado Dyeser-dyeseru (el sagrado de los sagrados), se edific\u00f3 en Deir el-Bahari, cerca del conjunto funerario de Mentuhotep II. Senenmut, el intendente de Am\u00f3n, arquitecto de Hatshepsut y tutor de la hija de la reina, se inspir\u00f3 en el templo cercano, pero lo dot\u00f3 de una terraza m\u00e1s y de todos los elementos de los antiguos templos funerarios. Desde el templo de valle, cerca del Nilo, una avenida de esfinges con el rostro de la reina-fara\u00f3n conectaba con el templo funerario. De un jard\u00edn con palmeras, sicomoros y estanques, part\u00eda la rampa de acceso a la primera terraza. Otra rampa llevaba a la segunda terraza, donde hab\u00eda dos capillas laterales. Una de ellas estaba dedicada a Hathor y la otra a Anubis, divinidad funeraria.<\/p>\n<p style=\"text-align: justify;\">En las paredes se representaron relieves de una expedici\u00f3n al pa\u00eds del Punt, el transporte de dos obeliscos desde Asu\u00e1n hasta Karnak y el nacimiento divino de Hatshepsut, que legitimaba su ascenso al trono. El nombre moderno de Deir el-Bahari, que significa \u201cel monasterio del norte\u201d, se debe a que sobre sus ruinas se estableci\u00f3 una comunidad copta en \u00e9poca cristiana.<\/p>\n<p style=\"text-align: justify;\">Hatshepsut eligi\u00f3 para construir su templo el impresionante anfiteatro rocoso existente en la orilla oeste de Tebas, frente al gran templo de Am\u00f3n en Karnak, situado al otro lado, en la orilla este. La zona estaba dedicada a una antigua diosa Hathor como vaca celestial, que posteriormente se uni\u00f3 a la Hathor Se\u00f1ora de Occidente, relacionada adem\u00e1s con la diosa de la fertilidad.<\/p>\n<p style=\"text-align: justify;\">La zona se redescubri\u00f3 en el siglo XVIII, en que se realizaron esbozos del lugar. Posteriormente, fue visitado por Rosellini y Champollion. El primero en excavar fue Mariette, entre 1858 y 1866, dedic\u00e1ndose sobre todo a parar el expolio. Cuando \u00c9douard Naville en 1891 y despu\u00e9s Herbert Winlock y \u00c9mile Baraize, desde 1910 a 1937, lo sacaron a la luz, solamente era un mont\u00f3n de ruinas dispersas. Gracias a los trabajos realizados por la misi\u00f3n polaco-egipcia a partir de 1961 ha sido posible su reconstrucci\u00f3n.<\/p>\n<table border=\"0\" width=\"100%\" cellspacing=\"0\" cellpadding=\"0\" align=\"center\">\n<tbody>\n<tr align=\"center\">\n<td>\n<p><div id=\"attachment_12157\" style=\"width: 230px\" class=\"wp-caption aligncenter\"><a href=\"http:\/\/amigosdelantiguoegipto.com\/?page_id=12159\"><img aria-describedby=\"caption-attachment-12157\" decoding=\"async\" loading=\"lazy\" class=\"wp-image-12157 size-full\" title=\"Im\u00e1genes de 2004\" src=\"http:\/\/amigosdelantiguoegipto.com\/wp-content\/uploads\/2014\/07\/portada-templo_hatshepsut-2004.jpg\" alt=\"Im\u00e1genes de 2004\" width=\"220\" height=\"165\" srcset=\"http:\/\/amigosdelantiguoegipto.com\/wp-content\/uploads\/2014\/07\/portada-templo_hatshepsut-2004.jpg 220w, http:\/\/amigosdelantiguoegipto.com\/wp-content\/uploads\/2014\/07\/portada-templo_hatshepsut-2004-150x112.jpg 150w\" sizes=\"(max-width: 220px) 100vw, 220px\" \/><\/a><p id=\"caption-attachment-12157\" class=\"wp-caption-text\"><a href=\"http:\/\/amigosdelantiguoegipto.com\/?page_id=12159\">Im\u00e1genes de 2004<\/a><\/p><\/div><\/td>\n<td>\n<p><div id=\"attachment_12156\" style=\"width: 230px\" class=\"wp-caption aligncenter\"><a href=\"http:\/\/amigosdelantiguoegipto.com\/?page_id=12160\"><img aria-describedby=\"caption-attachment-12156\" decoding=\"async\" loading=\"lazy\" class=\"wp-image-12156 size-full\" title=\"Im\u00e1genes de 2010\" src=\"http:\/\/amigosdelantiguoegipto.com\/wp-content\/uploads\/2014\/07\/portada-templo_hatshepsut-2010.jpg\" alt=\"Im\u00e1genes de 2010\" width=\"220\" height=\"165\" srcset=\"http:\/\/amigosdelantiguoegipto.com\/wp-content\/uploads\/2014\/07\/portada-templo_hatshepsut-2010.jpg 220w, http:\/\/amigosdelantiguoegipto.com\/wp-content\/uploads\/2014\/07\/portada-templo_hatshepsut-2010-150x112.jpg 150w\" sizes=\"(max-width: 220px) 100vw, 220px\" \/><\/a><p id=\"caption-attachment-12156\" class=\"wp-caption-text\"><a href=\"http:\/\/amigosdelantiguoegipto.com\/?page_id=12160\">Im\u00e1genes de 2010<\/a><\/p><\/div><\/td>\n<\/tr>\n<\/tbody>\n<\/table>\n","protected":false},"excerpt":{"rendered":"<p>Tebas occidental El templo funerario de Hatshepsut, llamado Dyeser-dyeseru (el sagrado de los sagrados), se edific\u00f3 en Deir el-Bahari, cerca del conjunto funerario de Mentuhotep II. Senenmut, el intendente de Am\u00f3n, arquitecto de Hatshepsut y tutor de la hija de la reina, se inspir\u00f3 en el templo cercano, pero lo dot\u00f3 de una terraza m\u00e1s y de todos los elementos&#8230;<\/p>\n<p class=\"continue-reading-button\"> <a class=\"continue-reading-link\" href=\"http:\/\/amigosdelantiguoegipto.com\/?page_id=12103\">Seguir leyendo<i class=\"crycon-right-dir\"><\/i><\/a><\/p>\n","protected":false},"author":1,"featured_media":0,"parent":0,"menu_order":0,"comment_status":"closed","ping_status":"closed","template":"","meta":{"ngg_post_thumbnail":0},"_links":{"self":[{"href":"http:\/\/amigosdelantiguoegipto.com\/index.php?rest_route=\/wp\/v2\/pages\/12103"}],"collection":[{"href":"http:\/\/amigosdelantiguoegipto.com\/index.php?rest_route=\/wp\/v2\/pages"}],"about":[{"href":"http:\/\/amigosdelantiguoegipto.com\/index.php?rest_route=\/wp\/v2\/types\/page"}],"author":[{"embeddable":true,"href":"http:\/\/amigosdelantiguoegipto.com\/index.php?rest_route=\/wp\/v2\/users\/1"}],"replies":[{"embeddable":true,"href":"http:\/\/amigosdelantiguoegipto.com\/index.php?rest_route=%2Fwp%2Fv2%2Fcomments&post=12103"}],"version-history":[{"count":0,"href":"http:\/\/amigosdelantiguoegipto.com\/index.php?rest_route=\/wp\/v2\/pages\/12103\/revisions"}],"wp:attachment":[{"href":"http:\/\/amigosdelantiguoegipto.com\/index.php?rest_route=%2Fwp%2Fv2%2Fmedia&parent=12103"}],"curies":[{"name":"wp","href":"https:\/\/api.w.org\/{rel}","templated":true}]}}