{"id":105,"date":"2005-07-12T01:00:00","date_gmt":"2005-07-12T01:00:00","guid":{"rendered":"http:\/\/amigosdelantiguoegipto.com\/kent-r-weeks\/"},"modified":"2014-07-04T07:57:56","modified_gmt":"2014-07-04T07:57:56","slug":"kent-r-weeks","status":"publish","type":"page","link":"http:\/\/amigosdelantiguoegipto.com\/?page_id=105","title":{"rendered":"Kent R. Weeks"},"content":{"rendered":"<p style=\"text-align: justify;\"><a href=\"http:\/\/amigosdelantiguoegipto.com\/?p=12624\">Entrevistas a egipt\u00f3logos<\/a><\/p>\n<p style=\"text-align: right;\">Nacho Ares &#8211; Marzo <span class=\"createdate\">de 2005<\/span><\/p>\n<p style=\"text-align: justify;\"><strong>Profesor de egiptolog\u00eda de la Universidad Americana de El Cairo y fundador y director del <a href=\"http:\/\/www.thebanmappingproject.com\/\" target=\"_blank\">Theban Mapping Project<\/a>.<br \/>\n<\/strong><em>Entrevista realizada el 17 de marzo de 2005 en Madrid<\/em><\/p>\n<p style=\"text-align: justify;\">Kent Weeks lleva casi tres d\u00e9cadas trabajando en uno de los lugares m\u00e1s apasionantes desde el punto de vista arqueol\u00f3gico de todo Egipto y, casi me atrever\u00eda a decir, de gran parte del planeta. El Valle de los Reyes, inmerso en la monta\u00f1a tebana de Luxor, cuenta con una de las excavaciones m\u00e1s fruct\u00edferas que ha dado el pa\u00eds en los \u00faltimos a\u00f1os. La KV5, m\u00e1s conocida como la Tumba de los Hijos de Rams\u00e9s, es el feudo de trabajo de este americano.<\/p>\n<div id=\"attachment_102\" style=\"width: 310px\" class=\"wp-caption aligncenter\"><img aria-describedby=\"caption-attachment-102\" decoding=\"async\" loading=\"lazy\" class=\"wp-image-102 size-full\" title=\"Kent R. Weeks\" src=\"http:\/\/amigosdelantiguoegipto.com\/wp-content\/uploads\/varios\/entrevistas\/2005\/07\/weeks01.jpg\" alt=\"Kent R. Weeks\" width=\"300\" height=\"400\" align=\"middle\" border=\"0\" hspace=\"6\" \/><p id=\"caption-attachment-102\" class=\"wp-caption-text\">Kent R. Weeks<\/p><\/div>\n<p style=\"text-align: justify;\">Kent R. Weeks es profesor de egiptolog\u00eda de la Universidad Americana de El Cairo (AUC) y fundador y director del <em>Theban Mapping Project<\/em>. Este proyecto viene desarrollando en las \u00faltimas tres d\u00e9cadas, gracias a este fascinante plan arqueol\u00f3gico, la obtenci\u00f3n de un mapa definitivo de toda la necr\u00f3polis tebana, incluyendo detallados planos de las tumbas.<\/p>\n<p style=\"text-align: justify;\">La campa\u00f1a de 1989 en el Valle de los Reyes inclu\u00eda la b\u00fasqueda de una tumba perdida, la KV5 (Valle de los Reyes 5), descubierta en 1825 por James Burton y desde entonces olvidada hasta el punto de que las excavaciones posteriores la taparon con escombros. Tras una r\u00e1pida y afortunada localizaci\u00f3n, el equipo de Weeks se dispuso a realizar una inspecci\u00f3n con el fin de comprobar la exactitud del croquis realizado por Burton. No solamente se confirm\u00f3 la precisi\u00f3n de dicho plano sino que se hallaron casi 150 salas m\u00e1s. Kent Weeks acababa de descubrir la tumba m\u00e1s grande de Egipto, la tumba de los hijos de Rams\u00e9s II (1298-1232 a. C.).<\/p>\n<p style=\"text-align: justify;\"><strong>\u00bfCu\u00e1l fue su primera impresi\u00f3n de la tumba?<\/strong><\/p>\n<p style=\"text-align: justify;\">Normalmente en el Valle de los Reyes cada tumba era construida para una sola persona. Lo extraordinario de la KV5 es que all\u00ed fueron enterrados muchos de los hijos de Rams\u00e9s II. Hemos encontrado varias momias y sobre los muros numerosas representaciones de los hijos de Rams\u00e9s con sus respectivos nombres. Muchos de ellos ocuparon cargos importantes dentro de la corte de Rams\u00e9s. Si pensamos que este fara\u00f3n rein\u00f3 durante casi 67 a\u00f1os, muriendo a los 90, y que la media de edad en el antiguo Egipto estaba entre los 30 y los 35 a\u00f1os, no es extra\u00f1o que fallecieran muchos de sus hijos antes que el propio rey&#8221;.<\/p>\n<p class=\"img\"><img decoding=\"async\" loading=\"lazy\" class=\" size-full wp-image-103 alignleft\" title=\"Kent R. Weeks\" src=\"http:\/\/amigosdelantiguoegipto.com\/wp-content\/uploads\/varios\/entrevistas\/2005\/07\/weeks03.jpg\" alt=\"Kent R. Weeks\" width=\"400\" height=\"266\" align=\"middle\" border=\"0\" hspace=\"6\" \/><\/p>\n<p style=\"text-align: justify;\">Quiz\u00e1 lo m\u00e1s importante del hallazgo es la tumba en s\u00ed. Pensemos que no hemos descubierto algo como la tumba de Tutankham\u00f3n, repleta de figuras y oro por todas partes. Gracias a un papiro de Tur\u00edn en donde se habla de un juicio realizado a ladrones de tumbas, conocemos incluso los nombres de los saqueadores que llegaron hasta la KV5 hace m\u00e1s de 3.000 a\u00f1os. Tambi\u00e9n hay que contar los da\u00f1os realizados por las inundaciones de la zona a lo largo de estos siglos. Las aguas arrastraban todo lo que se encontraban por delante. A\u00fan as\u00ed, hemos encontrado cientos de fragmentos de la decoraci\u00f3n de las paredes, de vasos de alabastro, sarc\u00f3fagos de madera y granito, fragmentos de estatuas, etc\u00e9tera.<\/p>\n<p style=\"text-align: justify;\">El trabajo es lento aunque apasionante. La excavaci\u00f3n de esta tumba es algo que durar\u00e1 varias generaciones de arque\u00f3logos. No solamente por el trabajo de campo que queda por hacer sino por las diferentes l\u00edneas de investigaci\u00f3n que posee la egiptolog\u00eda con el paso del tiempo.<\/p>\n<p style=\"text-align: justify;\"><strong>\u00bfQu\u00e9 parte de medi\u00e1tico y qu\u00e9 de cient\u00edfico hay en un proyecto como el de \u201c<em>El castigo de Rams\u00e9s: \u00bfdivino o terrenal?<\/em>\u201d de Discovery Channel?<\/strong><\/p>\n<p style=\"text-align: justify;\">Nosotros somos cient\u00edficos. No voy a negar que la espectacularidad de los hallazgos que se han realizado en la KV5 podr\u00edan dar pie a propaganda medi\u00e1tica. Sin embargo, \u00e9se no es nuestro trabajo. Nosotros hemos descubierto un cr\u00e1neo con muchas posibilidades de haber pertenecido a Amun-her-khepeshef, el primog\u00e9nito de Rams\u00e9s II. De \u00e9l se dice en la Biblia que falleci\u00f3 debido a una de las plagas que Dios mand\u00f3 sobre Egipto al no dejar salir a su pueblo. Ahora bien, tenemos varios inconvenientes. No sabemos a ciencia cierta si esa descripci\u00f3n hace referencia a un hecho hist\u00f3rico que sucedi\u00f3 realmente en Egipto y que, adem\u00e1s, fue durante el reinado de Rams\u00e9s II. No obstante, el estudio del cr\u00e1neo podr\u00eda dar una nueva v\u00eda de investigaci\u00f3n para hacer encajar las piezas de este puzzle hist\u00f3rico desde otro punto de vista. Si descubrimos que la muerte de Amun-her-khepeshef se debi\u00f3 a un hecho an\u00f3malo, ah\u00ed tenemos una prueba que podr\u00eda encajar con la historia tradicional.<\/p>\n<p class=\"img\" style=\"text-align: justify;\"><img decoding=\"async\" loading=\"lazy\" class=\"alignright wp-image-104 \" title=\"Kent R. Weeks\" src=\"http:\/\/amigosdelantiguoegipto.com\/wp-content\/uploads\/varios\/entrevistas\/2005\/07\/weeks02.jpg\" alt=\"Kent R. Weeks\" width=\"209\" height=\"314\" align=\"middle\" border=\"0\" hspace=\"6\" \/><\/p>\n<p style=\"text-align: justify;\">Sin embargo, tal y como se ve en el documental, no fue as\u00ed como sucedi\u00f3. La calavera de Amun-her-khepeshef presentaba una fractura con hundimiento en la parte superior de la cabeza que pudo haberse producido en el momento de la muerte y ser la causa del fallecimiento. Todo parec\u00eda indicar que la herida se produjo mediante el empleo de un objeto no punzante que golpe\u00f3 el cr\u00e1neo, lo que demuestran las l\u00edneas que parten del centro. Por lo tanto, Amun-her-khepeshef muri\u00f3 de muerte natural, me refiero a nada que se debiera a una supuesta plaga divina. Si realmente el programa de Discovery hubiera pretendido hacer una historia m\u00e1s sensacionalista no se habr\u00eda llegado a esa conclusi\u00f3n ni, por supuesto, nuestro grupo se habr\u00eda prestado a ello.<\/p>\n<p style=\"text-align: justify;\">Tenemos que agradecer a Discovery Channel la propuesta que nos hizo. Si no llega a ser por ellos seguramente no podr\u00edamos haber hecho la excelente investigaci\u00f3n que se ha desarrollado en torno a esta calavera y algo tambi\u00e9n muy interesante, su comparaci\u00f3n con el rostro de Rams\u00e9s II cuya momia se conserva en el Museo de El Cairo.<\/p>\n<p style=\"text-align: justify;\"><strong>Por cierto&#8230; \u00bfsigue teniendo las mismas dudas que hace 30 a\u00f1os de las momias reales de este museo?<\/strong><\/p>\n<p style=\"text-align: justify;\">Cuando examinamos las momias reales en el Museo de El Cairo, all\u00e1 por los a\u00f1os 70, identificamos por primera vez este problema. Nos dimos cuenta de ello porque cuando los pat\u00f3logos miraron las placas obtenidas de las momias descubiertas en 1881 en el escondite real de Deir el Bahari, la primera pregunta que se hicieron fue: \u2018\u00bfcu\u00e1l es la edad en la que murieron estas personas?\u2019. Se\u00f1alaron, por ejemplo, \u2018este individuo muri\u00f3 cuando solamente ten\u00eda 20 a\u00f1os de edad\u2019. Con esos datos en la mano lo que hicimos fue ir a las fuentes hist\u00f3ricas. Entonces nos dimos cuenta de que la persona supuestamente identificada con esa momia hab\u00eda vivido hasta los 55 a\u00f1os. La pregunta es clara, \u00bfc\u00f3mo resuelves el problema de tener por un lado los restos de una persona que muri\u00f3 con 20 a\u00f1os y que la historia nos dice que lleg\u00f3 a vivir hasta los 55? Hab\u00eda algo que no encajaba. La primera respuesta que se nos ocurri\u00f3 es que cuando las momias fueron llevadas desde sus enterramientos originales en el Valle de los Reyes hasta este escondite, las etiquetas que cubr\u00edan e identificaban los cuerpos se debieron de desprender. Entonces, alguien vino y quiz\u00e1 con precipitaci\u00f3n, las fue reasignando coloc\u00e1ndolas en las momias equivocadas. De esta forma, hoy tenemos casi una treintena de momias reales en el Museo de El Cairo que est\u00e1n mal identificadas. Llevando este problema a la KV5 vemos que nos encontramos con algo parecido. En la tumba de los hijos de Rams\u00e9s hemos encontrado numerosos cuerpos. Si partimos de un an\u00e1lisis antropom\u00e9trico facial, el estudio estad\u00edstico nos dice que tal momia es m\u00e1s parecida a \u00e9sta que a esta otra. Realizando este tipo de estudios comparativos en las momias del Museo de El Cairo podemos afirmar con certeza que esta momia, por ejemplo, tiene m\u00e1s posibilidades de ser Amenofis II que Tutmosis III. Con estos cambios y bas\u00e1ndonos en esta clase de estudios estad\u00edsticos descubrimos que la identificaci\u00f3n de las momias encaja perfectamente en una nueva recolocaci\u00f3n de todas ellas, en todos los sentidos, incluyendo la edad a la que debieron de morir. Por lo tanto, es cierto que hay muchas momias que est\u00e1n mal identificadas y que las investigaciones de E. Wente y Jim Harris proporcionaron datos y posibilidades muy, pero que muy acertadas.<\/p>\n<p style=\"text-align: justify;\"><strong>\u00bfYa sabe qui\u00e9n le va a sustituir en la KV 5?<\/strong><\/p>\n<p style=\"text-align: justify;\">Es algo que no me planteo. De momento contamos con un equipo magn\u00edfico con el que trabajamos al d\u00eda en los descubrimientos que vamos realizando en cada campa\u00f1a. El futuro en la KV5 es muy prometedor. No se conseguir\u00e1 acabar el trabajo hasta dentro de varias generaciones, por lo que queda mucho por hacer. Lo m\u00e1s importante ahora es dejarlo todo lo mejor posible para que aquellos que contin\u00faen el trabajo en un futuro puedan hacerlo en las mejores condiciones posibles.<\/p>\n","protected":false},"excerpt":{"rendered":"<p>Entrevistas a egipt\u00f3logos Nacho Ares &#8211; Marzo de 2005 Profesor de egiptolog\u00eda de la Universidad Americana de El Cairo y fundador y director del Theban Mapping Project. Entrevista realizada el 17 de marzo de 2005 en Madrid Kent Weeks lleva casi tres d\u00e9cadas trabajando en uno de los lugares m\u00e1s apasionantes desde el punto de vista arqueol\u00f3gico de todo Egipto&#8230;<\/p>\n<p class=\"continue-reading-button\"> <a class=\"continue-reading-link\" href=\"http:\/\/amigosdelantiguoegipto.com\/?page_id=105\">Seguir leyendo<i class=\"crycon-right-dir\"><\/i><\/a><\/p>\n","protected":false},"author":1,"featured_media":0,"parent":0,"menu_order":28,"comment_status":"closed","ping_status":"closed","template":"","meta":{"ngg_post_thumbnail":0},"_links":{"self":[{"href":"http:\/\/amigosdelantiguoegipto.com\/index.php?rest_route=\/wp\/v2\/pages\/105"}],"collection":[{"href":"http:\/\/amigosdelantiguoegipto.com\/index.php?rest_route=\/wp\/v2\/pages"}],"about":[{"href":"http:\/\/amigosdelantiguoegipto.com\/index.php?rest_route=\/wp\/v2\/types\/page"}],"author":[{"embeddable":true,"href":"http:\/\/amigosdelantiguoegipto.com\/index.php?rest_route=\/wp\/v2\/users\/1"}],"replies":[{"embeddable":true,"href":"http:\/\/amigosdelantiguoegipto.com\/index.php?rest_route=%2Fwp%2Fv2%2Fcomments&post=105"}],"version-history":[{"count":0,"href":"http:\/\/amigosdelantiguoegipto.com\/index.php?rest_route=\/wp\/v2\/pages\/105\/revisions"}],"wp:attachment":[{"href":"http:\/\/amigosdelantiguoegipto.com\/index.php?rest_route=%2Fwp%2Fv2%2Fmedia&parent=105"}],"curies":[{"name":"wp","href":"https:\/\/api.w.org\/{rel}","templated":true}]}}