{"id":104,"date":"2004-01-01T01:55:00","date_gmt":"2004-01-01T01:55:00","guid":{"rendered":"http:\/\/amigosdelantiguoegipto.com\/gran-diccionario-de-mitologia-egipcia-entradas-letra-e\/"},"modified":"2015-04-02T09:49:00","modified_gmt":"2015-04-02T09:49:00","slug":"gran-diccionario-de-mitologia-egipcia-entradas-letra-e","status":"publish","type":"page","link":"http:\/\/amigosdelantiguoegipto.com\/?page_id=104","title":{"rendered":"Gran Diccionario de Mitolog\u00eda Egipcia &#8211; Letra E"},"content":{"rendered":"<p style=\"text-align: center;\">[<a href=\"http:\/\/amigosdelantiguoegipto.com\/?p=12384\">Introducci\u00f3n<\/a>]<br \/>\n[<a title=\"Gran Diccionario de Mitolog\u00eda Egipcia \u2013 Letra A\" href=\"http:\/\/amigosdelantiguoegipto.com\/?page_id=12353\">A<\/a>] [<a title=\"Gran Diccionario de Mitolog\u00eda Egipcia \u2013 Letra B\" href=\"http:\/\/amigosdelantiguoegipto.com\/?page_id=93\">B<\/a>] [<a title=\"Gran Diccionario de Mitolog\u00eda Egipcia \u2013 Letra C\" href=\"http:\/\/amigosdelantiguoegipto.com\/?page_id=94\">C<\/a>] [<a title=\"Gran Diccionario de Mitolog\u00eda Egipcia \u2013 Letra D\" href=\"http:\/\/amigosdelantiguoegipto.com\/?page_id=100\">D<\/a>] [E] [<a title=\"Gran Diccionario de Mitolog\u00eda Egipcia \u2013 Letra F\" href=\"http:\/\/amigosdelantiguoegipto.com\/?page_id=12354\">F<\/a>] [<a title=\"Gran Diccionario de Mitolog\u00eda Egipcia \u2013 Letra G\" href=\"http:\/\/amigosdelantiguoegipto.com\/?page_id=12355\">G<\/a>] [<a title=\"Gran Diccionario de Mitolog\u00eda Egipcia \u2013 Letra H\" href=\"http:\/\/amigosdelantiguoegipto.com\/?page_id=202\">H<\/a>] [<a title=\"Gran Diccionario de Mitolog\u00eda Egipcia \u2013 Letra I\" href=\"http:\/\/amigosdelantiguoegipto.com\/?page_id=231\">I<\/a>] [<a title=\"Gran Diccionario de Mitolog\u00eda Egipcia \u2013 Letra J\" href=\"http:\/\/amigosdelantiguoegipto.com\/?page_id=257\">J<\/a>]<br \/>\n[<a title=\"Gran Diccionario de Mitolog\u00eda Egipcia \u2013 Letra K\" href=\"http:\/\/amigosdelantiguoegipto.com\/?page_id=263\">K<\/a>] [<a title=\"Gran Diccionario de Mitolog\u00eda Egipcia \u2013 Letra M\" href=\"http:\/\/amigosdelantiguoegipto.com\/?page_id=309\">M<\/a>] [<a title=\"Gran Diccionario de Mitolog\u00eda Egipcia \u2013 Letra N\" href=\"http:\/\/amigosdelantiguoegipto.com\/?page_id=350\">N<\/a>] [<a title=\"Gran Diccionario de Mitolog\u00eda Egipcia \u2013 Letra O\" href=\"http:\/\/amigosdelantiguoegipto.com\/?page_id=368\">O<\/a>] [<a title=\"Gran Diccionario de Mitolog\u00eda Egipcia \u2013 Letra P\" href=\"http:\/\/amigosdelantiguoegipto.com\/?page_id=381\">P<\/a>] [<a title=\"Gran Diccionario de Mitolog\u00eda Egipcia \u2013 Letra Q\" href=\"http:\/\/amigosdelantiguoegipto.com\/?page_id=387\">Q<\/a>] [<a title=\"Gran Diccionario de Mitolog\u00eda Egipcia \u2013 Letra R\" href=\"http:\/\/amigosdelantiguoegipto.com\/?page_id=405\">R<\/a>] [<a title=\"Gran Diccionario de Mitolog\u00eda Egipcia \u2013 Letra S\" href=\"http:\/\/amigosdelantiguoegipto.com\/?page_id=460\">S<\/a>] [<a title=\"Gran Diccionario de Mitolog\u00eda Egipcia \u2013 Letra T\" href=\"http:\/\/amigosdelantiguoegipto.com\/?page_id=12350\">T<\/a>] [<a title=\"Gran Diccionario de Mitolog\u00eda Egipcia \u2013 Letra U\" href=\"http:\/\/amigosdelantiguoegipto.com\/?page_id=12351\">U<\/a>]<\/p>\n<p>&nbsp;<\/p>\n<p style=\"text-align: right;\">Elisa Castel Ronda &#8211; Enero de 2004<\/p>\n<h3 style=\"text-align: justify;\">EN\u00c9ADA<\/h3>\n<table border=\"0\" align=\"center\">\n<tbody>\n<tr>\n<td><\/td>\n<\/tr>\n<tr>\n<td align=\"center\" bgcolor=\"#FFFFFF\" width=\"200\"><img decoding=\"async\" loading=\"lazy\" class=\" size-full wp-image-101\" title=\"EN\u00c9ADA\" src=\"  http:\/\/amigosdelantiguoegipto.com\/wp-content\/uploads\/varios\/diccionario-mitologia\/2004\/01\/eneada.gif\" alt=\"EN\u00c9ADA\" width=\"74\" height=\"200\" border=\"0\" hspace=\"6\" \/><\/td>\n<\/tr>\n<tr>\n<td height=\"10\"><\/td>\n<\/tr>\n<tr>\n<td align=\"center\"><img decoding=\"async\" loading=\"lazy\" class=\" size-full wp-image-102\" title=\"EN\u00c9ADA\" src=\"  http:\/\/amigosdelantiguoegipto.com\/wp-content\/uploads\/varios\/diccionario-mitologia\/2004\/01\/j_eneada.gif\" alt=\"EN\u00c9ADA\" width=\"92\" height=\"44\" border=\"0\" hspace=\"6\" \/><\/td>\n<\/tr>\n<\/tbody>\n<\/table>\n<p style=\"text-align: justify;\"><strong>TRANSLITERACI\u00d3N:<\/strong> <span style=\"font-family: Transliteration; font-size: medium;\">psDt<\/span><br \/>\n<strong>NOMBRE EGIPCIO:<\/strong> PESDYET<br \/>\n<strong>NOMBRE GRIEGO\/ROMANO:<\/strong> EN\u00c9ADA<br \/>\n<strong>ICONOGRAF\u00cdA:<\/strong> Variable.<\/p>\n<p class=\"img\" style=\"text-align: justify;\"><img decoding=\"async\" loading=\"lazy\" class=\" size-full wp-image-103\" title=\"EN\u00c9ADA\" src=\"  http:\/\/amigosdelantiguoegipto.com\/wp-content\/uploads\/varios\/diccionario-mitologia\/2004\/01\/eneada2.gif\" alt=\"EN\u00c9ADA\" width=\"200\" height=\"71\" border=\"0\" hspace=\"6\" \/><\/p>\n<p style=\"text-align: justify;\"><strong>SINOPSIS:<\/strong> El t\u00e9rmino En\u00e9ada es una palabra griega que sirve para designar aquellas agrupaciones divinas que constituyen una familia, unida bajo un nexo creador del mundo y el cosmos, y que aparecen en una localidad o un \u00e1rea concreta. A pesar de que el vocablo griego alude a nueve miembros, lo cierto es que la especulaci\u00f3n teol\u00f3gica egipcia jug\u00f3 con el t\u00e9rmino, ya que el 9 es el \u201cplural de plurales\u201d, es decir, la infinitud: el todo.<br \/>\nEn Egipto coesistieron varias en\u00e9adas creadas con seres que actuaban de opuestos y complementarios; la de Heli\u00f3polis estaba formada por Atum como demiurgo; \u00e9ste cre\u00f3 a la primera pareja formada por Gueb (la tierra) y Nut (la b\u00f3veda celeste). De estos dos dioses nacieron Shu (el aire en el sentido de atm\u00f3sfera, aire seco) y Tefnut (el aire h\u00famedo), a su vez, estos tuvieron dos parejas de gemelos: Osiris, dios del M\u00e1s All\u00e1 y de lavegetaci\u00f3n, Isis, esposa de Osiris y representante del amor familiar, Seth, lo est\u00e9ril, y Neftis, cl\u00f3nica de su hermana Isis. Estos cuatro \u00faltimos dioses son los antepasados directos del rey (aunque en algunos casos tambi\u00e9n se encuentra Horus el Viejo).<br \/>\nLa En\u00e9ada heliopolitana se divid\u00eda en dos claros mitos, uno c\u00f3smico, formado por Nun, Atum-Ra, Shu, Tefnut, Gueb y Nut, y otro mon\u00e1rquico, constituido por Osiris, Isis, Seth y Neftis, al que se unir\u00eda Horus el Joven para afianzar la divinizaci\u00f3n del rey.<br \/>\nAs\u00ed encontramos:<br \/>\n1.- Un principio creativo formado por una fuerza c\u00f3smica (Atum-Ra, Shu y Tefnut), representante del cosmos ordenado.<br \/>\n2.- Un principio que personifica la vida de la naturaleza (Nut y Gueb).<br \/>\n3.- El orden pol\u00edtico que reproduce la vida del hombre (Osiris, Isis, Seth y Neftis).<br \/>\nTodos ellos dar\u00e1n vida a Maat (la justicia, el orden c\u00f3smico), necesario para que el mundo sea arm\u00f3nico y duradero.<br \/>\nAdem\u00e1s de la gran En\u00e9ada, exist\u00eda una Peque\u00f1a En\u00e9ada donde se inclu\u00edan dioses que hab\u00edan sobrepasado los l\u00edmites de su provincia, siendo \u00e9sta mucho m\u00e1s el\u00e1stica y donde ten\u00edan cabida divinidades tales como Horus, Thot, Anubis, Maat&#8230;<br \/>\nLa creaci\u00f3n seg\u00fan Heli\u00f3polis puede encontrarse, entre otros lugares, en los Textos de las Pir\u00e1mides y en el Papiro 10188 versi\u00f3n B, del Museo Brit\u00e1nico.<br \/>\nComo ejemplo de otra de las muchas En\u00e9adas que hubo en Egipto podr\u00edamos tomar la de Karnak que, en tiempos de Hatshepsut y seg\u00fan su templo funerario de Deir el-Bahari, estaba compuesta por 13 dioses. Sin embargo, en la \u201cCapilla Roja\u201d, de esta misma misma reina\/fara\u00f3n, estaba formada por 17 dioses; ambas en\u00e9adas tienen algunos miembros comunes pero ninguna coincide en n\u00famero. En \u00e9poca ram\u00e9sida seincorpora a la En\u00e9ada tebana el dios Am\u00f3n de Medinet Habu, distinto al Am\u00f3n de Karnak.<br \/>\nEn el pilono VIII, cara Norte del templo de Karnak, tambi\u00e9n est\u00e1 representada la En\u00e9ada, que en este caso se compone de 15 dioses, todos ellos presididos por Am\u00f3n. Finalmente, en el papiro Beatty IV, 8.15, la En\u00e9ada de Karnak est\u00e1 compuesta por 11 miembros y, m\u00e1s, adelante, \u00e9stos se reducen a 10.<br \/>\nTambi\u00e9n en el pilono VIII de Karnak se citan los dioses de la peque\u00f1a En\u00e9ada.<br \/>\nEn contrapartida, la En\u00e9ada de Abidos estaba compuesta s\u00f3lo por siete divinidades.<\/p>\n<hr \/>\n<p style=\"text-align: justify;\"><strong>Este trabajo es cortes\u00eda de la Editorial Aldebar\u00e1n y de su Autora Elisa Castel. Ambos nos han concedido permiso expreso para reproducir gratuitamente en nuestras p\u00e1ginas una s\u00edntesis del libro &#8220;Gran Diccionario de Mitolog\u00eda Egipcia&#8221;.<\/strong><\/p>\n","protected":false},"excerpt":{"rendered":"<p>[Introducci\u00f3n] [A] [B] [C] [D] [E] [F] [G] [H] [I] [J] [K] [M] [N] [O] [P] [Q] [R] [S] [T] [U] &nbsp; Elisa Castel Ronda &#8211; Enero de 2004 EN\u00c9ADA TRANSLITERACI\u00d3N: psDt NOMBRE EGIPCIO: PESDYET NOMBRE GRIEGO\/ROMANO: EN\u00c9ADA ICONOGRAF\u00cdA: Variable. SINOPSIS: El t\u00e9rmino En\u00e9ada es una palabra griega que sirve para designar aquellas agrupaciones divinas que constituyen una familia, unida&#8230;<\/p>\n<p class=\"continue-reading-button\"> <a class=\"continue-reading-link\" href=\"http:\/\/amigosdelantiguoegipto.com\/?page_id=104\">Seguir leyendo<i class=\"crycon-right-dir\"><\/i><\/a><\/p>\n","protected":false},"author":1,"featured_media":0,"parent":0,"menu_order":6,"comment_status":"closed","ping_status":"closed","template":"","meta":{"ngg_post_thumbnail":0},"_links":{"self":[{"href":"http:\/\/amigosdelantiguoegipto.com\/index.php?rest_route=\/wp\/v2\/pages\/104"}],"collection":[{"href":"http:\/\/amigosdelantiguoegipto.com\/index.php?rest_route=\/wp\/v2\/pages"}],"about":[{"href":"http:\/\/amigosdelantiguoegipto.com\/index.php?rest_route=\/wp\/v2\/types\/page"}],"author":[{"embeddable":true,"href":"http:\/\/amigosdelantiguoegipto.com\/index.php?rest_route=\/wp\/v2\/users\/1"}],"replies":[{"embeddable":true,"href":"http:\/\/amigosdelantiguoegipto.com\/index.php?rest_route=%2Fwp%2Fv2%2Fcomments&post=104"}],"version-history":[{"count":0,"href":"http:\/\/amigosdelantiguoegipto.com\/index.php?rest_route=\/wp\/v2\/pages\/104\/revisions"}],"wp:attachment":[{"href":"http:\/\/amigosdelantiguoegipto.com\/index.php?rest_route=%2Fwp%2Fv2%2Fmedia&parent=104"}],"curies":[{"name":"wp","href":"https:\/\/api.w.org\/{rel}","templated":true}]}}