{"id":10399,"date":"2014-07-01T07:25:57","date_gmt":"2014-07-01T07:25:57","guid":{"rendered":"http:\/\/amigosdelantiguoegipto.com\/?page_id=10399"},"modified":"2014-07-01T08:16:59","modified_gmt":"2014-07-01T08:16:59","slug":"templo-de-luxor-galeria-de-imagenes","status":"publish","type":"page","link":"http:\/\/amigosdelantiguoegipto.com\/?page_id=10399","title":{"rendered":"Templo de Luxor &#8211; Galer\u00eda de im\u00e1genes"},"content":{"rendered":"<p style=\"text-align: justify;\"><a title=\"Tebas Oriental\" href=\"http:\/\/amigosdelantiguoegipto.com\/?p=9619\">Tebas oriental<\/a><\/p>\n<p style=\"text-align: justify;\">El templo de Luxor se encuentra en el coraz\u00f3n de la antigua Tebas y al igual que el de Karnak estaba consagrado al dios local Am\u00f3n-Re, aunque en el de Luxor se veneraba a una de las manifestaciones especiales de la divinidad, tomando la forma de Min bajo la denominaci\u00f3n de Am\u00f3n-Min. Era conocido con el nombre de Opet del Sur o \u201cLugar de Retiro\u201d y a su dios con el de Amenemope o \u201cAm\u00f3n del Opet\u201d.<\/p>\n<p style=\"text-align: justify;\">El n\u00facleo del templo, tal como se conserva en la actualidad, fue construido por Amenhotep III, qui\u00e9n se hizo representar en sus paredes simbolizando su nacimiento divino. La barca de Am\u00f3n tiene una capilla construida tambi\u00e9n en \u00e9poca de este rey III y reformada por Alejandro, quien adem\u00e1s se hizo representar como fara\u00f3n junto a su padre Amon-Min en los relieves del sanctasanct\u00f3rum.<\/p>\n<p style=\"text-align: justify;\">Las obras fueron posiblemente a cargo del arquitecto Amenhotep y se llevaron a cabo en dos fases: una primera constituida por un complejo formado de m\u00faltiples dependencias sobre una plataforma elevada que hoy en d\u00eda constituye el extremo sur del templo y una segunda formada por un gran peristilo solar abierto al norte y las bases para la erecci\u00f3n de una gran columnata.<\/p>\n<p style=\"text-align: justify;\">Sin embargo, las obras se interrumpieron durante el reinado del hijo de Amenhotep III, Ajenat\u00f3n, quien intent\u00f3 ignorar todo lo relacionado con el dios Am\u00f3n. Por tanto, la columnata permaneci\u00f3 inacabada y sin decorar, hasta que ascendi\u00f3 al trono el joven Tutankham\u00f3n, quien restaur\u00f3 de nuevo el culto de Am\u00f3n en Tebas.<\/p>\n<p style=\"text-align: justify;\">La estructura permaneci\u00f3 invariable hasta que lleg\u00f3 Rameses II, quien mand\u00f3 levantar un gran patio con pilares y un pilono, construido sobre un nuevo eje, orientado hacia el este, para alinearse con el templo principal de Am\u00f3n, en Karnak ( con el que se comunicaba a trav\u00e9s de una v\u00eda procesional ) La longitud total del templo es de 260 m.<\/p>\n<p style=\"text-align: justify;\">Cuando los visitantes europeos del siglo XIX contemplaron los restos del templo de Luxor quedaron admirados por su majestuosidad. El templo se hallaba cubierto de arena, pero sobresal\u00edan los dos obeliscos de la entrada y las estatuas de Rameses II. Uno de estos obeliscos, ofrecido a Francia, se alza hoy en la plaza de la Concordia, en Par\u00eds. En el pilono del templo est\u00e1 esculpida la batalla de Qadesh y en una esquina del patio hay tres capillas dedicadas a las barcas sagradas de Am\u00f3n, Mut y Jonsu.<\/p>\n<p style=\"text-align: justify;\">El santuario estaba protegido por una muralla con varias puertas de entrada, que se abr\u00edan seg\u00fan la festividad celebrada. Al pueblo le estaba permitido acceder hasta el patio de Rameses II para contemplar la fiesta de Opep, la m\u00e1s importante de la localidad y en la que el dios viajaba desde el templo de Karnak al de Luxor a trav\u00e9s de la avenida de las esfinges.<\/p>\n<table border=\"0\" width=\"100%\" cellspacing=\"0\" cellpadding=\"0\" align=\"center\">\n<tbody>\n<tr align=\"center\">\n<td>\n<p><div id=\"attachment_10545\" style=\"width: 230px\" class=\"wp-caption aligncenter\"><a href=\"http:\/\/amigosdelantiguoegipto.com\/?page_id=10400\"><img aria-describedby=\"caption-attachment-10545\" decoding=\"async\" loading=\"lazy\" class=\"wp-image-10545 size-full\" title=\"A\u00f1o 2004\" src=\"http:\/\/amigosdelantiguoegipto.com\/wp-content\/uploads\/2014\/07\/portada-templo-luxor-2004.jpg\" alt=\"A\u00f1o 2004\" width=\"220\" height=\"165\" srcset=\"http:\/\/amigosdelantiguoegipto.com\/wp-content\/uploads\/2014\/07\/portada-templo-luxor-2004.jpg 220w, http:\/\/amigosdelantiguoegipto.com\/wp-content\/uploads\/2014\/07\/portada-templo-luxor-2004-150x112.jpg 150w\" sizes=\"(max-width: 220px) 100vw, 220px\" \/><\/a><p id=\"caption-attachment-10545\" class=\"wp-caption-text\"><a href=\"http:\/\/amigosdelantiguoegipto.com\/?page_id=10400\">A\u00f1o 2004<\/a><\/p><\/div><\/td>\n<td>\n<p><div id=\"attachment_10546\" style=\"width: 230px\" class=\"wp-caption aligncenter\"><a href=\"http:\/\/amigosdelantiguoegipto.com\/?page_id=10401\"><img aria-describedby=\"caption-attachment-10546\" decoding=\"async\" loading=\"lazy\" class=\"wp-image-10546 size-full\" title=\"A\u00f1o 2010\" src=\"http:\/\/amigosdelantiguoegipto.com\/wp-content\/uploads\/2014\/07\/portada-templo-luxor-2010.jpg\" alt=\"A\u00f1o 2010\" width=\"220\" height=\"165\" srcset=\"http:\/\/amigosdelantiguoegipto.com\/wp-content\/uploads\/2014\/07\/portada-templo-luxor-2010.jpg 220w, http:\/\/amigosdelantiguoegipto.com\/wp-content\/uploads\/2014\/07\/portada-templo-luxor-2010-150x112.jpg 150w\" sizes=\"(max-width: 220px) 100vw, 220px\" \/><\/a><p id=\"caption-attachment-10546\" class=\"wp-caption-text\"><a href=\"http:\/\/amigosdelantiguoegipto.com\/?page_id=10401\">A\u00f1o 2010<\/a><\/p><\/div><\/td>\n<\/tr>\n<\/tbody>\n<\/table>\n<p>&nbsp;<\/p>\n","protected":false},"excerpt":{"rendered":"<p>Tebas oriental El templo de Luxor se encuentra en el coraz\u00f3n de la antigua Tebas y al igual que el de Karnak estaba consagrado al dios local Am\u00f3n-Re, aunque en el de Luxor se veneraba a una de las manifestaciones especiales de la divinidad, tomando la forma de Min bajo la denominaci\u00f3n de Am\u00f3n-Min. Era conocido con el nombre de&#8230;<\/p>\n<p class=\"continue-reading-button\"> <a class=\"continue-reading-link\" href=\"http:\/\/amigosdelantiguoegipto.com\/?page_id=10399\">Seguir leyendo<i class=\"crycon-right-dir\"><\/i><\/a><\/p>\n","protected":false},"author":1,"featured_media":0,"parent":0,"menu_order":0,"comment_status":"closed","ping_status":"closed","template":"","meta":{"ngg_post_thumbnail":0},"_links":{"self":[{"href":"http:\/\/amigosdelantiguoegipto.com\/index.php?rest_route=\/wp\/v2\/pages\/10399"}],"collection":[{"href":"http:\/\/amigosdelantiguoegipto.com\/index.php?rest_route=\/wp\/v2\/pages"}],"about":[{"href":"http:\/\/amigosdelantiguoegipto.com\/index.php?rest_route=\/wp\/v2\/types\/page"}],"author":[{"embeddable":true,"href":"http:\/\/amigosdelantiguoegipto.com\/index.php?rest_route=\/wp\/v2\/users\/1"}],"replies":[{"embeddable":true,"href":"http:\/\/amigosdelantiguoegipto.com\/index.php?rest_route=%2Fwp%2Fv2%2Fcomments&post=10399"}],"version-history":[{"count":0,"href":"http:\/\/amigosdelantiguoegipto.com\/index.php?rest_route=\/wp\/v2\/pages\/10399\/revisions"}],"wp:attachment":[{"href":"http:\/\/amigosdelantiguoegipto.com\/index.php?rest_route=%2Fwp%2Fv2%2Fmedia&parent=10399"}],"curies":[{"name":"wp","href":"https:\/\/api.w.org\/{rel}","templated":true}]}}