{"id":101,"date":"2005-08-10T01:00:00","date_gmt":"2005-08-10T01:00:00","guid":{"rendered":"http:\/\/amigosdelantiguoegipto.com\/mansour-boraik-2004\/"},"modified":"2014-07-04T07:56:19","modified_gmt":"2014-07-04T07:56:19","slug":"mansour-boraik-2004","status":"publish","type":"page","link":"http:\/\/amigosdelantiguoegipto.com\/?page_id=101","title":{"rendered":"Mansour Boraik (2004)"},"content":{"rendered":"<p style=\"text-align: justify;\"><a href=\"http:\/\/amigosdelantiguoegipto.com\/?p=12624\">Entrevistas a egipt\u00f3logos<\/a><\/p>\n<p style=\"text-align: right;\">Nacho Ares &#8211; Agosto <span class=\"createdate\">de 2004<\/span><\/p>\n<p style=\"text-align: justify;\"><strong> Mansour Boraik. Inspector Jefe de las Pir\u00e1mides de Gizeh.<br \/>\n<\/strong><em>Entrevista realizada el 24 de agosto de 2004 en su oficina de la meseta de Gizeh, junto al lado norte de la Gran Pir\u00e1mide.<\/em><\/p>\n<p style=\"text-align: justify;\">Mansour es considerado la mano derecha de Zahi Hawass en la meseta, por encima incluso del director general de la planicie (Adel Hussein Mohamed). Se hizo muy popular hace poco m\u00e1s de cinco a\u00f1os por sus continuas apariciones en la televisi\u00f3n junto a Hawass en las excavaciones del oasis de Bahariya.<\/p>\n<div id=\"attachment_100\" style=\"width: 410px\" class=\"wp-caption aligncenter\"><img aria-describedby=\"caption-attachment-100\" decoding=\"async\" loading=\"lazy\" class=\"wp-image-100 size-full\" title=\"Mansour Boraik\" src=\"http:\/\/amigosdelantiguoegipto.com\/wp-content\/uploads\/varios\/entrevistas\/2005\/08\/mansour01.jpg\" alt=\"Mansour Boraik\" width=\"400\" height=\"300\" align=\"middle\" border=\"0\" hspace=\"6\" \/><p id=\"caption-attachment-100\" class=\"wp-caption-text\">Mansour Boraik<\/p><\/div>\n<p style=\"text-align: justify;\"><strong>El nuevo robot dise\u00f1ado en Singapur para explorar la puerta de Keops<\/strong><\/p>\n<p style=\"text-align: justify;\">Despu\u00e9s del proyecto que llevamos con National Geographic (en 2002) y con el que descubrimos las nuevas puertas, queremos colaborar con la U. de de Singapur para dise\u00f1ar un nuevo robot. Con \u00e9l podremos saber qu\u00e9 hay detr\u00e1s de la segunda puerta que descubrimos hace un par de a\u00f1os en la Gran Pir\u00e1mide. El proyecto se realizar\u00e1 en 2005.<\/p>\n<p style=\"text-align: justify;\"><strong>\u00bfQu\u00e9 sinti\u00f3 cuando vio esa segunda puerta?<\/strong><\/p>\n<p style=\"text-align: justify;\">Fue algo muy especial. Tenemos m\u00e1s de 100 pir\u00e1mides y la \u00fanica que cuenta con estos singulares pasajes es la Gran Pir\u00e1mide. Lo que queremos saber es para qu\u00e9 los hicieron y c\u00f3mo. Seguramente aporten tambi\u00e9n informaci\u00f3n sobre el m\u00e9todo de construcci\u00f3n de la pir\u00e1mide.<\/p>\n<p style=\"text-align: justify;\"><strong>Su opini\u00f3n sobre la teor\u00eda de Ori\u00f3n<\/strong><\/p>\n<p style=\"text-align: justify;\">Los antiguos egipcios eran grandes astr\u00f3nomos. Pero creo que la gente que plantea esta teor\u00eda no menciona en sus planos la pir\u00e1mide de Zawet el Aryan y la de Djedefre, sencillamente porque nos les encaja. Por ello creo que es simple imaginaci\u00f3n de estos autores. Los antiguos egipcios cuando constru\u00edan pir\u00e1mides no buscaban un lugar determinado con cierta relaci\u00f3n con algunas estrellas. La \u00fanica parte que s\u00ed esta vinculada a las estrellas en las pir\u00e1mides es la entrada. En la Gran Pir\u00e1mide la entrada est\u00e1 conectada al norte, a las estrellas imperecederas, siendo \u00e9ste su \u00fanico v\u00ednculo con la astronom\u00eda. La teor\u00eda, para m\u00ed, no es cierta.<\/p>\n<p style=\"text-align: justify;\"><strong>Qu\u00e9 proyectos nuevos se est\u00e1n haciendo en la meseta<\/strong><\/p>\n<p style=\"text-align: justify;\">Estamos haciendo de toda la meseta un reconocimiento con radar que empieza este a\u00f1o para ver si nos queda algo sin descubrir bajo la arena. Es algo totalmente nuevo. Adem\u00e1s, estamos construyendo nuevos edificios a la entrada para convertir todo el \u00e1rea en un gran museo al aire libre, apartando fuera del recinto de las pir\u00e1mides a los camelleros y a los de los caballos y dejando la meseta s\u00f3lo para fines arqueol\u00f3gicos.<\/p>\n<p style=\"text-align: justify;\"><strong>\u00bfQu\u00e9 van a hacer con la puerta del lado norte de la C\u00e1mara de la Reina?<\/strong><\/p>\n<p style=\"text-align: justify;\">El robot de National Geographic se detuvo ante una puerta con dos pomos met\u00e1licos, id\u00e9ntica a la que hab\u00eda en el lado sur. En el sur lo perforamos pero en esta norte no. No se puede hacer porque el trayecto no est\u00e1 en muy buenas condiciones. En todos los libros se dice que estos canales son de ventilaci\u00f3n, pero no tienen salida al exterior. La estructura del canal norte nos dice que su planificaci\u00f3n ya se encontraba en los planos originales de la pir\u00e1mide, luego no fue algo improvisado. Al ser \u00fanico en las pir\u00e1mides de Egipto, la convierten en un lugar misterioso, por lo que su estudio con el robot nos puede aportar mucha informaci\u00f3n sobre su construcci\u00f3n, tirando por tierra teor\u00edas antiguas que dec\u00edan que la Gran Pir\u00e1mide estaba levantada en etapas.<\/p>\n<p style=\"text-align: justify;\"><strong>Excavaci\u00f3n del cementerio de los constructores<\/strong><\/p>\n<p style=\"text-align: justify;\">Hemos realizado una excavaci\u00f3n del 40 % del cementerio. La retomaremos en los pr\u00f3ximos meses. Este descubrimiento nos est\u00e1 dando mucha informaci\u00f3n sobre las pir\u00e1mides ya que es la primera vez que tratamos con los que trabajaban o llevaban las piedras. Por ello seguramente en los pr\u00f3ximos meses descubriremos m\u00e1s tumbas y por lo tanto m\u00e1s secretos de los constructores de las pir\u00e1mides.<\/p>\n<p style=\"text-align: justify;\"><strong>Qu\u00e9 pas\u00f3 con el Valle de las Momias de Oro<\/strong><\/p>\n<p style=\"text-align: justify;\">Excavamos durante tres campa\u00f1as y descubrimos unas 500 momias. Descubrimos que las momias y el estilo de las tumbas era el mismo. Por eso decidimos dejar el resto in situ para preservarlas mejor, ya que sacarlas de sus lugares supondr\u00eda m\u00e1s restauraci\u00f3n, conservaci\u00f3n, trabajo, etc. en las tumbas y en las momias.<\/p>\n<p style=\"text-align: justify;\">Hemos descubierto unas seis tumbas y con todo lo que se ha sacado a la luz creo, en mi opini\u00f3n, que es suficuente para tener una idea del total del valle. Pero tambi\u00e9n por otro lado, tenemos el cementerio en Bahariya de los gobernantes del oasis. En esta pr\u00f3xima campa\u00f1a seguiremos con las tumbas que pertenecen al siglo VI a. de C.<\/p>\n<p style=\"text-align: justify;\"><strong>\u00bfHay c\u00e1maras bajo la Esfinge?<\/strong><\/p>\n<p style=\"text-align: justify;\">Como sabes, en 1978, el Instituto Stanford de EE.UU. estudi\u00f3 por radar toda la Esfinge y no descubri\u00f3 nada. Eso son teor\u00edas de la gente que piensa que la Esfinge iba a revelar ideas sobre las pir\u00e1mides y dem\u00e1s, pero que no son verdad. La Esfinge s\u00f3lo es una estatua que representa a Kefr\u00e9n, como el dios Horus, Sesepj Ankh, la imagen viviente.<\/p>\n<p style=\"text-align: justify;\"><strong>Su opini\u00f3n sobre la segunda Esfinge de Basam el Sammaa que dice que hubo una segundo esfinge junto a la conocida<\/strong><\/p>\n<p style=\"text-align: justify;\">Eso es una teor\u00eda de uno de los gu\u00edas de americanos que trajo unas fotos de la NASA y que dijo que junto al templo de Kefr\u00e9n hab\u00eda restos de una segunda Esfinge. Creo que ese \u00e1rea fue usada como cantera en la \u00e9poca de Keops para construir tumbas de los oficiales. Y encontraron ese bloque de piedra lo dejaron ah\u00ed y construyeron tumbas para los oficiales, pero decir que hay otra esfinge abajo&#8230; \u00bfPor que iba a haber una segunda esfinge? Creo que no es verdad.<\/p>\n","protected":false},"excerpt":{"rendered":"<p>Entrevistas a egipt\u00f3logos Nacho Ares &#8211; Agosto de 2004 Mansour Boraik. Inspector Jefe de las Pir\u00e1mides de Gizeh. Entrevista realizada el 24 de agosto de 2004 en su oficina de la meseta de Gizeh, junto al lado norte de la Gran Pir\u00e1mide. Mansour es considerado la mano derecha de Zahi Hawass en la meseta, por encima incluso del director general&#8230;<\/p>\n<p class=\"continue-reading-button\"> <a class=\"continue-reading-link\" href=\"http:\/\/amigosdelantiguoegipto.com\/?page_id=101\">Seguir leyendo<i class=\"crycon-right-dir\"><\/i><\/a><\/p>\n","protected":false},"author":1,"featured_media":0,"parent":0,"menu_order":27,"comment_status":"closed","ping_status":"closed","template":"","meta":{"ngg_post_thumbnail":0},"_links":{"self":[{"href":"http:\/\/amigosdelantiguoegipto.com\/index.php?rest_route=\/wp\/v2\/pages\/101"}],"collection":[{"href":"http:\/\/amigosdelantiguoegipto.com\/index.php?rest_route=\/wp\/v2\/pages"}],"about":[{"href":"http:\/\/amigosdelantiguoegipto.com\/index.php?rest_route=\/wp\/v2\/types\/page"}],"author":[{"embeddable":true,"href":"http:\/\/amigosdelantiguoegipto.com\/index.php?rest_route=\/wp\/v2\/users\/1"}],"replies":[{"embeddable":true,"href":"http:\/\/amigosdelantiguoegipto.com\/index.php?rest_route=%2Fwp%2Fv2%2Fcomments&post=101"}],"version-history":[{"count":0,"href":"http:\/\/amigosdelantiguoegipto.com\/index.php?rest_route=\/wp\/v2\/pages\/101\/revisions"}],"wp:attachment":[{"href":"http:\/\/amigosdelantiguoegipto.com\/index.php?rest_route=%2Fwp%2Fv2%2Fmedia&parent=101"}],"curies":[{"name":"wp","href":"https:\/\/api.w.org\/{rel}","templated":true}]}}